{"id":3665,"date":"2016-04-29T00:00:00","date_gmt":"2016-04-28T22:00:00","guid":{"rendered":"https:\/\/new.bulldozair.com\/registrarse-webinar\/"},"modified":"2016-04-29T00:00:00","modified_gmt":"2016-04-28T22:00:00","slug":"registrarse-webinar","status":"publish","type":"page","link":"https:\/\/www.bulldozair.com\/es\/registrarse-webinar\/","title":{"rendered":"Registrarse al Webinar"},"content":{"rendered":"<p><div><div>[minti_headline size=\u00bbfontsize-xxxl\u00bb color=\u00bb#3d464d\u00bb weight=\u00bbfontweight-300&#8243; margin=\u00bb0 0 0 0&#8243;]Webinar &#8211; Entrenamiento Online &#8211; Todos los martes[\/minti_headline]<div><\/p>\n<div class=\"headline font-inherit fontsize-m fontweight-300 lh-inherit align-center transform-inherit \" style=\"margin: 0 0 10px 0; color: #777777;\">Pr\u00f3xima sesi\u00f3n: [NEXT_TUESDAY_DATE language=\u00bbes\u00bb] a las 11 am (CET)<\/div>\n<p><\/div><\/div><\/div><div><div><div class=\"single_image wpb_content_element align-left   \" data-animation=\"none\" data-delay=\"0\"><\/div><div><strong>INTRODUCCI\u00d3N A BULLDOZAIR<\/strong><\/p>\n<p>En BulldozAIR sabemos que gestionar equipos t\u00e9cnicos en el campo es complejo y toma tiempo. Sin embargo, con \u00e9sta webinar de 20 minutos con 10 minutos para preguntas vas a aprender lo b\u00e1sico de BulldozAIR que te va a permitir entregar tus proyectos a tiempo.<\/p>\n<p><strong>Apreder\u00e1s c\u00f3mo:<\/strong><\/p>\n<ul>\n<li>Crear proyectos<\/li>\n<li>Agregar participantes a tu proyecto<\/li>\n<li>Incluir informaci\u00f3n en tus notas<\/li>\n<li>Cargar documentos<\/li>\n<li>Crear etiquetas personalizadas<\/li>\n<\/ul>\n<p><\/div><\/div><div>[minti_headline type=\u00bbh2&#8243; size=\u00bbfontsize-m\u00bb color=\u00bb#999999&#8243; align=\u00bbalign-left\u00bb margin=\u00bb0 0 30px 0&#8243;]Formulario de registro:[\/minti_headline][contact-form-7 id=\u00bb19597&#8243;]<\/div><\/div><\/p>\n","protected":false},"excerpt":{"rendered":"","protected":false},"author":2,"featured_media":0,"parent":0,"menu_order":0,"comment_status":"closed","ping_status":"closed","template":"","meta":{"content-type":"","footnotes":""},"acf":[],"yoast_head":"<!-- This site is optimized with the Yoast SEO plugin v21.8 - https:\/\/yoast.com\/wordpress\/plugins\/seo\/ -->\n<title>Registrarse al Webinar - BulldozAIR - Del campo a la oficina<\/title>\n<meta name=\"robots\" content=\"index, follow, max-snippet:-1, max-image-preview:large, max-video-preview:-1\" \/>\n<link rel=\"canonical\" href=\"https:\/\/www.bulldozair.com\/es\/registrarse-webinar\/\" \/>\n<meta property=\"og:locale\" content=\"es_ES\" \/>\n<meta property=\"og:type\" content=\"article\" \/>\n<meta property=\"og:title\" content=\"Registrarse al Webinar - BulldozAIR - Del campo a la oficina\" \/>\n<meta property=\"og:url\" content=\"https:\/\/www.bulldozair.com\/es\/registrarse-webinar\/\" \/>\n<meta property=\"og:site_name\" content=\"Mezzoteam\" \/>\n<meta name=\"twitter:card\" content=\"summary_large_image\" \/>\n<meta name=\"twitter:label1\" content=\"Tiempo de lectura\" \/>\n\t<meta name=\"twitter:data1\" content=\"1 minuto\" \/>\n<script type=\"application\/ld+json\" class=\"yoast-schema-graph\">{\"@context\":\"https:\/\/schema.org\",\"@graph\":[{\"@type\":\"WebPage\",\"@id\":\"https:\/\/www.bulldozair.com\/es\/registrarse-webinar\/\",\"url\":\"https:\/\/www.bulldozair.com\/es\/registrarse-webinar\/\",\"name\":\"Registrarse al Webinar - BulldozAIR - Del campo a la oficina\",\"isPartOf\":{\"@id\":\"https:\/\/www.bulldozair.com\/#website\"},\"datePublished\":\"2016-04-28T22:00:00+00:00\",\"dateModified\":\"2016-04-28T22:00:00+00:00\",\"inLanguage\":\"es\",\"potentialAction\":[{\"@type\":\"ReadAction\",\"target\":[\"https:\/\/www.bulldozair.com\/es\/registrarse-webinar\/\"]}]},{\"@type\":\"WebSite\",\"@id\":\"https:\/\/www.bulldozair.com\/#website\",\"url\":\"https:\/\/www.bulldozair.com\/\",\"name\":\"Mezzoteam\",\"description\":\"Construction project management software - Suivi de chantier\",\"potentialAction\":[{\"@type\":\"SearchAction\",\"target\":{\"@type\":\"EntryPoint\",\"urlTemplate\":\"https:\/\/www.bulldozair.com\/?s={search_term_string}\"},\"query-input\":\"required name=search_term_string\"}],\"inLanguage\":\"es\"}]}<\/script>\n<!-- \/ Yoast SEO plugin. -->","yoast_head_json":{"title":"Registrarse al Webinar - BulldozAIR - Del campo a la oficina","robots":{"index":"index","follow":"follow","max-snippet":"max-snippet:-1","max-image-preview":"max-image-preview:large","max-video-preview":"max-video-preview:-1"},"canonical":"https:\/\/www.bulldozair.com\/es\/registrarse-webinar\/","og_locale":"es_ES","og_type":"article","og_title":"Registrarse al Webinar - BulldozAIR - Del campo a la oficina","og_url":"https:\/\/www.bulldozair.com\/es\/registrarse-webinar\/","og_site_name":"Mezzoteam","twitter_card":"summary_large_image","twitter_misc":{"Tiempo de lectura":"1 minuto"},"schema":{"@context":"https:\/\/schema.org","@graph":[{"@type":"WebPage","@id":"https:\/\/www.bulldozair.com\/es\/registrarse-webinar\/","url":"https:\/\/www.bulldozair.com\/es\/registrarse-webinar\/","name":"Registrarse al Webinar - BulldozAIR - Del campo a la oficina","isPartOf":{"@id":"https:\/\/www.bulldozair.com\/#website"},"datePublished":"2016-04-28T22:00:00+00:00","dateModified":"2016-04-28T22:00:00+00:00","inLanguage":"es","potentialAction":[{"@type":"ReadAction","target":["https:\/\/www.bulldozair.com\/es\/registrarse-webinar\/"]}]},{"@type":"WebSite","@id":"https:\/\/www.bulldozair.com\/#website","url":"https:\/\/www.bulldozair.com\/","name":"Mezzoteam","description":"Construction project management software - Suivi de chantier","potentialAction":[{"@type":"SearchAction","target":{"@type":"EntryPoint","urlTemplate":"https:\/\/www.bulldozair.com\/?s={search_term_string}"},"query-input":"required name=search_term_string"}],"inLanguage":"es"}]}},"_links":{"self":[{"href":"https:\/\/www.bulldozair.com\/es\/wp-json\/wp\/v2\/pages\/3665"}],"collection":[{"href":"https:\/\/www.bulldozair.com\/es\/wp-json\/wp\/v2\/pages"}],"about":[{"href":"https:\/\/www.bulldozair.com\/es\/wp-json\/wp\/v2\/types\/page"}],"author":[{"embeddable":true,"href":"https:\/\/www.bulldozair.com\/es\/wp-json\/wp\/v2\/users\/2"}],"replies":[{"embeddable":true,"href":"https:\/\/www.bulldozair.com\/es\/wp-json\/wp\/v2\/comments?post=3665"}],"version-history":[{"count":0,"href":"https:\/\/www.bulldozair.com\/es\/wp-json\/wp\/v2\/pages\/3665\/revisions"}],"wp:attachment":[{"href":"https:\/\/www.bulldozair.com\/es\/wp-json\/wp\/v2\/media?parent=3665"}],"curies":[{"name":"wp","href":"https:\/\/api.w.org\/{rel}","templated":true}]}}