{"id":7488,"date":"2020-12-19T17:03:32","date_gmt":"2020-12-19T16:03:32","guid":{"rendered":"https:\/\/new.bulldozair.com\/?page_id=7488"},"modified":"2021-01-08T15:12:07","modified_gmt":"2021-01-08T14:12:07","slug":"une-plateforme-de-pilotaje-de-proyet","status":"publish","type":"page","link":"https:\/\/www.bulldozair.com\/es\/une-plateforme-de-pilotaje-de-proyet\/","title":{"rendered":"Une plateforme de pilotaje de proyet"},"content":{"rendered":"\n<section \n  class=\"hero\" \n    style=\"background-image: url(https:\/\/www.bulldozair.com\/wp-content\/themes\/bulldozair\/assets\/img\/hero\/hero-illu-1.svg)\"\n    >\n  <div class=\"container\">\n    <div class=\"row\">\n\n              <div class=\"col col-md-9 col--center ft-center\">\n          <h1>\n                          Maneja tus proyectos <span>f\u00e1cilmente<\/span>                      <\/h1>\n          \n\n<p>Ahorra tiempo en cada paso, anticipa tus acciones y mantente sereno durante el progreso de la obra.<\/p>\n\n\n\n\n<div class=\"wp-block-buttons \">\n\n  \n  \n    <a href=\"https:\/\/app.bulldozair.com\/signup-es.html\" class=\"btn btn--primary\" target=\"_blank\">\n      Prueba Bulldozair              <i class=\"icon-chevron-right ml-2\"><\/i>\n          <\/a>\n\n  \n  \n  \n    <a class=\"hero__link\" href=\"https:\/\/www.bulldozair.com\/es\/funcionalidades\/\" target=\"_self\">Ver todas nuestras funcionalidades<\/a>\n\n  \n  \n\n<\/div>\n\n\n\n\n<p><\/p>\n\n\n        <\/div>\n          <\/div>\n  <\/div>\n<\/section>\n\n\n\n<div class=\"wp-block-image is-style-default\"><figure class=\"aligncenter size-large is-resized\"><img loading=\"lazy\" decoding=\"async\" src=\"https:\/\/www.bulldozair.com\/wp-content\/uploads\/2020\/10\/95592930-7c588b00-0a49-11eb-8064-4227646f3285-1024x588.png\" alt=\"\" class=\"wp-image-5219\" width=\"1024\" height=\"588\" srcset=\"https:\/\/www.bulldozair.com\/wp-content\/uploads\/2020\/10\/95592930-7c588b00-0a49-11eb-8064-4227646f3285-1024x588.png 1024w, https:\/\/www.bulldozair.com\/wp-content\/uploads\/2020\/10\/95592930-7c588b00-0a49-11eb-8064-4227646f3285-720x414.png 720w, https:\/\/www.bulldozair.com\/wp-content\/uploads\/2020\/10\/95592930-7c588b00-0a49-11eb-8064-4227646f3285-768x441.png 768w, https:\/\/www.bulldozair.com\/wp-content\/uploads\/2020\/10\/95592930-7c588b00-0a49-11eb-8064-4227646f3285-1536x882.png 1536w, https:\/\/www.bulldozair.com\/wp-content\/uploads\/2020\/10\/95592930-7c588b00-0a49-11eb-8064-4227646f3285-2048x1176.png 2048w\" sizes=\"(max-width: 1024px) 100vw, 1024px\" \/><\/figure><\/div>\n\n\n  <\/div>\n  <div class=\"section bg--pink \">\n    <div class=\"container\">\n      \n\n<h2 class=\"has-text-align-center wp-block-heading\">Una soluci\u00f3n para cada industria<\/h2>\n\n\n\n<p class=\"has-text-align-center\">Descubre c\u00f3mo utilizan Bulldozair en diferentes sectores de actividad.<\/p>\n\n\n<div class=\"col col--center col-lg-10 col-lg-offset-1\">\n  \n\n<div class=\"mosaic  mosaic-2-3 mosaic-row-24 mosaic-col-24\">\n  \n\n\n<a  href=\"https:\/\/www.bulldozair.com\/es\/industria-minorista-marca\/\" target=\"_self\" class=\"box-icon\">\n  <i class=\"icon-shop icon-24 icon--block\"><\/i>\n  <h4 class=\"mt-1 mt-md-0\">Minorista\/Marcas <\/h4>\n<\/a>\n\n\n\n<a  href=\"https:\/\/www.bulldozair.com\/es\/industria-energia\/\" target=\"_self\" class=\"box-icon\">\n  <i class=\"icon-adresse icon-24 icon--block\"><\/i>\n  <h4 class=\"mt-1 mt-md-0\">Energ\u00eda<\/h4>\n<\/a>\n\n\n\n<a  href=\"https:\/\/www.bulldozair.com\/es\/industrie-industria\/\" target=\"_self\" class=\"box-icon\">\n  <i class=\"icon-industry icon-24 icon--block\"><\/i>\n  <h4 class=\"mt-1 mt-md-0\">Industria pesada \/ Manufactura<\/h4>\n<\/a>\n\n\n\n<a  href=\"https:\/\/www.bulldozair.com\/es\/industria-salud\/\" target=\"_self\" class=\"box-icon\">\n  <i class=\"icon-sante icon-24 icon--block\"><\/i>\n  <h4 class=\"mt-1 mt-md-0\">Salud<\/h4>\n<\/a>\n\n\n\n<a  href=\"https:\/\/www.bulldozair.com\/es\/industria-inmobiliaria\/\" target=\"_self\" class=\"box-icon\">\n  <i class=\"icon-immobilier icon-24 icon--block\"><\/i>\n  <h4 class=\"mt-1 mt-md-0\">Inmobiliario<\/h4>\n<\/a>\n\n\n\n<a  href=\"https:\/\/www.bulldozair.com\/es\/industria-transporte\/\" target=\"_self\" class=\"box-icon\">\n  <i class=\"icon-transport icon-24 icon--block\"><\/i>\n  <h4 class=\"mt-1 mt-md-0\">Transportes<\/h4>\n<\/a>\n\n\n\n<a  href=\"https:\/\/www.bulldozair.com\/es\/industria-construccion\/\" target=\"_self\" class=\"box-icon\">\n  <i class=\"icon-truck icon-24 icon--block\"><\/i>\n  <h4 class=\"mt-1 mt-md-0\">Construcci\u00f3n<\/h4>\n<\/a>\n\n<\/div>\n\n\n<div style=\"height:100px\" aria-hidden=\"true\" class=\"wp-block-spacer\"><\/div>\n\n\n<\/div>\n\n\n<div class=\"wp-block-columns is-style-reverse is-layout-flex wp-container-core-columns-layout-1 wp-block-columns-is-layout-flex\">\n<div class=\"wp-block-column is-layout-flow wp-block-column-is-layout-flow\">\n<figure class=\"wp-block-image size-large is-resized\"><img loading=\"lazy\" decoding=\"async\" src=\"https:\/\/www.bulldozair.com\/wp-content\/uploads\/2020\/10\/Img_Outil_2@2x-1024x1024.png\" alt=\"\" class=\"wp-image-4780\" width=\"512\" height=\"512\" srcset=\"https:\/\/www.bulldozair.com\/wp-content\/uploads\/2020\/10\/Img_Outil_2@2x-1024x1024.png 1024w, https:\/\/www.bulldozair.com\/wp-content\/uploads\/2020\/10\/Img_Outil_2@2x-720x720.png 720w, https:\/\/www.bulldozair.com\/wp-content\/uploads\/2020\/10\/Img_Outil_2@2x-360x360.png 360w, https:\/\/www.bulldozair.com\/wp-content\/uploads\/2020\/10\/Img_Outil_2@2x-768x768.png 768w, https:\/\/www.bulldozair.com\/wp-content\/uploads\/2020\/10\/Img_Outil_2@2x.png 1032w\" sizes=\"(max-width: 512px) 100vw, 512px\" \/><\/figure>\n<\/div>\n\n\n\n<div class=\"wp-block-column is-vertically-aligned-center is-layout-flow wp-block-column-is-layout-flow\">\n<h2 class=\"wp-block-heading\">Gestiona eficazmente tus equipos y proyectos<\/h2>\n\n\n\n<p>Centraliza la informaci\u00f3n para una mejor visibilidad de la obra y conserva la trazabilidad de las decisiones para supervisar perfectamente las intervenciones.<\/p>\n\n\n\n\n<div class=\"wp-block-buttons \">\n\n  \n  \n    <a href=\"https:\/\/app.bulldozair.com\/signup-es.html\" class=\"btn btn--primary\" target=\"_self\">\n      Probar ahora              <i class=\"icon-chevron-right ml-2\"><\/i>\n          <\/a>\n\n  \n  \n\n<\/div>\n\n\n\n\n<div style=\"height:20px\" aria-hidden=\"true\" class=\"wp-block-spacer\"><\/div>\n<\/div>\n<\/div>\n\n\n\n<div class=\"wp-block-columns is-layout-flex wp-container-core-columns-layout-2 wp-block-columns-is-layout-flex\">\n<div class=\"wp-block-column is-vertically-aligned-center is-layout-flow wp-block-column-is-layout-flow\">\n<h2 class=\"wp-block-heading\">Toma notas en el campo. El reporte se realiza de inmediato<\/h2>\n\n\n\n<p>Recopila tus datos durante el monitoreo de tu obra, tu OPR o tus controles de calidad. La edici\u00f3n del formato y el env\u00edo de tus reportes, informes y formularios se inicia autom\u00e1ticamente. Solo tienes que hacer el seguimiento de tus equipos.<\/p>\n\n\n\n<div style=\"height:20px\" aria-hidden=\"true\" class=\"wp-block-spacer\"><\/div>\n<\/div>\n\n\n\n<div class=\"wp-block-column is-layout-flow wp-block-column-is-layout-flow\">\n<figure class=\"wp-block-image size-large is-resized\"><img loading=\"lazy\" decoding=\"async\" src=\"https:\/\/www.bulldozair.com\/wp-content\/uploads\/2020\/10\/Img_Outil_3@2x-1024x1024.png\" alt=\"\" class=\"wp-image-4783\" width=\"512\" height=\"512\" srcset=\"https:\/\/www.bulldozair.com\/wp-content\/uploads\/2020\/10\/Img_Outil_3@2x-1024x1024.png 1024w, https:\/\/www.bulldozair.com\/wp-content\/uploads\/2020\/10\/Img_Outil_3@2x-720x720.png 720w, https:\/\/www.bulldozair.com\/wp-content\/uploads\/2020\/10\/Img_Outil_3@2x-360x360.png 360w, https:\/\/www.bulldozair.com\/wp-content\/uploads\/2020\/10\/Img_Outil_3@2x-768x768.png 768w, https:\/\/www.bulldozair.com\/wp-content\/uploads\/2020\/10\/Img_Outil_3@2x.png 1032w\" sizes=\"(max-width: 512px) 100vw, 512px\" \/><\/figure>\n<\/div>\n<\/div>\n\n\n\n<div class=\"wp-block-columns is-style-reverse is-layout-flex wp-container-core-columns-layout-3 wp-block-columns-is-layout-flex\">\n<div class=\"wp-block-column is-layout-flow wp-block-column-is-layout-flow\">\n<figure class=\"wp-block-image size-large is-resized\"><img loading=\"lazy\" decoding=\"async\" src=\"https:\/\/www.bulldozair.com\/wp-content\/uploads\/2020\/10\/Img_Outil_4@2x-1024x1024.png\" alt=\"\" class=\"wp-image-4777\" width=\"512\" height=\"512\" srcset=\"https:\/\/www.bulldozair.com\/wp-content\/uploads\/2020\/10\/Img_Outil_4@2x-1024x1024.png 1024w, https:\/\/www.bulldozair.com\/wp-content\/uploads\/2020\/10\/Img_Outil_4@2x-720x720.png 720w, https:\/\/www.bulldozair.com\/wp-content\/uploads\/2020\/10\/Img_Outil_4@2x-360x360.png 360w, https:\/\/www.bulldozair.com\/wp-content\/uploads\/2020\/10\/Img_Outil_4@2x-768x768.png 768w, https:\/\/www.bulldozair.com\/wp-content\/uploads\/2020\/10\/Img_Outil_4@2x.png 1032w\" sizes=\"(max-width: 512px) 100vw, 512px\" \/><\/figure>\n<\/div>\n\n\n\n<div class=\"wp-block-column is-vertically-aligned-center is-layout-flow wp-block-column-is-layout-flow\">\n<h2 class=\"wp-block-heading\">Colabora con confianza y en tiempo real con tus equipos<\/h2>\n\n\n\n<p>Comparte documentos y planos actualizados con todos los que intervienen. Obten comentarios de campo en tiempo real. Permita que todos tengan la misma visi\u00f3n del proyecto para avanzar met\u00f3dicamente y sin malentendidos.<\/p>\n\n\n\n<div style=\"height:20px\" aria-hidden=\"true\" class=\"wp-block-spacer\"><\/div>\n<\/div>\n<\/div>\n\n\n    <\/div>\n  <\/div>\n  <div class=\"container\">\n\n\n\n\n<h2 class=\"has-text-align-center wp-block-heading\">\u00bfPor qu\u00e9 Bulldozair?<\/h2>\n\n\n\n<div style=\"height:30px\" aria-hidden=\"true\" class=\"wp-block-spacer\"><\/div>\n\n\n\n<div class=\"mosaic  mosaic-4 mosaic-row-32 mosaic-col-32\">\n  \n\n<div id=\"features-block_5f72ce06d2fa8\" class=\"feature has-text-align-center\">\n      <img loading=\"lazy\" decoding=\"async\" width=\"148\" height=\"118\" src=\"https:\/\/www.bulldozair.com\/wp-content\/uploads\/2020\/10\/Img_Industrie_7@2x.png\" class=\"attachment-148x148 size-148x148\" alt=\"\" \/>      <p class=\"ft-primary ft-heading c-black ft-600 mb-0\">Centraliza todos tus procesos con una herramienta todo en uno<\/p> \n      <p class=\"mt-1 mb-0\">Invita a tus empleados a utilizar la herramienta. Comparte tu informaci\u00f3n y plazos. As\u00ed, todos los interesados tienen una visi\u00f3n \u00fanica del proyecto.<\/p>\n  \n  <\/div>\n\n\n\n\n<div id=\"features-block_5f72ce28d2fa9\" class=\"feature has-text-align-center\">\n      <img loading=\"lazy\" decoding=\"async\" width=\"148\" height=\"118\" src=\"https:\/\/www.bulldozair.com\/wp-content\/uploads\/2020\/10\/Img_Industrie_8@2x.png\" class=\"attachment-148x148 size-148x148\" alt=\"\" \/>      <p class=\"ft-primary ft-heading c-black ft-600 mb-0\">Utiliza nuestra herramienta de colaboraci\u00f3n de documentos<\/p> \n      <p class=\"mt-1 mb-0\">Sube y comparte tus documentos, planos y archivos en formato pdf o dwg con tus colaboradores. Accesible y legible desde tu tel\u00e9fono inteligente o tableta.<\/p>\n  \n  <\/div>\n\n\n\n\n<div id=\"features-block_5f72ce47d2faa\" class=\"feature has-text-align-center\">\n      <img loading=\"lazy\" decoding=\"async\" width=\"148\" height=\"118\" src=\"https:\/\/www.bulldozair.com\/wp-content\/uploads\/2020\/10\/Img_Industrie_9@2x.png\" class=\"attachment-148x148 size-148x148\" alt=\"\" \/>      <p class=\"ft-primary ft-heading c-black ft-600 mb-0\">Automatiza los reportes e informes<\/p> \n      <p class=\"mt-1 mb-0\">Configura las alertas, informes y reportes de tu proyecto y notifica a los equipos autom\u00e1ticamente. Luego haz un seguimiento de las intervenciones.<\/p>\n  \n  <\/div>\n\n\n\n\n<div id=\"features-block_5f72ce50d2fab\" class=\"feature has-text-align-center\">\n      <img loading=\"lazy\" decoding=\"async\" width=\"148\" height=\"118\" src=\"https:\/\/www.bulldozair.com\/wp-content\/uploads\/2020\/10\/Img_Industrie4@2x.png\" class=\"attachment-148x148 size-148x148\" alt=\"\" \/>      <p class=\"ft-primary ft-heading c-black ft-600 mb-0\">Exporta todos tus documentos en cualquier momento<\/p> \n      <p class=\"mt-1 mb-0\">Encuentra tus datos en unos pocos clics. Descarga, exporta o env\u00eda tus documentos en cualquier momento (informes, planos, documentos, fotos, base de datos &#8230;).<\/p>\n  \n  <\/div>\n\n\n\n<\/div>\n\n\n<div style=\"height:24px\" aria-hidden=\"true\" class=\"wp-block-spacer is-style-small\"><\/div>\n\n\n\n\n<div class=\"wp-block-buttons  aligncenter\">\n\n  \n  \n    <a href=\"https:\/\/app.bulldozair.com\/signup-es.html\" class=\"btn btn--primary\" target=\"_self\">\n      Probar ahora              <i class=\"icon-chevron-right ml-2\"><\/i>\n          <\/a>\n\n  \n  \n\n<\/div>\n\n\n\n\n<div style=\"height:100px\" aria-hidden=\"true\" class=\"wp-block-spacer\"><\/div>\n\n\n\n<hr class=\"wp-block-separator\"\/>\n\n\n\n<div style=\"height:100px\" aria-hidden=\"true\" class=\"wp-block-spacer\"><\/div>\n\n\n\n<h2 class=\"has-text-align-center wp-block-heading\">BulldozAir te acompa\u00f1a en el campo<\/h2>\n\n\n\n<p class=\"has-text-align-center\">Todas tus obras al alcance de tu mano. Descarga nuestra aplicaci\u00f3n disponible en Google Play Store y Appstore para seguir usando Bulldozair.<\/p>\n\n\n\n\n<div class=\"wp-block-buttons  aligncenter\">\n\n  \n  \n    <a href=\"https:\/\/apps.apple.com\/fr\/app\/bulldozair-application-construction\/id960288553\" class=\"btn btn--ios\" target=\"_blank\" title=\"Bulldozair ios\">  \n              <img decoding=\"async\" src=\"https:\/\/www.bulldozair.com\/wp-content\/themes\/bulldozair\/assets\/img\/app-store-es.svg\" \/>\n                <\/a>\n\n  \n  \n  \n    <a href=\"https:\/\/play.google.com\/store\/apps\/details?id=com.blockbase.bulldozair&#038;hl=fr\" class=\"btn btn--android\" target=\"_blank\" title=\"\">  \n                    <img decoding=\"async\" src=\"https:\/\/www.bulldozair.com\/wp-content\/themes\/bulldozair\/assets\/img\/google-play-badge-es.svg\" \/>\n          <\/a>\n\n  \n  \n\n<\/div>\n\n\n\n\n<div class=\"card-banner \">\n          <div class=\"card-banner__img ft-center\">\n        <img loading=\"lazy\" decoding=\"async\" width=\"640\" height=\"366\" src=\"https:\/\/www.bulldozair.com\/wp-content\/uploads\/2020\/09\/Bulldo_1@2x-1024x585.png\" class=\"attachment-large size-large\" alt=\"\" srcset=\"https:\/\/www.bulldozair.com\/wp-content\/uploads\/2020\/09\/Bulldo_1@2x-1024x585.png 1024w, https:\/\/www.bulldozair.com\/wp-content\/uploads\/2020\/09\/Bulldo_1@2x-720x411.png 720w, https:\/\/www.bulldozair.com\/wp-content\/uploads\/2020\/09\/Bulldo_1@2x-768x439.png 768w, https:\/\/www.bulldozair.com\/wp-content\/uploads\/2020\/09\/Bulldo_1@2x-1536x877.png 1536w, https:\/\/www.bulldozair.com\/wp-content\/uploads\/2020\/09\/Bulldo_1@2x.png 1656w\" sizes=\"(max-width: 640px) 100vw, 640px\" \/>      <\/div>\n    \n    <div class=\"card-banner__body ft-center\">\n      <div class=\"card-banner__content\">\n        <h3 class=\"h2 ft-600 ft-heading mb-3 c-white\">Prueba realizar tu proyecto con Bulldozair<\/h3>\n        <p class=\"card-banner__desc mb-4 h4 c-white\">Aumenta tu productividad hoy mismo gestionando todos tus proyectos de construcci\u00f3n con Bulldozair.<\/p>\n                <a href=\"https:\/\/app.bulldozair.com\/signup-es.html\" class=\"btn btn--white\" target=\"_blank\"><span>Probar ahora<\/span><i class=\"icon icon-chevron-right ml-2\"><\/i><\/a>\n              <\/div>\n    <\/div>\n  <\/div>\n\n\n<p><\/p>\n","protected":false},"excerpt":{"rendered":"<p>\u00bfPor qu\u00e9 Bulldozair? BulldozAir te acompa\u00f1a en el campo Todas tus obras al alcance de tu mano. Descarga nuestra aplicaci\u00f3n disponible en Google Play Store y Appstore para seguir usando Bulldozair.<\/p>\n","protected":false},"author":2,"featured_media":0,"parent":0,"menu_order":0,"comment_status":"closed","ping_status":"closed","template":"","meta":{"content-type":"","footnotes":""},"acf":[],"yoast_head":"<!-- This site is optimized with the Yoast SEO plugin v21.8 - https:\/\/yoast.com\/wordpress\/plugins\/seo\/ -->\n<title>Une plateforme de pilotaje de proyet - Mezzoteam<\/title>\n<meta name=\"robots\" content=\"index, follow, max-snippet:-1, max-image-preview:large, max-video-preview:-1\" \/>\n<link rel=\"canonical\" href=\"https:\/\/www.bulldozair.com\/es\/une-plateforme-de-pilotaje-de-proyet\/\" \/>\n<meta property=\"og:locale\" content=\"es_ES\" \/>\n<meta property=\"og:type\" content=\"article\" \/>\n<meta property=\"og:title\" content=\"Une plateforme de pilotaje de proyet - Mezzoteam\" \/>\n<meta property=\"og:description\" content=\"\u00bfPor qu\u00e9 Bulldozair? BulldozAir te acompa\u00f1a en el campo Todas tus obras al alcance de tu mano. Descarga nuestra aplicaci\u00f3n disponible en Google Play Store y Appstore para seguir usando Bulldozair.\" \/>\n<meta property=\"og:url\" content=\"https:\/\/www.bulldozair.com\/es\/une-plateforme-de-pilotaje-de-proyet\/\" \/>\n<meta property=\"og:site_name\" content=\"Mezzoteam\" \/>\n<meta property=\"article:modified_time\" content=\"2021-01-08T14:12:07+00:00\" \/>\n<meta property=\"og:image\" content=\"https:\/\/www.bulldozair.com\/wp-content\/uploads\/2020\/10\/95592930-7c588b00-0a49-11eb-8064-4227646f3285-1024x588.png\" \/>\n<meta name=\"twitter:card\" content=\"summary_large_image\" \/>\n<meta name=\"twitter:label1\" content=\"Tiempo de lectura\" \/>\n\t<meta name=\"twitter:data1\" content=\"1 minuto\" \/>\n<script type=\"application\/ld+json\" class=\"yoast-schema-graph\">{\"@context\":\"https:\/\/schema.org\",\"@graph\":[{\"@type\":\"WebPage\",\"@id\":\"https:\/\/www.bulldozair.com\/es\/une-plateforme-de-pilotaje-de-proyet\/\",\"url\":\"https:\/\/www.bulldozair.com\/es\/une-plateforme-de-pilotaje-de-proyet\/\",\"name\":\"Une plateforme de pilotaje de proyet - Mezzoteam\",\"isPartOf\":{\"@id\":\"https:\/\/www.bulldozair.com\/#website\"},\"datePublished\":\"2020-12-19T16:03:32+00:00\",\"dateModified\":\"2021-01-08T14:12:07+00:00\",\"inLanguage\":\"es\",\"potentialAction\":[{\"@type\":\"ReadAction\",\"target\":[\"https:\/\/www.bulldozair.com\/es\/une-plateforme-de-pilotaje-de-proyet\/\"]}]},{\"@type\":\"WebSite\",\"@id\":\"https:\/\/www.bulldozair.com\/#website\",\"url\":\"https:\/\/www.bulldozair.com\/\",\"name\":\"Mezzoteam\",\"description\":\"Construction project management software - Suivi de chantier\",\"potentialAction\":[{\"@type\":\"SearchAction\",\"target\":{\"@type\":\"EntryPoint\",\"urlTemplate\":\"https:\/\/www.bulldozair.com\/?s={search_term_string}\"},\"query-input\":\"required name=search_term_string\"}],\"inLanguage\":\"es\"}]}<\/script>\n<!-- \/ Yoast SEO plugin. -->","yoast_head_json":{"title":"Une plateforme de pilotaje de proyet - Mezzoteam","robots":{"index":"index","follow":"follow","max-snippet":"max-snippet:-1","max-image-preview":"max-image-preview:large","max-video-preview":"max-video-preview:-1"},"canonical":"https:\/\/www.bulldozair.com\/es\/une-plateforme-de-pilotaje-de-proyet\/","og_locale":"es_ES","og_type":"article","og_title":"Une plateforme de pilotaje de proyet - Mezzoteam","og_description":"\u00bfPor qu\u00e9 Bulldozair? BulldozAir te acompa\u00f1a en el campo Todas tus obras al alcance de tu mano. Descarga nuestra aplicaci\u00f3n disponible en Google Play Store y Appstore para seguir usando Bulldozair.","og_url":"https:\/\/www.bulldozair.com\/es\/une-plateforme-de-pilotaje-de-proyet\/","og_site_name":"Mezzoteam","article_modified_time":"2021-01-08T14:12:07+00:00","og_image":[{"url":"https:\/\/www.bulldozair.com\/wp-content\/uploads\/2020\/10\/95592930-7c588b00-0a49-11eb-8064-4227646f3285-1024x588.png"}],"twitter_card":"summary_large_image","twitter_misc":{"Tiempo de lectura":"1 minuto"},"schema":{"@context":"https:\/\/schema.org","@graph":[{"@type":"WebPage","@id":"https:\/\/www.bulldozair.com\/es\/une-plateforme-de-pilotaje-de-proyet\/","url":"https:\/\/www.bulldozair.com\/es\/une-plateforme-de-pilotaje-de-proyet\/","name":"Une plateforme de pilotaje de proyet - Mezzoteam","isPartOf":{"@id":"https:\/\/www.bulldozair.com\/#website"},"datePublished":"2020-12-19T16:03:32+00:00","dateModified":"2021-01-08T14:12:07+00:00","inLanguage":"es","potentialAction":[{"@type":"ReadAction","target":["https:\/\/www.bulldozair.com\/es\/une-plateforme-de-pilotaje-de-proyet\/"]}]},{"@type":"WebSite","@id":"https:\/\/www.bulldozair.com\/#website","url":"https:\/\/www.bulldozair.com\/","name":"Mezzoteam","description":"Construction project management software - Suivi de chantier","potentialAction":[{"@type":"SearchAction","target":{"@type":"EntryPoint","urlTemplate":"https:\/\/www.bulldozair.com\/?s={search_term_string}"},"query-input":"required name=search_term_string"}],"inLanguage":"es"}]}},"_links":{"self":[{"href":"https:\/\/www.bulldozair.com\/es\/wp-json\/wp\/v2\/pages\/7488"}],"collection":[{"href":"https:\/\/www.bulldozair.com\/es\/wp-json\/wp\/v2\/pages"}],"about":[{"href":"https:\/\/www.bulldozair.com\/es\/wp-json\/wp\/v2\/types\/page"}],"author":[{"embeddable":true,"href":"https:\/\/www.bulldozair.com\/es\/wp-json\/wp\/v2\/users\/2"}],"replies":[{"embeddable":true,"href":"https:\/\/www.bulldozair.com\/es\/wp-json\/wp\/v2\/comments?post=7488"}],"version-history":[{"count":7,"href":"https:\/\/www.bulldozair.com\/es\/wp-json\/wp\/v2\/pages\/7488\/revisions"}],"predecessor-version":[{"id":8289,"href":"https:\/\/www.bulldozair.com\/es\/wp-json\/wp\/v2\/pages\/7488\/revisions\/8289"}],"wp:attachment":[{"href":"https:\/\/www.bulldozair.com\/es\/wp-json\/wp\/v2\/media?parent=7488"}],"curies":[{"name":"wp","href":"https:\/\/api.w.org\/{rel}","templated":true}]}}