{"id":7616,"date":"2020-12-21T19:10:27","date_gmt":"2020-12-21T18:10:27","guid":{"rendered":"https:\/\/new.bulldozair.com\/?page_id=7616"},"modified":"2021-01-14T13:27:01","modified_gmt":"2021-01-14T12:27:01","slug":"profesion-contratistas-especializados","status":"publish","type":"page","link":"https:\/\/www.bulldozair.com\/es\/profesion-contratistas-especializados\/","title":{"rendered":"profesi\u00f3n contratistas especializados"},"content":{"rendered":"\n<section \n  class=\"hero hero--two-column\" \n    >\n  <div class=\"container\">\n    <div class=\"row\">\n\n              <div class=\"col col-md-6\">\n          <div>\n            <h1>\n                              La gesti\u00f3n de proyectos para contratistas <span>especializados<\/span>                           <\/h1>\n            \n\n<ul><li>Controla tus plazos, la calidad de tus servicios y tu margen de ganancias<\/li><li>Supervisa las necesidades del proyecto para ajustar tus gastos<\/li><li>Haz seguimiento f\u00e1cilmente a las acciones del equipo de campo<\/li><\/ul>\n\n\n\n\n<div class=\"wp-block-buttons \">\n\n  \n  \n    <a href=\"https:\/\/www.bulldozair.com\/es\/primer-paso\/\" class=\"btn btn--primary\" target=\"_blank\">\n      Probar ahora              <i class=\"icon-chevron-right ml-2\"><\/i>\n          <\/a>\n\n  \n  \n\n<\/div>\n\n\n\n          <\/div>\n        <\/div>\n        <div class=\"col mobile-ban col-md-6\">\n            <img loading=\"lazy\" decoding=\"async\" width=\"640\" height=\"431\" src=\"https:\/\/www.bulldozair.com\/wp-content\/uploads\/2021\/01\/entreprise-spe\u0301cialise\u0301e-1024x689.jpeg\" class=\"attachment-large size-large\" alt=\"\" srcset=\"https:\/\/www.bulldozair.com\/wp-content\/uploads\/2021\/01\/entreprise-spe\u0301cialise\u0301e-1024x689.jpeg 1024w, https:\/\/www.bulldozair.com\/wp-content\/uploads\/2021\/01\/entreprise-spe\u0301cialise\u0301e-720x484.jpeg 720w, https:\/\/www.bulldozair.com\/wp-content\/uploads\/2021\/01\/entreprise-spe\u0301cialise\u0301e-768x517.jpeg 768w, https:\/\/www.bulldozair.com\/wp-content\/uploads\/2021\/01\/entreprise-spe\u0301cialise\u0301e-1536x1033.jpeg 1536w, https:\/\/www.bulldozair.com\/wp-content\/uploads\/2021\/01\/entreprise-spe\u0301cialise\u0301e-2048x1378.jpeg 2048w\" sizes=\"(max-width: 640px) 100vw, 640px\" \/>                    <\/div>\n          <\/div>\n  <\/div>\n<\/section>\n\n\n  <\/div>\n  <div class=\"section bg--pink \">\n    <div class=\"container\">\n      \n\n<h2 class=\"has-text-align-center wp-block-heading\">\u00bfC\u00f3mo gestionan las contratistas especializados su proyecto con Bulldozair?<\/h2>\n\n\n\n<p class=\"has-text-align-center\">Te proporcionamos una herramienta todo en uno para hacer seguimiento a tu proyecto de construcci\u00f3n con serenidad. Te brindamos una aplicaci\u00f3n real de monitoreo de obras y planos (\u00a1Adios, Whatsapp!) con una pr\u00e1ctica colaboraci\u00f3n de documentos para los planos.<\/p>\n\n\n\n<div class=\"wp-block-columns is-style-reverse is-layout-flex wp-container-core-columns-layout-1 wp-block-columns-is-layout-flex\">\n<div class=\"wp-block-column is-layout-flow wp-block-column-is-layout-flow\">\n<figure class=\"wp-block-image size-large\"><img loading=\"lazy\" decoding=\"async\" width=\"1024\" height=\"1024\" src=\"https:\/\/www.bulldozair.com\/wp-content\/uploads\/2020\/12\/Suivi-chantier_01-1024x1024.png\" alt=\"\" class=\"wp-image-7235\" srcset=\"https:\/\/www.bulldozair.com\/wp-content\/uploads\/2020\/12\/Suivi-chantier_01-1024x1024.png 1024w, https:\/\/www.bulldozair.com\/wp-content\/uploads\/2020\/12\/Suivi-chantier_01-720x720.png 720w, https:\/\/www.bulldozair.com\/wp-content\/uploads\/2020\/12\/Suivi-chantier_01-360x360.png 360w, https:\/\/www.bulldozair.com\/wp-content\/uploads\/2020\/12\/Suivi-chantier_01-768x768.png 768w, https:\/\/www.bulldozair.com\/wp-content\/uploads\/2020\/12\/Suivi-chantier_01.png 1032w\" sizes=\"(max-width: 1024px) 100vw, 1024px\" \/><\/figure>\n<\/div>\n\n\n\n<div class=\"wp-block-column is-vertically-aligned-center is-layout-flow wp-block-column-is-layout-flow\">\n<div id=\"features-block_5f757d276dc99\" class=\"feature\">\n        <i class=\"icon-trello icon-28 icon--block icon--round mb-2\"><\/i>\n    <p class=\"ft-primary ft-heading c-black ft-600 mb-0\">Control de riesgos financieros de la obra<\/p> \n      <p class=\"mt-1 mb-0\">Rastrea con fotos y notas con marca de tiempo cualquier trabajo adicional realizado para proteger el margen de tu obra.<\/p>\n  \n      <p class=\"mt-1 mb-0\"><a href=\"https:\/\/app.bulldozair.com\/signup-es.html\" class=\"link\" target=\"_self\"><span>Saber m\u00e1s<\/span><i class=\"icon icon-chevron-right ml-1\"><\/i><\/a><\/p>\n  <\/div>\n\n<\/div>\n<\/div>\n\n\n\n<div class=\"wp-block-columns is-layout-flex wp-container-core-columns-layout-2 wp-block-columns-is-layout-flex\">\n<div class=\"wp-block-column is-vertically-aligned-center is-layout-flow wp-block-column-is-layout-flow\">\n<div id=\"features-block_5f757e486dc9a\" class=\"feature\">\n        <i class=\"icon-truck icon-28 icon--block icon--round mb-2\"><\/i>\n    <p class=\"ft-primary ft-heading c-black ft-600 mb-0\">Seguimiento de las obras r\u00e1pido y sencillo<\/p> \n      <p class=\"mt-1 mb-0\">Supervisa el avance de las obras en tiempo real gracias a las fotos, observaciones y formularios enviados desde el campo y f\u00e1cilmente exportables.<\/p>\n  \n  <\/div>\n\n<\/div>\n\n\n\n<div class=\"wp-block-column is-layout-flow wp-block-column-is-layout-flow\">\n<div class=\"wp-block-image\"><figure class=\"aligncenter size-large\"><img loading=\"lazy\" decoding=\"async\" width=\"1024\" height=\"1024\" src=\"https:\/\/www.bulldozair.com\/wp-content\/uploads\/2020\/12\/Mai\u0302tres-douvrage_03-1024x1024.png\" alt=\"\" class=\"wp-image-7223\" srcset=\"https:\/\/www.bulldozair.com\/wp-content\/uploads\/2020\/12\/Mai\u0302tres-douvrage_03-1024x1024.png 1024w, https:\/\/www.bulldozair.com\/wp-content\/uploads\/2020\/12\/Mai\u0302tres-douvrage_03-720x720.png 720w, https:\/\/www.bulldozair.com\/wp-content\/uploads\/2020\/12\/Mai\u0302tres-douvrage_03-360x360.png 360w, https:\/\/www.bulldozair.com\/wp-content\/uploads\/2020\/12\/Mai\u0302tres-douvrage_03-768x768.png 768w, https:\/\/www.bulldozair.com\/wp-content\/uploads\/2020\/12\/Mai\u0302tres-douvrage_03.png 1032w\" sizes=\"(max-width: 1024px) 100vw, 1024px\" \/><\/figure><\/div>\n<\/div>\n<\/div>\n\n\n\n<div class=\"wp-block-columns is-style-reverse is-layout-flex wp-container-core-columns-layout-3 wp-block-columns-is-layout-flex\">\n<div class=\"wp-block-column is-layout-flow wp-block-column-is-layout-flow\">\n<figure class=\"wp-block-image size-large\"><img loading=\"lazy\" decoding=\"async\" width=\"1024\" height=\"1024\" src=\"https:\/\/www.bulldozair.com\/wp-content\/uploads\/2020\/12\/Collaboration-documentaire_02-1024x1024.png\" alt=\"\" class=\"wp-image-7196\" srcset=\"https:\/\/www.bulldozair.com\/wp-content\/uploads\/2020\/12\/Collaboration-documentaire_02-1024x1024.png 1024w, https:\/\/www.bulldozair.com\/wp-content\/uploads\/2020\/12\/Collaboration-documentaire_02-720x720.png 720w, https:\/\/www.bulldozair.com\/wp-content\/uploads\/2020\/12\/Collaboration-documentaire_02-360x360.png 360w, https:\/\/www.bulldozair.com\/wp-content\/uploads\/2020\/12\/Collaboration-documentaire_02-768x768.png 768w, https:\/\/www.bulldozair.com\/wp-content\/uploads\/2020\/12\/Collaboration-documentaire_02.png 1032w\" sizes=\"(max-width: 1024px) 100vw, 1024px\" \/><\/figure>\n<\/div>\n\n\n\n<div class=\"wp-block-column is-vertically-aligned-center is-layout-flow wp-block-column-is-layout-flow\">\n<div id=\"features-block_5f757e776dc9b\" class=\"feature\">\n        <i class=\"icon-pen icon-28 icon--block icon--round mb-2\"><\/i>\n    <p class=\"ft-primary ft-heading c-black ft-600 mb-0\">Colaboraci\u00f3n de documentos simplificada<\/p> \n      <p class=\"mt-1 mb-0\">Los equipos de oficina depositan los \u00edndices de planos m\u00e1s recientes y cualquier otro documento en una plataforma en l\u00ednea. As\u00ed, el equipo de campo puede acceder a toda la informaci\u00f3n desde un smartphone o tableta, sin conexi\u00f3n ni software adicional.<\/p>\n  \n  <\/div>\n\n<\/div>\n<\/div>\n\n\n    <\/div>\n  <\/div>\n  <div class=\"container\">\n\n\n\n\n<h2 class=\"has-text-align-center wp-block-heading\">Una soluci\u00f3n para cada industria<\/h2>\n\n\n\n<p class=\"has-text-align-center\">Descubre c\u00f3mo utilizan Bulldozair en diferentes sectores de actividad.<\/p>\n\n\n<div class=\"col col--center col-lg-10 col-lg-offset-1\">\n  \n\n<div class=\"mosaic  mosaic-2-3 mosaic-row-24 mosaic-col-24\">\n  \n\n\n<a  href=\"https:\/\/www.bulldozair.com\/fr\/industrie-retail\/\" target=\"_self\" class=\"box-icon\">\n  <i class=\"icon-shop icon-24 icon--block\"><\/i>\n  <h4 class=\"mt-1 mt-md-0\">Minorista\/Marcas <\/h4>\n<\/a>\n\n\n\n<a  href=\"https:\/\/www.bulldozair.com\/fr\/industrie-energie\/\" target=\"_self\" class=\"box-icon\">\n  <i class=\"icon-adresse icon-24 icon--block\"><\/i>\n  <h4 class=\"mt-1 mt-md-0\">Energ\u00eda<\/h4>\n<\/a>\n\n\n\n<a  href=\"https:\/\/www.bulldozair.com\/fr\/logiciel-outil-gestion-projet-industrie\/\" target=\"_self\" class=\"box-icon\">\n  <i class=\"icon-industry icon-24 icon--block\"><\/i>\n  <h4 class=\"mt-1 mt-md-0\">Industria pesada \/ Manufactura<\/h4>\n<\/a>\n\n\n\n<a  href=\"https:\/\/www.bulldozair.com\/fr\/industrie-sante\/\" target=\"_self\" class=\"box-icon\">\n  <i class=\"icon-sante icon-24 icon--block\"><\/i>\n  <h4 class=\"mt-1 mt-md-0\">Salud<\/h4>\n<\/a>\n\n\n\n<a  href=\"https:\/\/www.bulldozair.com\/fr\/logiciel-de-suivi-projet-immobilier\/\" target=\"_self\" class=\"box-icon\">\n  <i class=\"icon-immobilier icon-24 icon--block\"><\/i>\n  <h4 class=\"mt-1 mt-md-0\">Inmobiliario<\/h4>\n<\/a>\n\n\n\n<a  href=\"https:\/\/www.bulldozair.com\/fr\/industrie-transports\/\" target=\"_self\" class=\"box-icon\">\n  <i class=\"icon-transport icon-24 icon--block\"><\/i>\n  <h4 class=\"mt-1 mt-md-0\">Transportes<\/h4>\n<\/a>\n\n\n\n<a  href=\"https:\/\/www.bulldozair.com\/fr\/industrie-btp\/\" target=\"_self\" class=\"box-icon\">\n  <i class=\"icon-truck icon-24 icon--block\"><\/i>\n  <h4 class=\"mt-1 mt-md-0\">Construcci\u00f3n<\/h4>\n<\/a>\n\n<\/div>\n\n\n<div style=\"height:100px\" aria-hidden=\"true\" class=\"wp-block-spacer\"><\/div>\n\n\n<\/div>\n\n\n<\/div>\n<div class=\"section-collaborators \">\n  <div class=\"section-collaborators__logo\">\n    <ul>\n      <li><img decoding=\"async\" src=\"https:\/\/www.bulldozair.com\/wp-content\/uploads\/2024\/01\/systra-logo.png\" alt=\"SYSTRA\" \/><\/li><li><img decoding=\"async\" src=\"https:\/\/www.bulldozair.com\/wp-content\/uploads\/2024\/01\/Logo-ARTELIA-360x360.jpg\" alt=\"ARTELIA\" \/><\/li><li><img decoding=\"async\" src=\"https:\/\/www.bulldozair.com\/wp-content\/uploads\/2023\/03\/logo-ingerop-360x142.png\" alt=\"INGEROP\" \/><\/li><li><img decoding=\"async\" src=\"https:\/\/www.bulldozair.com\/wp-content\/uploads\/2021\/01\/total-360x360.png\" alt=\"Total\" \/><\/li><li><img decoding=\"async\" src=\"https:\/\/www.bulldozair.com\/wp-content\/uploads\/2021\/01\/Logoratp-360x360.png\" alt=\"RATP Groupe\" \/><\/li><li><img decoding=\"async\" src=\"https:\/\/www.bulldozair.com\/wp-content\/uploads\/2021\/01\/carrefour-logo-360x360.png\" alt=\"Carrefour\" \/><\/li><li><img decoding=\"async\" src=\"https:\/\/www.bulldozair.com\/wp-content\/uploads\/2021\/01\/bouygues-immo-logo-360x360.png\" alt=\"Bouygues immobilier\" \/><\/li><li><img decoding=\"async\" src=\"https:\/\/www.bulldozair.com\/wp-content\/uploads\/2021\/01\/egis-logo-360x360.png\" alt=\"Egis\" \/><\/li>    <\/ul>\n  <\/div>\n  <div class=\"container\">\n    <div class=\"row\">\n      <div class=\"col col-md-8 col-lg-6 col--center ft-center\">\n        <h2 class=\"c-white\">Ya acompa\u00f1amos a m\u00e1s de 236 empresas<\/h2>\n                  <a href=\"https:\/\/www.bulldozair.com\/es\/descubre-los-proyectos-que-usan-buldozair\/\" class=\"link c-white mt-2\" target=\"_self\"><span>Todos los proyectos de nuestros clientes<\/span><i class=\"icon icon-chevron-right ml-1\"><\/i><\/a>\n             <\/div>\n    <\/div>\n\n          <div class=\"section__body\">\n        <div class=\"section-collaborators__arrow ft-right\">\n          <a href=\"#\" class=\"btn btn--round btn--white section-collaborators__control\" title=\"\">\n            <i class=\"icon icon-chevron-left \"><\/i>\n          <\/a>\n          <a href=\"#\" class=\"btn btn--round btn--white ml-2 section-collaborators__control\" title=\"\">\n            <i class=\"icon icon-chevron-right \"><\/i>\n          <\/a>\n        <\/div>\n      \n        <div class=\"card-collaborator\">\n          <p class=\"card-collaborator__desc ft-400 ft-heading mb-0\">\u201cEs un gran desaf\u00edo para nuestras empresas industriales poder desmaterializar, simplificar los procesos, tener informaci\u00f3n unificada, robusta, de calidad, en tiempo real y  accesible simultaneamente para todos los actores de un proyecto. BulldozAIR hace parte de quienes saben hacer las cosas \u00ab.<\/p>\n\n                      <a href=\"https:\/\/www.bulldozair.com\/es\/descubre-los-proyectos-que-usan-buldozair\/?c=3993\" class=\"link c-secondary mt-3\" target=\"_self\"><span>Ver todos los proyectos de clientes<\/span><i class=\"icon icon-chevron-right ml-1\"><\/i><\/a>\n          \n          <div class=\"card-collaborator__bottom mt-4\">\n            <div class=\"img-circle mr-3\">\n              <img loading=\"lazy\" decoding=\"async\" width=\"272\" height=\"272\" src=\"https:\/\/www.bulldozair.com\/wp-content\/uploads\/2020\/09\/Img_A\u0300-propos_9@2x.jpg\" class=\"attachment-thumbnail size-thumbnail wp-post-image\" alt=\"\" \/>            <\/div>\n            <div class=\"card-collaborator__author mb-8 mb-md-0\">\n              <p class=\"ft-primary ft-heading ft-600 ft-truncat mb-0\">SNCF<\/p>\n              <p class=\"ft-secondary c-secondary mb-0\">Proyectos realizados en Bulldozair<\/p>\n            <\/div>\n          <\/div>\n        <\/div>\n\n            <\/div>\n    \n  <\/div>\n<\/div>\n<div class=\"container\">\n\n\n<div class=\"card-banner \">\n    \n    <div class=\"card-banner__body ft-center\">\n      <div class=\"card-banner__content\">\n        <h3 class=\"h2 ft-600 ft-heading mb-3 c-white\">Prueba realizar tu proyecto con Bulldozair<\/h3>\n        <p class=\"card-banner__desc mb-4 h4 c-white\">Aumenta tu productividad hoy mismo gestionando todos tus proyectos de construcci\u00f3n con Bulldozair.<\/p>\n                <a href=\"https:\/\/www.bulldozair.com\/es\/primer-paso\/\" class=\"btn btn--white\" target=\"_blank\"><span>Probar ahora<\/span><i class=\"icon icon-chevron-right ml-2\"><\/i><\/a>\n              <\/div>\n    <\/div>\n  <\/div>","protected":false},"excerpt":{"rendered":"<p>Una soluci\u00f3n para cada industria Descubre c\u00f3mo utilizan Bulldozair en diferentes sectores de actividad.<\/p>\n","protected":false},"author":2,"featured_media":0,"parent":0,"menu_order":0,"comment_status":"closed","ping_status":"closed","template":"","meta":{"content-type":"","footnotes":""},"acf":[],"yoast_head":"<!-- This site is optimized with the Yoast SEO plugin v21.8 - https:\/\/yoast.com\/wordpress\/plugins\/seo\/ -->\n<title>profesi\u00f3n contratistas especializados - Mezzoteam<\/title>\n<meta name=\"robots\" content=\"index, follow, max-snippet:-1, max-image-preview:large, max-video-preview:-1\" \/>\n<link rel=\"canonical\" href=\"https:\/\/www.bulldozair.com\/es\/profesion-contratistas-especializados\/\" \/>\n<meta property=\"og:locale\" content=\"es_ES\" \/>\n<meta property=\"og:type\" content=\"article\" \/>\n<meta property=\"og:title\" content=\"profesi\u00f3n contratistas especializados - Mezzoteam\" \/>\n<meta property=\"og:description\" content=\"Una soluci\u00f3n para cada industria Descubre c\u00f3mo utilizan Bulldozair en diferentes sectores de actividad.\" \/>\n<meta property=\"og:url\" content=\"https:\/\/www.bulldozair.com\/es\/profesion-contratistas-especializados\/\" \/>\n<meta property=\"og:site_name\" content=\"Mezzoteam\" \/>\n<meta property=\"article:modified_time\" content=\"2021-01-14T12:27:01+00:00\" \/>\n<meta property=\"og:image\" content=\"https:\/\/www.bulldozair.com\/wp-content\/uploads\/2020\/12\/Suivi-chantier_01-1024x1024.png\" \/>\n<meta name=\"twitter:card\" content=\"summary_large_image\" \/>\n<meta name=\"twitter:label1\" content=\"Tiempo de lectura\" \/>\n\t<meta name=\"twitter:data1\" content=\"1 minuto\" \/>\n<script type=\"application\/ld+json\" class=\"yoast-schema-graph\">{\"@context\":\"https:\/\/schema.org\",\"@graph\":[{\"@type\":\"WebPage\",\"@id\":\"https:\/\/www.bulldozair.com\/es\/profesion-contratistas-especializados\/\",\"url\":\"https:\/\/www.bulldozair.com\/es\/profesion-contratistas-especializados\/\",\"name\":\"profesi\u00f3n contratistas especializados - Mezzoteam\",\"isPartOf\":{\"@id\":\"https:\/\/www.bulldozair.com\/#website\"},\"datePublished\":\"2020-12-21T18:10:27+00:00\",\"dateModified\":\"2021-01-14T12:27:01+00:00\",\"inLanguage\":\"es\",\"potentialAction\":[{\"@type\":\"ReadAction\",\"target\":[\"https:\/\/www.bulldozair.com\/es\/profesion-contratistas-especializados\/\"]}]},{\"@type\":\"WebSite\",\"@id\":\"https:\/\/www.bulldozair.com\/#website\",\"url\":\"https:\/\/www.bulldozair.com\/\",\"name\":\"Mezzoteam\",\"description\":\"Construction project management software - Suivi de chantier\",\"potentialAction\":[{\"@type\":\"SearchAction\",\"target\":{\"@type\":\"EntryPoint\",\"urlTemplate\":\"https:\/\/www.bulldozair.com\/?s={search_term_string}\"},\"query-input\":\"required name=search_term_string\"}],\"inLanguage\":\"es\"}]}<\/script>\n<!-- \/ Yoast SEO plugin. -->","yoast_head_json":{"title":"profesi\u00f3n contratistas especializados - Mezzoteam","robots":{"index":"index","follow":"follow","max-snippet":"max-snippet:-1","max-image-preview":"max-image-preview:large","max-video-preview":"max-video-preview:-1"},"canonical":"https:\/\/www.bulldozair.com\/es\/profesion-contratistas-especializados\/","og_locale":"es_ES","og_type":"article","og_title":"profesi\u00f3n contratistas especializados - Mezzoteam","og_description":"Una soluci\u00f3n para cada industria Descubre c\u00f3mo utilizan Bulldozair en diferentes sectores de actividad.","og_url":"https:\/\/www.bulldozair.com\/es\/profesion-contratistas-especializados\/","og_site_name":"Mezzoteam","article_modified_time":"2021-01-14T12:27:01+00:00","og_image":[{"url":"https:\/\/www.bulldozair.com\/wp-content\/uploads\/2020\/12\/Suivi-chantier_01-1024x1024.png"}],"twitter_card":"summary_large_image","twitter_misc":{"Tiempo de lectura":"1 minuto"},"schema":{"@context":"https:\/\/schema.org","@graph":[{"@type":"WebPage","@id":"https:\/\/www.bulldozair.com\/es\/profesion-contratistas-especializados\/","url":"https:\/\/www.bulldozair.com\/es\/profesion-contratistas-especializados\/","name":"profesi\u00f3n contratistas especializados - Mezzoteam","isPartOf":{"@id":"https:\/\/www.bulldozair.com\/#website"},"datePublished":"2020-12-21T18:10:27+00:00","dateModified":"2021-01-14T12:27:01+00:00","inLanguage":"es","potentialAction":[{"@type":"ReadAction","target":["https:\/\/www.bulldozair.com\/es\/profesion-contratistas-especializados\/"]}]},{"@type":"WebSite","@id":"https:\/\/www.bulldozair.com\/#website","url":"https:\/\/www.bulldozair.com\/","name":"Mezzoteam","description":"Construction project management software - Suivi de chantier","potentialAction":[{"@type":"SearchAction","target":{"@type":"EntryPoint","urlTemplate":"https:\/\/www.bulldozair.com\/?s={search_term_string}"},"query-input":"required name=search_term_string"}],"inLanguage":"es"}]}},"_links":{"self":[{"href":"https:\/\/www.bulldozair.com\/es\/wp-json\/wp\/v2\/pages\/7616"}],"collection":[{"href":"https:\/\/www.bulldozair.com\/es\/wp-json\/wp\/v2\/pages"}],"about":[{"href":"https:\/\/www.bulldozair.com\/es\/wp-json\/wp\/v2\/types\/page"}],"author":[{"embeddable":true,"href":"https:\/\/www.bulldozair.com\/es\/wp-json\/wp\/v2\/users\/2"}],"replies":[{"embeddable":true,"href":"https:\/\/www.bulldozair.com\/es\/wp-json\/wp\/v2\/comments?post=7616"}],"version-history":[{"count":7,"href":"https:\/\/www.bulldozair.com\/es\/wp-json\/wp\/v2\/pages\/7616\/revisions"}],"predecessor-version":[{"id":8468,"href":"https:\/\/www.bulldozair.com\/es\/wp-json\/wp\/v2\/pages\/7616\/revisions\/8468"}],"wp:attachment":[{"href":"https:\/\/www.bulldozair.com\/es\/wp-json\/wp\/v2\/media?parent=7616"}],"curies":[{"name":"wp","href":"https:\/\/api.w.org\/{rel}","templated":true}]}}