{"id":7622,"date":"2020-12-22T15:45:19","date_gmt":"2020-12-22T14:45:19","guid":{"rendered":"https:\/\/new.bulldozair.com\/?page_id=7622"},"modified":"2023-04-12T17:03:49","modified_gmt":"2023-04-12T15:03:49","slug":"precio","status":"publish","type":"page","link":"https:\/\/www.bulldozair.com\/es\/precio\/","title":{"rendered":"precio"},"content":{"rendered":"\n<section \n  class=\"hero\" \n    style=\"background-image: url(https:\/\/www.bulldozair.com\/wp-content\/themes\/bulldozair\/assets\/img\/hero\/hero-illu-3.svg)\"\n    >\n  <div class=\"container\">\n    <div class=\"row\">\n\n              <div class=\"col col-md-9 col--center ft-center\">\n          <h1>\n                          Nuestras paquetes de suscripci\u00f3n incluyen <span>usuarios y datos ilimitados <\/span>                      <\/h1>\n          \n\n<p class=\"has-medium-font-size\">Desbloquee el potencial de sus equipos y acelere el retorno de inversi\u00f3n con nuestras ofertas. Impulse la adopci\u00f3n del software de manera fluida tanto en equipos internos como externos, y promueva la colaboraci\u00f3n con facilidad.<\/p>\n\n\n        <\/div>\n          <\/div>\n  <\/div>\n<\/section>\n\n\n<div class=\"wp-block-image\">\n<figure class=\"aligncenter size-large is-resized\"><img loading=\"lazy\" decoding=\"async\" src=\"https:\/\/www.bulldozair.com\/wp-content\/uploads\/2022\/04\/Bulldozair-Clients-FR-1024x102.png\" alt=\"\" class=\"wp-image-9900\" width=\"1159\" height=\"120\"\/><\/figure><\/div>\n\n\n<div class=\"mosaic  mosaic-2-3 mosaic-row-32 mosaic-col-32\">\n  \n\n<div class=\"mosaic  mosaic-row-32 mosaic-col-32\">\n  \n<\/div>\n\n<\/div>\n\n\n<div class=\"wp-block-group is-layout-constrained wp-block-group-is-layout-constrained\"><div class=\"wp-block-group__inner-container\">\n<div class=\"mosaic  mosaic-row-32 mosaic-col-32\">\n  \n\n<div class=\"wp-block-group is-layout-flow wp-block-group-is-layout-flow\"><div class=\"wp-block-group__inner-container\">\n<div class=\"card-price\">\n  <div class=\"card-price__body\">\n    <div class=\"card-price__top\">\n      <h4 class=\"c-primary\">Prueba<\/h4>\n      <p class=\"c-secondary mb-0\">Prueba gratuita en tus proyectos.<\/p>\n\n              <h5 class=\"mt-4 mb-3 h4 ft-500 card-price__text card-price__text--estimate is-displayed\">Prueba gratuita<\/h5>\n      \n    <\/div>\n    <div class=\"card-price__bot\">\n      <p class=\"ft-500 mb-3 c-black\">Funcionalidades principales :<\/p>\n      <ul>\n                              <li class=\"f mb-2\">\n              <i class=\"icon icon-check icon-22 c-green mr-2\"><\/i>\n              <span class=\"c-secondary\">Prueba de 30 d\u00edas<\/span>\n            <\/li>\n                      <li class=\"f mb-2\">\n              <i class=\"icon icon-check icon-22 c-green mr-2\"><\/i>\n              <span class=\"c-secondary\">E-learning<\/span>\n            <\/li>\n                      <li class=\"f mb-2\">\n              <i class=\"icon icon-check icon-22 c-green mr-2\"><\/i>\n              <span class=\"c-secondary\"><strike>Setup<\/strike><\/span>\n            <\/li>\n                      <li class=\"f mb-2\">\n              <i class=\"icon icon-check icon-22 c-green mr-2\"><\/i>\n              <span class=\"c-secondary\"><strike>Account manager<\/strike><\/span>\n            <\/li>\n                        <\/ul>\n    <\/div>\n    \n\n<div class=\"wp-block-columns is-layout-flex wp-container-core-columns-layout-1 wp-block-columns-is-layout-flex\">\n<div class=\"wp-block-column is-layout-flow wp-block-column-is-layout-flow\" style=\"flex-basis:100%\">\n\n<div class=\"wp-block-buttons  aligncenter\">\n\n  \n  \n    <a href=\"https:\/\/app.bulldozair.com\/signup-es.html\" class=\"btn btn--primary-light\" target=\"_blank\">\n      Prueba gratuita              <i class=\"icon-arrow-right ml-2\"><\/i>\n          <\/a>\n\n  \n  \n\n<\/div>\n\n<\/div>\n<\/div>\n\n\n  <\/div>\n<\/div>\n<\/div><\/div>\n\n\n\n<div class=\"card-price\">\n  <div class=\"card-price__body\">\n    <div class=\"card-price__top\">\n      <h4 class=\"c-primary\">Project Pack<\/h4>\n      <p class=\"c-secondary mb-0\">Implemente en su sitio de construcci\u00f3n. Adaptado al tama\u00f1o de su proyecto<\/p>\n\n              <h5 class=\"mt-4 mb-3 h4 ft-500 card-price__text card-price__text--estimate is-displayed\">% del presupuesto<\/h5>\n      \n    <\/div>\n    <div class=\"card-price__bot\">\n      <p class=\"ft-500 mb-3 c-black\">Funcionalidades principales :<\/p>\n      <ul>\n                              <li class=\"f mb-2\">\n              <i class=\"icon icon-check icon-22 c-green mr-2\"><\/i>\n              <span class=\"c-secondary\">1 Proyecto<\/span>\n            <\/li>\n                      <li class=\"f mb-2\">\n              <i class=\"icon icon-check icon-22 c-green mr-2\"><\/i>\n              <span class=\"c-secondary\">Usuarios e invitados ilimitados<\/span>\n            <\/li>\n                      <li class=\"f mb-2\">\n              <i class=\"icon icon-check icon-22 c-green mr-2\"><\/i>\n              <span class=\"c-secondary\">Formaci\u00f3n E-learning<\/span>\n            <\/li>\n                      <li class=\"f mb-2\">\n              <i class=\"icon icon-check icon-22 c-green mr-2\"><\/i>\n              <span class=\"c-secondary\">Integraci\u00f3n CDE<\/span>\n            <\/li>\n                      <li class=\"f mb-2\">\n              <i class=\"icon icon-check icon-22 c-green mr-2\"><\/i>\n              <span class=\"c-secondary\">Reportes<\/span>\n            <\/li>\n                      <li class=\"f mb-2\">\n              <i class=\"icon icon-check icon-22 c-green mr-2\"><\/i>\n              <span class=\"c-secondary\">Soporte por chat, correo electr\u00f3nico<\/span>\n            <\/li>\n                        <\/ul>\n    <\/div>\n    \n\n\n<div class=\"wp-block-buttons  aligncenter\">\n\n  \n  \n    <a href=\"https:\/\/www.bulldozair.com\/es\/demo-esp\/\" class=\"btn btn--primary\" target=\"_self\">\n      Solicita una cotizaci\u00f3n              <i class=\"icon-arrow-right ml-2\"><\/i>\n          <\/a>\n\n  \n  \n\n<\/div>\n\n\n\n  <\/div>\n<\/div>\n\n\n\n<div class=\"card-price is-active\">\n  <div class=\"card-price__body\">\n    <div class=\"card-price__top\">\n      <h4 class=\"c-primary\">Enterprise Pack<\/h4>\n      <p class=\"c-secondary mb-0\">Una licencia de colaboraci\u00f3n que le permite trabajar con un n\u00famero ilimitado de usuarios y projectos.Adaptado al tama\u00f1o de su empresa. <\/p>\n\n              <h5 class=\"mt-4 mb-3 h4 ft-500 card-price__text card-price__text--estimate is-displayed\">% del volumen de negocio<\/h5>\n      \n    <\/div>\n    <div class=\"card-price__bot\">\n      <p class=\"ft-500 mb-3 c-black\">Funcionalidades principales :<\/p>\n      <ul>\n                              <li class=\"f mb-2\">\n              <i class=\"icon icon-check icon-22 c-green mr-2\"><\/i>\n              <span class=\"c-secondary\">Proyectos ilimitados<\/span>\n            <\/li>\n                      <li class=\"f mb-2\">\n              <i class=\"icon icon-check icon-22 c-green mr-2\"><\/i>\n              <span class=\"c-secondary\">Usuarios e invitados ilimitados<\/span>\n            <\/li>\n                      <li class=\"f mb-2\">\n              <i class=\"icon icon-check icon-22 c-green mr-2\"><\/i>\n              <span class=\"c-secondary\">Servicios de configuraci\u00f3n e implementaci\u00f3n<\/span>\n            <\/li>\n                      <li class=\"f mb-2\">\n              <i class=\"icon icon-check icon-22 c-green mr-2\"><\/i>\n              <span class=\"c-secondary\">Integraci\u00f3n y formaci\u00f3n<\/span>\n            <\/li>\n                      <li class=\"f mb-2\">\n              <i class=\"icon icon-check icon-22 c-green mr-2\"><\/i>\n              <span class=\"c-secondary\">Seguimiento de la implementaci\u00f3n y adopci\u00f3n<\/span>\n            <\/li>\n                      <li class=\"f mb-2\">\n              <i class=\"icon icon-check icon-22 c-green mr-2\"><\/i>\n              <span class=\"c-secondary\">Reportes personalizados<\/span>\n            <\/li>\n                      <li class=\"f mb-2\">\n              <i class=\"icon icon-check icon-22 c-green mr-2\"><\/i>\n              <span class=\"c-secondary\">Administraci\u00f3n de usuarios<\/span>\n            <\/li>\n                      <li class=\"f mb-2\">\n              <i class=\"icon icon-check icon-22 c-green mr-2\"><\/i>\n              <span class=\"c-secondary\">Gestor de cuentas para la implementaci\u00f3n<\/span>\n            <\/li>\n                      <li class=\"f mb-2\">\n              <i class=\"icon icon-check icon-22 c-green mr-2\"><\/i>\n              <span class=\"c-secondary\">Integraci\u00f3n CDE y GIS<\/span>\n            <\/li>\n                      <li class=\"f mb-2\">\n              <i class=\"icon icon-check icon-22 c-green mr-2\"><\/i>\n              <span class=\"c-secondary\">Integraci\u00f3n SSO \/ IT \/ API<\/span>\n            <\/li>\n                      <li class=\"f mb-2\">\n              <i class=\"icon icon-check icon-22 c-green mr-2\"><\/i>\n              <span class=\"c-secondary\">Soporte por chat, correo electr\u00f3nico y tel\u00e9fono<\/span>\n            <\/li>\n                        <\/ul>\n    <\/div>\n    \n\n\n<div class=\"wp-block-buttons  aligncenter\">\n\n  \n  \n    <a href=\"https:\/\/www.bulldozair.com\/es\/demo-esp\/\" class=\"btn btn--black\" target=\"_self\">\n      Probar Bulldozair              <i class=\"icon-arrow-right ml-2\"><\/i>\n          <\/a>\n\n  \n  \n\n<\/div>\n\n\n\n  <\/div>\n<\/div>\n\n\n<\/div><\/div><\/div>\n\n\n\n<div style=\"height:100px\" aria-hidden=\"true\" class=\"wp-block-spacer\"><\/div>\n\n\n\n<div class=\"card-banner \">\n    \n    <div class=\"card-banner__body ft-center\">\n      <div class=\"card-banner__content\">\n        <h3 class=\"h2 ft-600 ft-heading mb-3 c-white\">Bulldozair  <\/h3>\n        <p class=\"card-banner__desc mb-4 h4 c-white\">Incorpore r\u00e1pidamente a sus equipos y despliegue f\u00e1cilmente con nuestros 10 a\u00f1os de experiencia en la digitalizaci\u00f3n de empresas de obras<\/p>\n              <\/div>\n    <\/div>\n  <\/div>\n\n\n<div style=\"height:100px\" aria-hidden=\"true\" class=\"wp-block-spacer\"><\/div>\n","protected":false},"excerpt":{"rendered":"","protected":false},"author":2,"featured_media":0,"parent":0,"menu_order":0,"comment_status":"closed","ping_status":"closed","template":"","meta":{"content-type":"","footnotes":""},"acf":[],"yoast_head":"<!-- This site is optimized with the Yoast SEO plugin v21.8 - https:\/\/yoast.com\/wordpress\/plugins\/seo\/ -->\n<title>precio - Mezzoteam<\/title>\n<meta name=\"robots\" content=\"index, follow, max-snippet:-1, max-image-preview:large, max-video-preview:-1\" \/>\n<link rel=\"canonical\" href=\"https:\/\/www.bulldozair.com\/es\/precio\/\" \/>\n<meta property=\"og:locale\" content=\"es_ES\" \/>\n<meta property=\"og:type\" content=\"article\" \/>\n<meta property=\"og:title\" content=\"precio - Mezzoteam\" \/>\n<meta property=\"og:url\" content=\"https:\/\/www.bulldozair.com\/es\/precio\/\" \/>\n<meta property=\"og:site_name\" content=\"Mezzoteam\" \/>\n<meta property=\"article:modified_time\" content=\"2023-04-12T15:03:49+00:00\" \/>\n<meta property=\"og:image\" content=\"https:\/\/www.bulldozair.com\/wp-content\/uploads\/2022\/04\/Bulldozair-Clients-FR-1024x102.png\" \/>\n<meta name=\"twitter:card\" content=\"summary_large_image\" \/>\n<meta name=\"twitter:label1\" content=\"Tiempo de lectura\" \/>\n\t<meta name=\"twitter:data1\" content=\"1 minuto\" \/>\n<script type=\"application\/ld+json\" class=\"yoast-schema-graph\">{\"@context\":\"https:\/\/schema.org\",\"@graph\":[{\"@type\":\"WebPage\",\"@id\":\"https:\/\/www.bulldozair.com\/es\/precio\/\",\"url\":\"https:\/\/www.bulldozair.com\/es\/precio\/\",\"name\":\"precio - Mezzoteam\",\"isPartOf\":{\"@id\":\"https:\/\/www.bulldozair.com\/#website\"},\"datePublished\":\"2020-12-22T14:45:19+00:00\",\"dateModified\":\"2023-04-12T15:03:49+00:00\",\"inLanguage\":\"es\",\"potentialAction\":[{\"@type\":\"ReadAction\",\"target\":[\"https:\/\/www.bulldozair.com\/es\/precio\/\"]}]},{\"@type\":\"WebSite\",\"@id\":\"https:\/\/www.bulldozair.com\/#website\",\"url\":\"https:\/\/www.bulldozair.com\/\",\"name\":\"Mezzoteam\",\"description\":\"Construction project management software - Suivi de chantier\",\"potentialAction\":[{\"@type\":\"SearchAction\",\"target\":{\"@type\":\"EntryPoint\",\"urlTemplate\":\"https:\/\/www.bulldozair.com\/?s={search_term_string}\"},\"query-input\":\"required name=search_term_string\"}],\"inLanguage\":\"es\"}]}<\/script>\n<!-- \/ Yoast SEO plugin. -->","yoast_head_json":{"title":"precio - Mezzoteam","robots":{"index":"index","follow":"follow","max-snippet":"max-snippet:-1","max-image-preview":"max-image-preview:large","max-video-preview":"max-video-preview:-1"},"canonical":"https:\/\/www.bulldozair.com\/es\/precio\/","og_locale":"es_ES","og_type":"article","og_title":"precio - Mezzoteam","og_url":"https:\/\/www.bulldozair.com\/es\/precio\/","og_site_name":"Mezzoteam","article_modified_time":"2023-04-12T15:03:49+00:00","og_image":[{"url":"https:\/\/www.bulldozair.com\/wp-content\/uploads\/2022\/04\/Bulldozair-Clients-FR-1024x102.png"}],"twitter_card":"summary_large_image","twitter_misc":{"Tiempo de lectura":"1 minuto"},"schema":{"@context":"https:\/\/schema.org","@graph":[{"@type":"WebPage","@id":"https:\/\/www.bulldozair.com\/es\/precio\/","url":"https:\/\/www.bulldozair.com\/es\/precio\/","name":"precio - Mezzoteam","isPartOf":{"@id":"https:\/\/www.bulldozair.com\/#website"},"datePublished":"2020-12-22T14:45:19+00:00","dateModified":"2023-04-12T15:03:49+00:00","inLanguage":"es","potentialAction":[{"@type":"ReadAction","target":["https:\/\/www.bulldozair.com\/es\/precio\/"]}]},{"@type":"WebSite","@id":"https:\/\/www.bulldozair.com\/#website","url":"https:\/\/www.bulldozair.com\/","name":"Mezzoteam","description":"Construction project management software - Suivi de chantier","potentialAction":[{"@type":"SearchAction","target":{"@type":"EntryPoint","urlTemplate":"https:\/\/www.bulldozair.com\/?s={search_term_string}"},"query-input":"required name=search_term_string"}],"inLanguage":"es"}]}},"_links":{"self":[{"href":"https:\/\/www.bulldozair.com\/es\/wp-json\/wp\/v2\/pages\/7622"}],"collection":[{"href":"https:\/\/www.bulldozair.com\/es\/wp-json\/wp\/v2\/pages"}],"about":[{"href":"https:\/\/www.bulldozair.com\/es\/wp-json\/wp\/v2\/types\/page"}],"author":[{"embeddable":true,"href":"https:\/\/www.bulldozair.com\/es\/wp-json\/wp\/v2\/users\/2"}],"replies":[{"embeddable":true,"href":"https:\/\/www.bulldozair.com\/es\/wp-json\/wp\/v2\/comments?post=7622"}],"version-history":[{"count":35,"href":"https:\/\/www.bulldozair.com\/es\/wp-json\/wp\/v2\/pages\/7622\/revisions"}],"predecessor-version":[{"id":10033,"href":"https:\/\/www.bulldozair.com\/es\/wp-json\/wp\/v2\/pages\/7622\/revisions\/10033"}],"wp:attachment":[{"href":"https:\/\/www.bulldozair.com\/es\/wp-json\/wp\/v2\/media?parent=7622"}],"curies":[{"name":"wp","href":"https:\/\/api.w.org\/{rel}","templated":true}]}}