{"id":7643,"date":"2020-12-23T09:19:36","date_gmt":"2020-12-23T08:19:36","guid":{"rendered":"https:\/\/new.bulldozair.com\/?page_id=7643"},"modified":"2021-01-06T19:50:34","modified_gmt":"2021-01-06T18:50:34","slug":"contratacion","status":"publish","type":"page","link":"https:\/\/www.bulldozair.com\/es\/contratacion\/","title":{"rendered":"Contrataci\u00f3n"},"content":{"rendered":"\n<section \n  class=\"hero\" \n    style=\"background-image: url(https:\/\/www.bulldozair.com\/wp-content\/themes\/bulldozair\/assets\/img\/hero\/hero-illu-1.svg)\"\n    >\n  <div class=\"container\">\n    <div class=\"row\">\n\n              <div class=\"col col-md-9 col--center ft-center\">\n          <h1>\n                          <span>\u00a1Haz parte de nuestro equipo!<\/span>                      <\/h1>\n          \n\n<p>Siempre estamos en busca de nuevos talentos<\/p>\n\n\n        <\/div>\n          <\/div>\n  <\/div>\n<\/section>\n\n\n\n<h2 class=\"has-text-align-center wp-block-heading\">Nuestras ofertas de empleo<\/h2>\n\n\n\n<p class=\"has-text-align-center\">Si no encuentras una oferta de trabajo que te corresponda, prueba suerte si nuestros valores coinciden con los tuyos.<\/p>\n\n\n\n<p class=\"has-text-align-center\"><\/p>\n\n\n\n<div class=\"mosaic  mosaic-3 mosaic-row-32 mosaic-col-32\">\n  \n\n<div class=\"card-formation card-formation--job \">\n  <div class=\"card-formation__body\">\n    <div class=\"card-formation__top\">\n      <span class=\"tag ft-up\">CDI<\/span>\n      <h4 class=\"mt-2 mb-1\">DESARROLLADOR DE JAVASCRIPT SENIOR FULL-STACK (Contrato de duraci\u00f3n indefinida)<\/h4>\n\n            <p class=\"ft-secondary mb-2 c-secondary\"><i class=\"c-black icon icon-map-pin icon-15 mr-2\"><\/i>Paris<\/p>\n      \n      <p class=\"ft-secondary c-secondary\">BUSINESS DEVELOPER &#8211; PERFIL SAAS (Contrato de duraci\u00f3n indefinida)\r\n\r\n<\/p>\n    <\/div>\n\n          <a href=\"https:\/\/www.welcometothejungle.com\/fr\/companies\/bulldozair\/jobs\" class=\"link  mt-2\" target=\"_self\"><span><\/span><i class=\"icon icon-arrow-up-right ml-1\"><\/i><\/a>\n    \n  <\/div>\n<\/div>\n\n\n<div class=\"card-formation card-formation--job \">\n  <div class=\"card-formation__body\">\n    <div class=\"card-formation__top\">\n      <span class=\"tag ft-up\">CDI<\/span>\n      <h4 class=\"mt-2 mb-1\">BUSINESS DEVELOPER &#8211; PERFIL SAAS (Contrato de duraci\u00f3n indefinida)<\/h4>\n\n            <p class=\"ft-secondary mb-2 c-secondary\"><i class=\"c-black icon icon-map-pin icon-15 mr-2\"><\/i>Paris<\/p>\n      \n      <p class=\"ft-secondary c-secondary\">ntegrado\/a al equipo de crecimiento y al equipo de ventas, eres el primer punto de contacto entre un cliente potencial y la empresa. Tu funci\u00f3n ser\u00e1 doble: atender las solicitudes comerciales entrantes e identificar y contactar a nuevos clientes potenciales (concertar citas, presentaci\u00f3n del servicio y empresa, calificaci\u00f3n).<\/p>\n    <\/div>\n\n          <a href=\"https:\/\/www.welcometothejungle.com\/fr\/companies\/bulldozair\/jobs\" class=\"link  mt-2\" target=\"_self\"><span><\/span><i class=\"icon icon-arrow-up-right ml-1\"><\/i><\/a>\n    \n  <\/div>\n<\/div>\n\n\n<div class=\"card-formation card-formation--job \">\n  <div class=\"card-formation__body\">\n    <div class=\"card-formation__top\">\n      <span class=\"tag ft-up\">CDI<\/span>\n      <h4 class=\"mt-2 mb-1\">BUSINESS DEVELOPER &#8211; PERFIL CONSTRUCCI\u00d3N (Contrato de duraci\u00f3n indefinida)<\/h4>\n\n            <p class=\"ft-secondary mb-2 c-secondary\"><i class=\"c-black icon icon-map-pin icon-15 mr-2\"><\/i>Paris<\/p>\n      \n      <p class=\"ft-secondary c-secondary\">Participas plenamente en la aceleraci\u00f3n comercial de la empresa y est\u00e1s en colaboraci\u00f3n directa con los equipos de Gesti\u00f3n de cuentas y Marketing. Tu creas el enlace entre las solicitudes de los clientes y los beneficios y funcionalidades de la plataforma Bulldozair para garantizar el progreso comercial y luego el cierre.<\/p>\n    <\/div>\n\n          <a href=\"https:\/\/www.welcometothejungle.com\/fr\/companies\/bulldozair\/jobs\" class=\"link  mt-2\" target=\"_self\"><span><\/span><i class=\"icon icon-arrow-up-right ml-1\"><\/i><\/a>\n    \n  <\/div>\n<\/div>\n\n<\/div>\n\n\n<div style=\"height:49px\" aria-hidden=\"true\" class=\"wp-block-spacer is-style-small\"><\/div>\n\n\n\n\n<div class=\"wp-block-buttons  aligncenter\">\n\n  \n  \n    <a href=\"https:\/\/www.welcometothejungle.com\/fr\/companies\/bulldozair\/jobs\" class=\"btn btn--primary\" target=\"_blank\">\n      Ver todos nuestros anuncios              <i class=\"icon-chevron-right ml-2\"><\/i>\n          <\/a>\n\n  \n  \n\n<\/div>\n\n\n\n\n<div style=\"height:48px\" aria-hidden=\"true\" class=\"wp-block-spacer is-style-medium\"><\/div>\n\n\n\n<hr class=\"wp-block-separator\"\/>\n\n\n\n<div style=\"height:48px\" aria-hidden=\"true\" class=\"wp-block-spacer is-style-medium\"><\/div>\n\n\n\n<h2 class=\"has-text-align-center wp-block-heading\">Nuestros valores<\/h2>\n\n\n\n<p class=\"has-text-align-center\">Nuestro equipo es nuestro recurso m\u00e1s valioso. La diversidad, integridad, conocimiento y creatividad de cada uno de nuestros empleados constituyen una riqueza invaluable. Pasamos buenos momentos, nos ayudamos a diario y trabajamos juntos para ir m\u00e1s all\u00e1 de nuestras metas.<\/p>\n\n\n\n<p><\/p>\n\n\n\n<p class=\"wp-block-link  aligncenter\">\n  <a href=\"https:\/\/www.welcometothejungle.com\/fr\/companies\/bulldozair\/valeurs\" class=\"link\" target=\"_blank\"><span>Saber m\u00e1s<\/span><i class=\"icon icon-chevron-right ml-1\"><\/i><\/a>\n<\/p>\n\n\n<ul class=\"values-labels \">\n    <li>Ambition<\/li>\n    <li>Ownership<\/li>\n    <li>Clarity &#038; transparency<\/li>\n    <li>Pragmatism<\/li>\n    <li>Empowerment<\/li>\n    <li>Empathy<\/li>\n  <\/ul>\n\n\n\n<div style=\"height:100px\" aria-hidden=\"true\" class=\"wp-block-spacer is-style-large\"><\/div>\n\n\n\n<div class=\"section-player\" data-url=\"https:\/\/youtu.be\/W8rKIjrgSGY\">\n  <div class=\"section-player__thumbnail\" style=\"background-image: url(https:\/\/www.bulldozair.com\/wp-content\/uploads\/2020\/11\/Bulldozair-founders-Ali-El-Hariri-Maxence-Le\u0301rigner-scaled.jpeg)\"><\/div>\n  <div class=\"btn-player__icon\">\n    <i class=\"icon-play\"><\/i>\n  <\/div>\n  <div class=\"player\"><\/div>\n<\/div>\n\n\n<div style=\"height:100px\" aria-hidden=\"true\" class=\"wp-block-spacer is-style-large\"><\/div>\n\n\n\n<div class=\"wp-block-columns is-layout-flex wp-container-core-columns-layout-1 wp-block-columns-is-layout-flex\">\n<div class=\"wp-block-column is-layout-flow wp-block-column-is-layout-flow\">\n<figure class=\"wp-block-image size-large is-style-default\"><img loading=\"lazy\" decoding=\"async\" width=\"1024\" height=\"683\" src=\"https:\/\/www.bulldozair.com\/wp-content\/uploads\/2020\/11\/BULLDOZAIR-18-1024x683.jpg\" alt=\"\" class=\"wp-image-6452\" srcset=\"https:\/\/www.bulldozair.com\/wp-content\/uploads\/2020\/11\/BULLDOZAIR-18-1024x683.jpg 1024w, https:\/\/www.bulldozair.com\/wp-content\/uploads\/2020\/11\/BULLDOZAIR-18-720x480.jpg 720w, https:\/\/www.bulldozair.com\/wp-content\/uploads\/2020\/11\/BULLDOZAIR-18-768x512.jpg 768w, https:\/\/www.bulldozair.com\/wp-content\/uploads\/2020\/11\/BULLDOZAIR-18-1536x1024.jpg 1536w, https:\/\/www.bulldozair.com\/wp-content\/uploads\/2020\/11\/BULLDOZAIR-18-2048x1365.jpg 2048w\" sizes=\"(max-width: 1024px) 100vw, 1024px\" \/><\/figure>\n<\/div>\n\n\n\n<div class=\"wp-block-column is-vertically-aligned-center is-layout-flow wp-block-column-is-layout-flow\">\n<h2 class=\"wp-block-heading\">Las ventajas de trabajar en Bulldozair<\/h2>\n\n\n\n<p>Confiamos en nuestros empleados y en que tienen todo lo que se necesita para hacer propuestas, en un ambiente c\u00e1lido y trabajador. \u00bfEl objetivo? Ayudarte a progresar al mismo tiempo que Bulldozair.<\/p>\n\n\n\n<p class=\"wp-block-link \">\n  <a href=\"https:\/\/www.welcometothejungle.com\/fr\/companies\/bulldozair\/jobs\" class=\"link\" target=\"_self\"><span>Ver todos nuestros anuncios<\/span><i class=\"icon icon-chevron-right ml-1\"><\/i><\/a>\n<\/p><\/div>\n<\/div>\n\n\n\n<div style=\"height:100px\" aria-hidden=\"true\" class=\"wp-block-spacer is-style-medium\"><\/div>\n\n\n\n<h2 class=\"has-text-align-center wp-block-heading\">Lo que dicen nuestros empleados<\/h2>\n\n\n\n<div style=\"height:100px\" aria-hidden=\"true\" class=\"wp-block-spacer is-style-small\"><\/div>\n\n\n\n<div class=\"mosaic  mosaic-row-32 mosaic-col-32\">\n  \n\n<blockquote class=\"card-collaborator\">\n  <div class=\"card-collaborator__body\">\n    <div class=\"card-collaborator__top mb-3\">\n      <p class=\"card-collaborator__desc ft-500 ft-heading mb-0\">No s\u00e9 cu\u00e1l es el aspecto m\u00e1s atractivo de trabajar en BulldozAIR: mejorar la vida diaria de miles de trabajadores o compartir aventuras incre\u00edbles con el mejor equipo que te puedas imaginar. Trabajar m\u00e1s para disfrutar m\u00e1s, bienvenido a BulldozAIR.<\/p>\n    <\/div>\n    <div class=\"card-collaborator__bottom\">\n            <div class=\"img-circle img-circle--56 mr-3\">\n          <img loading=\"lazy\" decoding=\"async\" width=\"56\" height=\"56\" src=\"https:\/\/www.bulldozair.com\/wp-content\/uploads\/2020\/11\/Thibaud-e1605264586674.png\" class=\"attachment-56x56 size-56x56\" alt=\"\" \/>      <\/div>\n            <div class=\"card-collaborator__author\">\n        <p class=\"ft-primary ft-heading ft-600 ft-truncat mb-0\">Thibaud<\/p>\n        <p class=\"ft-secondary c-secondary mb-0\">Lead Software Developer<\/p>\n      <\/div>\n    <\/div>\n  <\/div>\n<\/blockquote>\n\n\n<blockquote class=\"card-collaborator\">\n  <div class=\"card-collaborator__body\">\n    <div class=\"card-collaborator__top mb-3\">\n      <p class=\"card-collaborator__desc ft-500 ft-heading mb-0\">BulldozAIR es simplemente la mejor experiencia profesional de mi carrera: un ambiente agradable en un entorno extremadamente din\u00e1mico donde se fomenta realmente la iniciativa y la creatividad.<\/p>\n    <\/div>\n    <div class=\"card-collaborator__bottom\">\n            <div class=\"img-circle img-circle--56 mr-3\">\n          <img loading=\"lazy\" decoding=\"async\" width=\"56\" height=\"56\" src=\"https:\/\/www.bulldozair.com\/wp-content\/uploads\/2020\/11\/Gaelle-e1605264645388.png\" class=\"attachment-56x56 size-56x56\" alt=\"\" \/>      <\/div>\n            <div class=\"card-collaborator__author\">\n        <p class=\"ft-primary ft-heading ft-600 ft-truncat mb-0\">Gaelle<\/p>\n        <p class=\"ft-secondary c-secondary mb-0\">Account Manager<\/p>\n      <\/div>\n    <\/div>\n  <\/div>\n<\/blockquote>\n\n\n<blockquote class=\"card-collaborator\">\n  <div class=\"card-collaborator__body\">\n    <div class=\"card-collaborator__top mb-3\">\n      <p class=\"card-collaborator__desc ft-500 ft-heading mb-0\">Me qued\u00e9 impresionado con las oportunidades de crecimiento en BulldozAIR, ya sean t\u00e9cnicas, creativas y personales. Teniendo en cuenta el ambiente \u00fanico que se respira, te sientes como en casa.<\/p>\n    <\/div>\n    <div class=\"card-collaborator__bottom\">\n            <div class=\"img-circle img-circle--56 mr-3\">\n          <img loading=\"lazy\" decoding=\"async\" width=\"56\" height=\"56\" src=\"https:\/\/www.bulldozair.com\/wp-content\/uploads\/2020\/11\/Nicolas-e1605264708567.png\" class=\"attachment-56x56 size-56x56\" alt=\"\" \/>      <\/div>\n            <div class=\"card-collaborator__author\">\n        <p class=\"ft-primary ft-heading ft-600 ft-truncat mb-0\">Nicolas<\/p>\n        <p class=\"ft-secondary c-secondary mb-0\">Custom Success Manager<\/p>\n      <\/div>\n    <\/div>\n  <\/div>\n<\/blockquote>\n\n<\/div>","protected":false},"excerpt":{"rendered":"<p>Nuestras ofertas de empleo Si no encuentras una oferta de trabajo que te corresponda, prueba suerte si nuestros valores coinciden con los tuyos. Nuestros valores Nuestro equipo es nuestro recurso m\u00e1s valioso. La diversidad, integridad, conocimiento y creatividad de cada uno de nuestros empleados constituyen una riqueza invaluable. Pasamos buenos momentos, nos ayudamos a diario [&hellip;]<\/p>\n","protected":false},"author":2,"featured_media":0,"parent":0,"menu_order":0,"comment_status":"closed","ping_status":"closed","template":"","meta":{"content-type":"","footnotes":""},"acf":[],"yoast_head":"<!-- This site is optimized with the Yoast SEO plugin v21.8 - https:\/\/yoast.com\/wordpress\/plugins\/seo\/ -->\n<title>Contrataci\u00f3n - Mezzoteam<\/title>\n<meta name=\"robots\" content=\"index, follow, max-snippet:-1, max-image-preview:large, max-video-preview:-1\" \/>\n<link rel=\"canonical\" href=\"https:\/\/www.bulldozair.com\/es\/contratacion\/\" \/>\n<meta property=\"og:locale\" content=\"es_ES\" \/>\n<meta property=\"og:type\" content=\"article\" \/>\n<meta property=\"og:title\" content=\"Contrataci\u00f3n - Mezzoteam\" \/>\n<meta property=\"og:description\" content=\"Nuestras ofertas de empleo Si no encuentras una oferta de trabajo que te corresponda, prueba suerte si nuestros valores coinciden con los tuyos. Nuestros valores Nuestro equipo es nuestro recurso m\u00e1s valioso. La diversidad, integridad, conocimiento y creatividad de cada uno de nuestros empleados constituyen una riqueza invaluable. Pasamos buenos momentos, nos ayudamos a diario [&hellip;]\" \/>\n<meta property=\"og:url\" content=\"https:\/\/www.bulldozair.com\/es\/contratacion\/\" \/>\n<meta property=\"og:site_name\" content=\"Mezzoteam\" \/>\n<meta property=\"article:modified_time\" content=\"2021-01-06T18:50:34+00:00\" \/>\n<meta property=\"og:image\" content=\"https:\/\/www.bulldozair.com\/wp-content\/uploads\/2020\/11\/BULLDOZAIR-18-1024x683.jpg\" \/>\n<meta name=\"twitter:card\" content=\"summary_large_image\" \/>\n<meta name=\"twitter:label1\" content=\"Tiempo de lectura\" \/>\n\t<meta name=\"twitter:data1\" content=\"1 minuto\" \/>\n<script type=\"application\/ld+json\" class=\"yoast-schema-graph\">{\"@context\":\"https:\/\/schema.org\",\"@graph\":[{\"@type\":\"WebPage\",\"@id\":\"https:\/\/www.bulldozair.com\/es\/contratacion\/\",\"url\":\"https:\/\/www.bulldozair.com\/es\/contratacion\/\",\"name\":\"Contrataci\u00f3n - Mezzoteam\",\"isPartOf\":{\"@id\":\"https:\/\/www.bulldozair.com\/#website\"},\"datePublished\":\"2020-12-23T08:19:36+00:00\",\"dateModified\":\"2021-01-06T18:50:34+00:00\",\"inLanguage\":\"es\",\"potentialAction\":[{\"@type\":\"ReadAction\",\"target\":[\"https:\/\/www.bulldozair.com\/es\/contratacion\/\"]}]},{\"@type\":\"WebSite\",\"@id\":\"https:\/\/www.bulldozair.com\/#website\",\"url\":\"https:\/\/www.bulldozair.com\/\",\"name\":\"Mezzoteam\",\"description\":\"Construction project management software - Suivi de chantier\",\"potentialAction\":[{\"@type\":\"SearchAction\",\"target\":{\"@type\":\"EntryPoint\",\"urlTemplate\":\"https:\/\/www.bulldozair.com\/?s={search_term_string}\"},\"query-input\":\"required name=search_term_string\"}],\"inLanguage\":\"es\"}]}<\/script>\n<!-- \/ Yoast SEO plugin. -->","yoast_head_json":{"title":"Contrataci\u00f3n - Mezzoteam","robots":{"index":"index","follow":"follow","max-snippet":"max-snippet:-1","max-image-preview":"max-image-preview:large","max-video-preview":"max-video-preview:-1"},"canonical":"https:\/\/www.bulldozair.com\/es\/contratacion\/","og_locale":"es_ES","og_type":"article","og_title":"Contrataci\u00f3n - Mezzoteam","og_description":"Nuestras ofertas de empleo Si no encuentras una oferta de trabajo que te corresponda, prueba suerte si nuestros valores coinciden con los tuyos. Nuestros valores Nuestro equipo es nuestro recurso m\u00e1s valioso. La diversidad, integridad, conocimiento y creatividad de cada uno de nuestros empleados constituyen una riqueza invaluable. Pasamos buenos momentos, nos ayudamos a diario [&hellip;]","og_url":"https:\/\/www.bulldozair.com\/es\/contratacion\/","og_site_name":"Mezzoteam","article_modified_time":"2021-01-06T18:50:34+00:00","og_image":[{"url":"https:\/\/www.bulldozair.com\/wp-content\/uploads\/2020\/11\/BULLDOZAIR-18-1024x683.jpg"}],"twitter_card":"summary_large_image","twitter_misc":{"Tiempo de lectura":"1 minuto"},"schema":{"@context":"https:\/\/schema.org","@graph":[{"@type":"WebPage","@id":"https:\/\/www.bulldozair.com\/es\/contratacion\/","url":"https:\/\/www.bulldozair.com\/es\/contratacion\/","name":"Contrataci\u00f3n - Mezzoteam","isPartOf":{"@id":"https:\/\/www.bulldozair.com\/#website"},"datePublished":"2020-12-23T08:19:36+00:00","dateModified":"2021-01-06T18:50:34+00:00","inLanguage":"es","potentialAction":[{"@type":"ReadAction","target":["https:\/\/www.bulldozair.com\/es\/contratacion\/"]}]},{"@type":"WebSite","@id":"https:\/\/www.bulldozair.com\/#website","url":"https:\/\/www.bulldozair.com\/","name":"Mezzoteam","description":"Construction project management software - Suivi de chantier","potentialAction":[{"@type":"SearchAction","target":{"@type":"EntryPoint","urlTemplate":"https:\/\/www.bulldozair.com\/?s={search_term_string}"},"query-input":"required name=search_term_string"}],"inLanguage":"es"}]}},"_links":{"self":[{"href":"https:\/\/www.bulldozair.com\/es\/wp-json\/wp\/v2\/pages\/7643"}],"collection":[{"href":"https:\/\/www.bulldozair.com\/es\/wp-json\/wp\/v2\/pages"}],"about":[{"href":"https:\/\/www.bulldozair.com\/es\/wp-json\/wp\/v2\/types\/page"}],"author":[{"embeddable":true,"href":"https:\/\/www.bulldozair.com\/es\/wp-json\/wp\/v2\/users\/2"}],"replies":[{"embeddable":true,"href":"https:\/\/www.bulldozair.com\/es\/wp-json\/wp\/v2\/comments?post=7643"}],"version-history":[{"count":4,"href":"https:\/\/www.bulldozair.com\/es\/wp-json\/wp\/v2\/pages\/7643\/revisions"}],"predecessor-version":[{"id":8116,"href":"https:\/\/www.bulldozair.com\/es\/wp-json\/wp\/v2\/pages\/7643\/revisions\/8116"}],"wp:attachment":[{"href":"https:\/\/www.bulldozair.com\/es\/wp-json\/wp\/v2\/media?parent=7643"}],"curies":[{"name":"wp","href":"https:\/\/api.w.org\/{rel}","templated":true}]}}