{"id":7987,"date":"2021-01-06T15:56:19","date_gmt":"2021-01-06T14:56:19","guid":{"rendered":"https:\/\/new.bulldozair.com\/?page_id=7987"},"modified":"2026-03-26T11:56:34","modified_gmt":"2026-03-26T10:56:34","slug":"contactanos","status":"publish","type":"page","link":"https:\/\/www.bulldozair.com\/es\/contactanos\/","title":{"rendered":"Cont\u00e1ctanos"},"content":{"rendered":"\n<div class=\"wp-block-group ft-center is-layout-flow wp-block-group-is-layout-flow\"><div class=\"wp-block-group__inner-container\">\n\n<i class=\"icon-check  mb-2 icon--round icon--block icon-36 c-green\"><\/i>\n\n\n\n<h2 class=\"wp-block-heading has-text-align-center\">Contacto<\/h2>\n\n\n\n<p class=\"has-text-align-center\">Descubra la plataforma Mezzoteam y sus tres m\u00f3dulos: FIELD, CDE y Finance. Cont\u00e1ctenos para obtener m\u00e1s informaci\u00f3n.<\/p>\n<\/div><\/div>\n\n\n\n<p class=\"wp-block-link  aligncenter\">\n  <a href=\"https:\/\/www.mezzoteam.fr\/es\/contacto\/?utm_source=sitebulldo&#038;utm_medium=ctacontactnousES\" class=\"link\" target=\"_self\"><span>Solicite una demostraci\u00f3n<\/span><i class=\"icon icon-chevron-right ml-1\"><\/i><\/a>\n<\/p>\n\n\n<div class=\"wp-block-group ft-center is-layout-flow wp-block-group-is-layout-flow\"><div class=\"wp-block-group__inner-container\">\n\n<i class=\"icon-check  mb-2 icon--round icon--block icon-36 c-green\"><\/i>\n\n\n\n<h2 class=\"wp-block-heading has-text-align-center\">Documentaci\u00f3n completa<\/h2>\n\n\n\n<p class=\"has-text-align-center\">Accede a nuestro centro de ayuda donde encontrar\u00e1s todas las respuestas sobre el uso de Bulldozair o ponte en contacto con nuestro servicio de atenci\u00f3n al cliente.<\/p>\n<\/div><\/div>\n\n\n\n<p class=\"wp-block-link  aligncenter\">\n  <a href=\"https:\/\/www.bulldozair.com\/es\/centro-ayuda\/\" class=\"link\" target=\"_self\"><span>Centro de ayuda<\/span><i class=\"icon icon-chevron-right ml-1\"><\/i><\/a>\n<\/p>\n\n\n<div style=\"height:100px\" aria-hidden=\"true\" class=\"wp-block-spacer\"><\/div>\n\n\n\n<div class=\"card-banner \">\n    \n    <div class=\"card-banner__body ft-center\">\n      <div class=\"card-banner__content\">\n        <h3 class=\"h2 ft-600 ft-heading mb-3 c-white\">Prueba realizar tu proyecto con Bulldozair<\/h3>\n        <p class=\"card-banner__desc mb-4 h4 c-white\">Aumenta tu productividad hoy mismo gestionando todos tus proyectos de construcci\u00f3n con Bulldozair.<\/p>\n                <a href=\"https:\/\/app.bulldozair.com\/signup-fr.html\" class=\"btn btn--white\" target=\"_blank\"><span>Probar ahora<\/span><i class=\"icon icon-chevron-right ml-2\"><\/i><\/a>\n              <\/div>\n    <\/div>\n  <\/div>","protected":false},"excerpt":{"rendered":"<p>Contacto Descubra la plataforma Mezzoteam y sus tres m\u00f3dulos: FIELD, CDE y Finance. Cont\u00e1ctenos para obtener m\u00e1s informaci\u00f3n. Documentaci\u00f3n completa Accede a nuestro centro de ayuda donde encontrar\u00e1s todas las respuestas sobre el uso de Bulldozair o ponte en contacto con nuestro servicio de atenci\u00f3n al cliente.<\/p>\n","protected":false},"author":2,"featured_media":0,"parent":0,"menu_order":0,"comment_status":"closed","ping_status":"closed","template":"","meta":{"content-type":"","footnotes":""},"acf":[],"yoast_head":"<!-- This site is optimized with the Yoast SEO plugin v21.8 - https:\/\/yoast.com\/wordpress\/plugins\/seo\/ -->\n<title>Cont\u00e1ctanos - Mezzoteam<\/title>\n<meta name=\"robots\" content=\"index, follow, max-snippet:-1, max-image-preview:large, max-video-preview:-1\" \/>\n<link rel=\"canonical\" href=\"https:\/\/www.bulldozair.com\/es\/contactanos\/\" \/>\n<meta property=\"og:locale\" content=\"es_ES\" \/>\n<meta property=\"og:type\" content=\"article\" \/>\n<meta property=\"og:title\" content=\"Cont\u00e1ctanos - Mezzoteam\" \/>\n<meta property=\"og:description\" content=\"Contacto Descubra la plataforma Mezzoteam y sus tres m\u00f3dulos: FIELD, CDE y Finance. Cont\u00e1ctenos para obtener m\u00e1s informaci\u00f3n. Documentaci\u00f3n completa Accede a nuestro centro de ayuda donde encontrar\u00e1s todas las respuestas sobre el uso de Bulldozair o ponte en contacto con nuestro servicio de atenci\u00f3n al cliente.\" \/>\n<meta property=\"og:url\" content=\"https:\/\/www.bulldozair.com\/es\/contactanos\/\" \/>\n<meta property=\"og:site_name\" content=\"Mezzoteam\" \/>\n<meta property=\"article:modified_time\" content=\"2026-03-26T10:56:34+00:00\" \/>\n<meta name=\"twitter:card\" content=\"summary_large_image\" \/>\n<meta name=\"twitter:label1\" content=\"Tiempo de lectura\" \/>\n\t<meta name=\"twitter:data1\" content=\"1 minuto\" \/>\n<script type=\"application\/ld+json\" class=\"yoast-schema-graph\">{\"@context\":\"https:\/\/schema.org\",\"@graph\":[{\"@type\":\"WebPage\",\"@id\":\"https:\/\/www.bulldozair.com\/es\/contactanos\/\",\"url\":\"https:\/\/www.bulldozair.com\/es\/contactanos\/\",\"name\":\"Cont\u00e1ctanos - Mezzoteam\",\"isPartOf\":{\"@id\":\"https:\/\/www.bulldozair.com\/#website\"},\"datePublished\":\"2021-01-06T14:56:19+00:00\",\"dateModified\":\"2026-03-26T10:56:34+00:00\",\"inLanguage\":\"es\",\"potentialAction\":[{\"@type\":\"ReadAction\",\"target\":[\"https:\/\/www.bulldozair.com\/es\/contactanos\/\"]}]},{\"@type\":\"WebSite\",\"@id\":\"https:\/\/www.bulldozair.com\/#website\",\"url\":\"https:\/\/www.bulldozair.com\/\",\"name\":\"Mezzoteam\",\"description\":\"Construction project management software - Suivi de chantier\",\"potentialAction\":[{\"@type\":\"SearchAction\",\"target\":{\"@type\":\"EntryPoint\",\"urlTemplate\":\"https:\/\/www.bulldozair.com\/?s={search_term_string}\"},\"query-input\":\"required name=search_term_string\"}],\"inLanguage\":\"es\"}]}<\/script>\n<!-- \/ Yoast SEO plugin. -->","yoast_head_json":{"title":"Cont\u00e1ctanos - Mezzoteam","robots":{"index":"index","follow":"follow","max-snippet":"max-snippet:-1","max-image-preview":"max-image-preview:large","max-video-preview":"max-video-preview:-1"},"canonical":"https:\/\/www.bulldozair.com\/es\/contactanos\/","og_locale":"es_ES","og_type":"article","og_title":"Cont\u00e1ctanos - Mezzoteam","og_description":"Contacto Descubra la plataforma Mezzoteam y sus tres m\u00f3dulos: FIELD, CDE y Finance. Cont\u00e1ctenos para obtener m\u00e1s informaci\u00f3n. Documentaci\u00f3n completa Accede a nuestro centro de ayuda donde encontrar\u00e1s todas las respuestas sobre el uso de Bulldozair o ponte en contacto con nuestro servicio de atenci\u00f3n al cliente.","og_url":"https:\/\/www.bulldozair.com\/es\/contactanos\/","og_site_name":"Mezzoteam","article_modified_time":"2026-03-26T10:56:34+00:00","twitter_card":"summary_large_image","twitter_misc":{"Tiempo de lectura":"1 minuto"},"schema":{"@context":"https:\/\/schema.org","@graph":[{"@type":"WebPage","@id":"https:\/\/www.bulldozair.com\/es\/contactanos\/","url":"https:\/\/www.bulldozair.com\/es\/contactanos\/","name":"Cont\u00e1ctanos - Mezzoteam","isPartOf":{"@id":"https:\/\/www.bulldozair.com\/#website"},"datePublished":"2021-01-06T14:56:19+00:00","dateModified":"2026-03-26T10:56:34+00:00","inLanguage":"es","potentialAction":[{"@type":"ReadAction","target":["https:\/\/www.bulldozair.com\/es\/contactanos\/"]}]},{"@type":"WebSite","@id":"https:\/\/www.bulldozair.com\/#website","url":"https:\/\/www.bulldozair.com\/","name":"Mezzoteam","description":"Construction project management software - Suivi de chantier","potentialAction":[{"@type":"SearchAction","target":{"@type":"EntryPoint","urlTemplate":"https:\/\/www.bulldozair.com\/?s={search_term_string}"},"query-input":"required name=search_term_string"}],"inLanguage":"es"}]}},"_links":{"self":[{"href":"https:\/\/www.bulldozair.com\/es\/wp-json\/wp\/v2\/pages\/7987"}],"collection":[{"href":"https:\/\/www.bulldozair.com\/es\/wp-json\/wp\/v2\/pages"}],"about":[{"href":"https:\/\/www.bulldozair.com\/es\/wp-json\/wp\/v2\/types\/page"}],"author":[{"embeddable":true,"href":"https:\/\/www.bulldozair.com\/es\/wp-json\/wp\/v2\/users\/2"}],"replies":[{"embeddable":true,"href":"https:\/\/www.bulldozair.com\/es\/wp-json\/wp\/v2\/comments?post=7987"}],"version-history":[{"count":16,"href":"https:\/\/www.bulldozair.com\/es\/wp-json\/wp\/v2\/pages\/7987\/revisions"}],"predecessor-version":[{"id":11038,"href":"https:\/\/www.bulldozair.com\/es\/wp-json\/wp\/v2\/pages\/7987\/revisions\/11038"}],"wp:attachment":[{"href":"https:\/\/www.bulldozair.com\/es\/wp-json\/wp\/v2\/media?parent=7987"}],"curies":[{"name":"wp","href":"https:\/\/api.w.org\/{rel}","templated":true}]}}