{"id":3010,"date":"2015-12-07T00:00:00","date_gmt":"2015-12-06T23:00:00","guid":{"rendered":"https:\/\/new.bulldozair.com\/mentions\/"},"modified":"2025-01-07T17:59:05","modified_gmt":"2025-01-07T16:59:05","slug":"mentions","status":"publish","type":"page","link":"https:\/\/www.bulldozair.com\/fr\/mentions\/","title":{"rendered":"Politique de Confidentialit\u00e9"},"content":{"rendered":"<h3>Mezzoteam<\/h3>\n<p><strong>Si\u00e8ge social<\/strong> : 20 Rue des Aqueducs &#8211; 94250 Gentilly, France<br \/>\n<strong>N\u00b0 de Siret<\/strong> : 344 894 985 00078 RCS Cr\u00e9teil<br \/>\n<strong>APE<\/strong> : 5829C<br \/>\n<strong>E-mail<\/strong> : contact@mezzoteam.fr<br \/>\n<strong>T\u00e9l\u00e9phone<\/strong> : +33 (0)1 77 92 92 92<br \/>\n<strong>H\u00e9bergement<\/strong> : le site www.bulldozair.com est h\u00e9berg\u00e9 par la soci\u00e9t\u00e9 Microsoft dont le si\u00e8ge en France est au 39, quai du Pr\u00e9sident Roosevelt, 92130, Issy les Moulineaux<\/p>\n<p>Mezzoteam est une filiale du Groupe Infopro Digital<br \/>\n<a href=\"https:\/\/www.infopro-digital.com\/fr\/rgpd\/france\/\" target=\"_blank\" rel=\"noopener\" data-wplink-edit=\"true\">RGPD : Charte des donn\u00e9es personnelles du Groupe Infopro Digital en France<\/a><\/p>\n<p>Cette politique de confidentialit\u00e9 (\u00ab Politique de Confidentialit\u00e9 \u00bb) fait partie des CGU. Chaque mot d\u00e9fini dans les CGU a la m\u00eame signification dans la Politique de Confidentialit\u00e9.<\/p>\n<p>En acc\u00e9dant et utilisant BulldozAIR, les Utilisateurs s\u2019engagent \u00e0 respecter et \u00e0 \u00eatre li\u00e9s par cette Politique de Confidentialit\u00e9, qui peut \u00eatre modifi\u00e9e ou mise \u00e0 jour \u00e0 tout moment sans pr\u00e9avis. Toute modification ou mise \u00e0 jour seront mises en ligne sur le Site.<\/p>\n<h3>I. Nature des Donn\u00e9es \u00e0 Caract\u00e8re Personnel collect\u00e9es<\/h3>\n<p>Mezzoteam recueille et traite les donn\u00e9es que les Utilisateurs fournissent volontairement afin d&rsquo;acc\u00e9der ou d\u2019utiliser BulldozAIR ainsi que les donn\u00e9es relatives aux pr\u00e9f\u00e9rences des Utilisateurs et au trafic (comme les adresses IP).<br \/>\nLes finalit\u00e9s de ce traitement de donn\u00e9es sont de permettre aux Utilisateurs de cr\u00e9er un Compte pour acc\u00e9der \u00e0 BulldozAIR et utiliser les services, d\u2019am\u00e9liorer les services en pla\u00e7ant des cookies sur les terminaux des Utilisateurs et de leur envoyer des offres commerciales.<br \/>\nLes Utilisateurs doivent pour ouvrir un Compte fournir \u00e0 Mezzoteam \u00e0 tout le moins les informations personnelles d\u2019identification suivantes pour utiliser BulldozAIR :<\/p>\n<ul>\n<li>Nom et Pr\u00e9nom<\/li>\n<li>Adresse e-mail<\/li>\n<li>Nom de la soci\u00e9t\u00e9<\/li>\n<li>Num\u00e9ro de t\u00e9l\u00e9phone<\/li>\n<\/ul>\n<p>Mezzoteam ne collectera jamais ou ne traitera jamais de Donn\u00e9es \u00e0 Caract\u00e8re Personnel concernant, directement ou indirectement, la race, la sant\u00e9, l&rsquo;orientation sexuelle, les opinions politiques, philosophiques et religieuses. Les Utilisateurs ne doivent pas stocker ces Donn\u00e9es \u00e0 Caract\u00e8re Personnel sur BulldozAIR.<\/p>\n<h3>II. Donn\u00e9es autres qu\u2019\u00e0 Caract\u00e8re Personnel et cookies<\/h3>\n<p><strong>2.1. Trafic<\/strong><br \/>\nLes donn\u00e9es de trafic sont g\u00e9n\u00e9r\u00e9es lorsque les terminaux des Utilisateurs se connectent \u00e0 l\u2019internet et ne sont pas suffisantes seules pour les identifier. Mezzoteam peut recueillir les donn\u00e9es suivantes: origine de la connexion, le type et la version du navigateur Internet de l&rsquo;Utilisateur, la dur\u00e9e de connexion, etc.<br \/>\nCes donn\u00e9es peuvent \u00eatre utilis\u00e9es \u00e0 des fins statistiques pour analyser le trafic et pour am\u00e9liorer BulldozAIR. Les donn\u00e9es de trafic sont toujours trait\u00e9es de fa\u00e7on anonyme.<\/p>\n<p><strong>2.2. Cookies<\/strong><\/p>\n<p>Mezzoteam d\u00e9pose des cookies sur les terminaux des Utilisateurs. Ces petits fichiers peuvent contenir, par exemple, les donn\u00e9es de trafic et les pr\u00e9f\u00e9rences des Utilisateurs.<br \/>\nLes objectifs des cookies plac\u00e9s par Mezzoteam sont les suivants :<\/p>\n<ul>\n<li>authentifier les Utilisateurs ;<\/li>\n<li>enregistrer les visites des Utilisateurs et leur origine ;<\/li>\n<li>enregistrer le pays et le langage des Utilisateurs.<\/li>\n<\/ul>\n<p>Les cookies sont obligatoires pour utiliser BulldozAIR et par cons\u00e9quent doivent \u00eatre accept\u00e9s par les Utilisateurs. Les Utilisateurs peuvent configurer leur navigateur pour d\u00e9sactiver les cookies ou les avertir avant d&rsquo;accepter un cookie sur les sites web qu&rsquo;ils visitent. Cependant, si les Utilisateurs d\u00e9sactivent les cookies, ils peuvent ne pas \u00eatre en mesure d&rsquo;utiliser toutes les parties de BulldozAIR, du Site ou toutes les fonctionnalit\u00e9s de BulldozAIR.<\/p>\n<h3>III. Traitement des Donn\u00e9es \u00e0 Caract\u00e8re Personnel des Utilisateurs<\/h3>\n<p>Mezzoteam collecte et traite les Donn\u00e9es \u00e0 Caract\u00e8re Personnel des Utilisateurs d&rsquo;une mani\u00e8re loyale et licite et dans le respect de leurs droits. Mezzoteam est l&rsquo;entit\u00e9 responsable du traitement de Donn\u00e9es \u00e0 Caract\u00e8re Personnel des Utilisateurs.<\/p>\n<p>Le traitement des Donn\u00e9es \u00e0 Caract\u00e8re Personnel des Utilisateurs r\u00e9alis\u00e9 par Mezzoteam est d\u00e9clar\u00e9 aupr\u00e8s de l\u2019autorit\u00e9 fran\u00e7aise : la \u00ab Commission Nationale de l&rsquo;Informatique et des Libert\u00e9s \u00bb (CNIL).<\/p>\n<h3>IV. Conservation des Donn\u00e9es \u00e0 Caract\u00e8re Personnel des Utilisateurs<\/h3>\n<p><strong>4.1. S\u00e9curit\u00e9<\/strong><br \/>\nLes Donn\u00e9es \u00e0 Caract\u00e8re Personnel communiqu\u00e9es par les Utilisateurs sont h\u00e9berg\u00e9es par Mezzoteam.<br \/>\nMezzoteam met tout en \u0153uvre pour \u00e9viter toute ing\u00e9rence avec les Donn\u00e9es \u00e0 Caract\u00e8re Personnel des Utilisateurs, telle que la perte, le d\u00e9tournement, l\u2019intrusion, la divulgation non autoris\u00e9e, l&rsquo;alt\u00e9ration ou la destruction des Donn\u00e9es \u00e0 Caract\u00e8re Personnel.<br \/>\nSans pr\u00e9judice de l&rsquo;alin\u00e9a suivant, les Donn\u00e9es \u00e0 Caract\u00e8re Personnel trait\u00e9es par Mezzoteam peuvent \u00eatre conserv\u00e9es si n\u00e9cessaire afin de respecter nos obligations l\u00e9gales, de r\u00e9soudre des litiges et de mettre en application nos accords.<\/p>\n<p><strong>4.2. Annulation de Compte<\/strong><br \/>\nLes Utilisateurs peuvent demander que leur Compte soit supprim\u00e9 en application des CGU. Leurs donn\u00e9es seront supprim\u00e9es par Mezzoteam sans pr\u00e9judice de la section 4.1 ci-dessus.<\/p>\n<h3>V. Transfert des Donn\u00e9es \u00e0 Caract\u00e8re Personnel des Utilisateurs<\/h3>\n<p>Pour ex\u00e9cuter certaines fonctionnalit\u00e9s de BulldozAIR, les Donn\u00e9es \u00e0 Caract\u00e8re Personnel des Utilisateurs (comme les noms et adresses) peuvent transiter via les fournisseurs de Mezzoteam y compris, mais sans s&rsquo;y limiter \u00e0 : MailChimp, Mailjet, SendGrid.<br \/>\nMezzoteam peut fournir des Donn\u00e9es \u00e0 Caract\u00e8re Personnel des Utilisateurs si cela est requis par la loi ou ordonn\u00e9 par une juridiction.<\/p>\n<h3>VI. Communication de Mezzoteam<\/h3>\n<p>Mezzoteam peut envoyer des emails aux Utilisateurs \u00e0 l&rsquo;adresse \u00e9lectronique associ\u00e9e \u00e0 leur Compte pour des raisons techniques ou administratives ou pour informer les Utilisateurs de l&rsquo;\u00e9volution de ses services. Mezzoteam peut envoyer aux Utilisateurs des offres commerciales sans lien avec BulldozAIR, mais les Utilisateurs peuvent se d\u00e9sinscrire \u00e0 tout moment.<\/p>\n<h3>VII. Droit d\u2019acc\u00e8s, de modification et de suppression des Donn\u00e9es \u00e0 Caract\u00e8re Personnel des Utilisateurs<\/h3>\n<p>Conform\u00e9ment \u00e0 la loi fran\u00e7aise du 6 Janvier 1978 dite \u00ab Informatique et Libert\u00e9s \u00bb, les Utilisateurs disposent d\u2019un droit d&rsquo;acc\u00e8s, de modification et d\u2019opposition au traitement, ils peuvent demander la suppression des Donn\u00e9es \u00e0 Caract\u00e8re Personnel collect\u00e9es ou trait\u00e9es par Mezzoteam (sauf stipulations de la section IV.).<br \/>\nLes Utilisateurs peuvent exercer ce droit en \u00e9crivant \u00e0 Mezzoteam.<br \/>\nLes Utilisateurs peuvent \u00e9galement modifier leurs Donn\u00e9es \u00e0 Caract\u00e8re Personnel directement \u00e0 partir leur Compte.<\/p>\n","protected":false},"excerpt":{"rendered":"<p>Mezzoteam Si\u00e8ge social : 20 Rue des Aqueducs &#8211; 94250 Gentilly, France N\u00b0 de Siret : 344 894 985 00078 RCS Cr\u00e9teil APE : 5829C E-mail : contact@mezzoteam.fr T\u00e9l\u00e9phone : +33 (0)1 77 92 92 92 H\u00e9bergement : le site www.bulldozair.com est h\u00e9berg\u00e9 par la soci\u00e9t\u00e9 Microsoft dont le si\u00e8ge en France est au 39, [&hellip;]<\/p>\n","protected":false},"author":2,"featured_media":0,"parent":0,"menu_order":0,"comment_status":"closed","ping_status":"closed","template":"","meta":{"content-type":"","footnotes":""},"acf":[],"yoast_head":"<!-- This site is optimized with the Yoast SEO plugin v21.8 - https:\/\/yoast.com\/wordpress\/plugins\/seo\/ -->\n<title>Politique de Confidentialit\u00e9 - BulldozAIR - Du terrain au bureau<\/title>\n<meta name=\"robots\" content=\"index, follow, max-snippet:-1, max-image-preview:large, max-video-preview:-1\" \/>\n<link rel=\"canonical\" href=\"https:\/\/www.bulldozair.com\/fr\/mentions\/\" \/>\n<meta property=\"og:locale\" content=\"fr_FR\" \/>\n<meta property=\"og:type\" content=\"article\" \/>\n<meta property=\"og:title\" content=\"Politique de Confidentialit\u00e9 - BulldozAIR - Du terrain au bureau\" \/>\n<meta property=\"og:description\" content=\"Mezzoteam Si\u00e8ge social : 20 Rue des Aqueducs &#8211; 94250 Gentilly, France N\u00b0 de Siret : 344 894 985 00078 RCS Cr\u00e9teil APE : 5829C E-mail : contact@mezzoteam.fr T\u00e9l\u00e9phone : +33 (0)1 77 92 92 92 H\u00e9bergement : le site www.bulldozair.com est h\u00e9berg\u00e9 par la soci\u00e9t\u00e9 Microsoft dont le si\u00e8ge en France est au 39, [&hellip;]\" \/>\n<meta property=\"og:url\" content=\"https:\/\/www.bulldozair.com\/fr\/mentions\/\" \/>\n<meta property=\"og:site_name\" content=\"Mezzoteam\" \/>\n<meta property=\"article:modified_time\" content=\"2025-01-07T16:59:05+00:00\" \/>\n<meta name=\"twitter:card\" content=\"summary_large_image\" \/>\n<meta name=\"twitter:label1\" content=\"Dur\u00e9e de lecture estim\u00e9e\" \/>\n\t<meta name=\"twitter:data1\" content=\"5 minutes\" \/>\n<script type=\"application\/ld+json\" class=\"yoast-schema-graph\">{\"@context\":\"https:\/\/schema.org\",\"@graph\":[{\"@type\":\"WebPage\",\"@id\":\"https:\/\/www.bulldozair.com\/fr\/mentions\/\",\"url\":\"https:\/\/www.bulldozair.com\/fr\/mentions\/\",\"name\":\"Politique de Confidentialit\u00e9 - BulldozAIR - Du terrain au bureau\",\"isPartOf\":{\"@id\":\"https:\/\/www.bulldozair.com\/#website\"},\"datePublished\":\"2015-12-06T23:00:00+00:00\",\"dateModified\":\"2025-01-07T16:59:05+00:00\",\"inLanguage\":\"fr-FR\",\"potentialAction\":[{\"@type\":\"ReadAction\",\"target\":[\"https:\/\/www.bulldozair.com\/fr\/mentions\/\"]}]},{\"@type\":\"WebSite\",\"@id\":\"https:\/\/www.bulldozair.com\/#website\",\"url\":\"https:\/\/www.bulldozair.com\/\",\"name\":\"Mezzoteam\",\"description\":\"Construction project management software - Suivi de chantier\",\"potentialAction\":[{\"@type\":\"SearchAction\",\"target\":{\"@type\":\"EntryPoint\",\"urlTemplate\":\"https:\/\/www.bulldozair.com\/?s={search_term_string}\"},\"query-input\":\"required name=search_term_string\"}],\"inLanguage\":\"fr-FR\"}]}<\/script>\n<!-- \/ Yoast SEO plugin. -->","yoast_head_json":{"title":"Politique de Confidentialit\u00e9 - BulldozAIR - Du terrain au bureau","robots":{"index":"index","follow":"follow","max-snippet":"max-snippet:-1","max-image-preview":"max-image-preview:large","max-video-preview":"max-video-preview:-1"},"canonical":"https:\/\/www.bulldozair.com\/fr\/mentions\/","og_locale":"fr_FR","og_type":"article","og_title":"Politique de Confidentialit\u00e9 - BulldozAIR - Du terrain au bureau","og_description":"Mezzoteam Si\u00e8ge social : 20 Rue des Aqueducs &#8211; 94250 Gentilly, France N\u00b0 de Siret : 344 894 985 00078 RCS Cr\u00e9teil APE : 5829C E-mail : contact@mezzoteam.fr T\u00e9l\u00e9phone : +33 (0)1 77 92 92 92 H\u00e9bergement : le site www.bulldozair.com est h\u00e9berg\u00e9 par la soci\u00e9t\u00e9 Microsoft dont le si\u00e8ge en France est au 39, [&hellip;]","og_url":"https:\/\/www.bulldozair.com\/fr\/mentions\/","og_site_name":"Mezzoteam","article_modified_time":"2025-01-07T16:59:05+00:00","twitter_card":"summary_large_image","twitter_misc":{"Dur\u00e9e de lecture estim\u00e9e":"5 minutes"},"schema":{"@context":"https:\/\/schema.org","@graph":[{"@type":"WebPage","@id":"https:\/\/www.bulldozair.com\/fr\/mentions\/","url":"https:\/\/www.bulldozair.com\/fr\/mentions\/","name":"Politique de Confidentialit\u00e9 - BulldozAIR - Du terrain au bureau","isPartOf":{"@id":"https:\/\/www.bulldozair.com\/#website"},"datePublished":"2015-12-06T23:00:00+00:00","dateModified":"2025-01-07T16:59:05+00:00","inLanguage":"fr-FR","potentialAction":[{"@type":"ReadAction","target":["https:\/\/www.bulldozair.com\/fr\/mentions\/"]}]},{"@type":"WebSite","@id":"https:\/\/www.bulldozair.com\/#website","url":"https:\/\/www.bulldozair.com\/","name":"Mezzoteam","description":"Construction project management software - Suivi de chantier","potentialAction":[{"@type":"SearchAction","target":{"@type":"EntryPoint","urlTemplate":"https:\/\/www.bulldozair.com\/?s={search_term_string}"},"query-input":"required name=search_term_string"}],"inLanguage":"fr-FR"}]}},"_links":{"self":[{"href":"https:\/\/www.bulldozair.com\/fr\/wp-json\/wp\/v2\/pages\/3010"}],"collection":[{"href":"https:\/\/www.bulldozair.com\/fr\/wp-json\/wp\/v2\/pages"}],"about":[{"href":"https:\/\/www.bulldozair.com\/fr\/wp-json\/wp\/v2\/types\/page"}],"author":[{"embeddable":true,"href":"https:\/\/www.bulldozair.com\/fr\/wp-json\/wp\/v2\/users\/2"}],"replies":[{"embeddable":true,"href":"https:\/\/www.bulldozair.com\/fr\/wp-json\/wp\/v2\/comments?post=3010"}],"version-history":[{"count":5,"href":"https:\/\/www.bulldozair.com\/fr\/wp-json\/wp\/v2\/pages\/3010\/revisions"}],"predecessor-version":[{"id":10977,"href":"https:\/\/www.bulldozair.com\/fr\/wp-json\/wp\/v2\/pages\/3010\/revisions\/10977"}],"wp:attachment":[{"href":"https:\/\/www.bulldozair.com\/fr\/wp-json\/wp\/v2\/media?parent=3010"}],"curies":[{"name":"wp","href":"https:\/\/api.w.org\/{rel}","templated":true}]}}