{"id":3011,"date":"2015-12-07T00:00:00","date_gmt":"2015-12-06T23:00:00","guid":{"rendered":"https:\/\/new.bulldozair.com\/cgu\/"},"modified":"2025-01-07T18:03:03","modified_gmt":"2025-01-07T17:03:03","slug":"cgu","status":"publish","type":"page","link":"https:\/\/www.bulldozair.com\/fr\/cgu\/","title":{"rendered":"Conditions G\u00e9n\u00e9rales d&rsquo;Utilisation"},"content":{"rendered":"<div><div><div><\/p>\n<h3>I. OBJET<\/h3>\n<p>Les pr\u00e9sentes conditions g\u00e9n\u00e9rales ont pour objet de d\u00e9finir les modalit\u00e9s et conditions d\u2019utilisation de l\u2019application BulldozAIR, ainsi que de d\u00e9finir les droits et obligations des parties dans ce cadre (ci-apr\u00e8s : les \u00ab <strong>CGU<\/strong> \u00bb). Celles-ci sont fournies \u00e0 l&rsquo;Utilisateur au moment de l&rsquo;inscription et sont disponibles sur le site Web.<br \/>\nLes Utilisateurs reconnaissent avoir lu et compris les CGU et acceptent par les pr\u00e9sentes d&rsquo;\u00eatre li\u00e9s par elles. Les conditions actuelles pr\u00e9valent sur tout autre document contractuel \u00e9mis par les Utilisateurs.<\/p>\n<h3>II. A PROPOS DE BULLDOZAIR<\/h3>\n<p>BulldozAIR est exploit\u00e9 par la soci\u00e9t\u00e9 Mezzoteam SAS au capital social 780 000 Euros, immatricul\u00e9e au RCS de Cr\u00e9teil sous le num\u00e9ro 344 894 985, dont le si\u00e8ge social est situ\u00e9 au 20 Rue des Aqueducs 94250 Gentilly (ci-apr\u00e8s : \u00ab <strong>Mezzoteam<\/strong> \u00bb).<\/p>\n<h3>III. DESCRIPTION DES SERVICES<\/h3>\n<p>Les Utilisateurs peuvent utiliser BulldozAIR et ses diff\u00e9rentes fonctionnalit\u00e9s selon l\u2019abonnement souscrit (ci-apr\u00e8s \u00ab <strong>Offre<\/strong> \u00bb).<\/p>\n<h3>IV. INSCRIPTION<\/h3>\n<p><strong>4.1.<\/strong> Pour acc\u00e9der et utiliser BulldozAIR, les Utilisateurs doivent \u00eatre l\u00e9galement capables de contracter et se soumettre \u00e0 toute loi applicable (fran\u00e7aise et\/ ou \u00e9trang\u00e8re). Les Utilisateurs doivent utiliser BulldozAIR pour des objectifs professionnels uniquement.<br \/>\nLes Utilisateurs doivent cr\u00e9er un Compte et renseigner les informations suivantes :<\/p>\n<ul>\n<li>Nom et Pr\u00e9nom<\/li>\n<li>Adresse e-mail<\/li>\n<li>Mot de passe<\/li>\n<li>Nom de la soci\u00e9t\u00e9<\/li>\n<li>T\u00e9l\u00e9phone<\/li>\n<\/ul>\n<p>L\u2019adresse e-mail doit rester valide tant que le Compte reste actif. Les Utilisateurs sont responsables de la mise \u00e0 jour de leur adresse \u00e9lectronique si n\u00e9cessaire.<br \/>\nL\u2019Utilisateur garantit que toutes les informations qu\u2019il donne dans le formulaire d\u2019inscription sont exactes, \u00e0 jour et sinc\u00e8res et ne sont entach\u00e9es d\u2019aucun caract\u00e8re trompeur.<br \/>\nIl s\u2019engage \u00e0 mettre \u00e0 jour ces informations dans son Espace Personnel en cas de modifications, afin qu\u2019elles correspondent toujours aux crit\u00e8res susvis\u00e9s.<\/p>\n<p><strong>4.2.<\/strong> Le mot de passe des Utilisateurs est strictement personnel et confidentiel. Les Utilisateurs ne doivent pas le partager avec d\u2019autres personnes. Les Utilisateurs sont responsables de la perte de leur mot de passe ou du vol de leur mot de passe s\u2019il est prouv\u00e9 qu\u2019ils ont commis une faute qui leur est imputable.<br \/>\nEn cas de perte ou de vol de mot de passe, les Utilisateurs doivent le notifier \u00e0 BulldozAIR sans d\u00e9lai.<\/p>\n<h3>V. OFFRES<\/h3>\n<p><strong>5.1.<\/strong> Les services propos\u00e9s sont soumis \u00e0 des frais. Lors de l\u2019inscription, vous devez s\u00e9lectionner une Offre afin de d\u00e9finir ces frais.<br \/>\n<strong>5.2.<\/strong> Le paiement doit \u00eatre r\u00e9gl\u00e9 \u00e0 l\u2019avance sur une base mensuelle ou annuelle selon votre convenance.<br \/>\n<strong>5.3.<\/strong> Les Prix applicables peuvent diff\u00e9rer et peuvent \u00eatre affich\u00e9es dans des devises diff\u00e9rentes en fonction de la localisation des Utilisateurs excluant les taxes si applicables.<br \/>\n<strong>5.4.<\/strong> Chaque Utilisateur peut disposer d\u2019un essai gratuit. A la fin de la p\u00e9riode d&rsquo;essai, l\u2019acc\u00e8s au compte sera automatiquement d\u00e9sactiv\u00e9 si aucune Offre n\u2019est s\u00e9lectionn\u00e9e. BulldozAIR a \u00e9galement le droit de supprimer d\u00e9finitivement le compte.<\/p>\n<h3>VI. PAIEMENT<\/h3>\n<p><strong>6.1.<\/strong> Les Utilisateurs peuvent r\u00e9gler leurs factures par carte de cr\u00e9dit ou par virement bancaire. Tous les Prix dus au titre des CGU sont payables d&rsquo;avance.<br \/>\n<strong>6.2.<\/strong> L\u2019Utilisateur garantit \u00e0 BulldozAIR qu&rsquo;il dispose des autorisations n\u00e9cessaires pour utiliser le mode de paiement choisi.<br \/>\n<strong>6.3.<\/strong> Les Services font l\u2019objet de factures qui sont communiqu\u00e9es \u00e0 l\u2019Utilisateur par tout moyen utile.<br \/>\n<strong>6.4.<\/strong> En cas de retard de paiement, les Utilisateurs seront soumis \u00e0 une somme forfaitaire de quarante (40) euros. Tout retard dans le versement donne lieu au paiement d&rsquo;int\u00e9r\u00eats par les Utilisateurs sur le montant restant d\u00fb \u00e0 la date d&rsquo;\u00e9ch\u00e9ance. Le taux d&rsquo;int\u00e9r\u00eat correspond au taux appliqu\u00e9 par la Banque centrale europ\u00e9enne, \u00e0 l&rsquo;\u00e9ch\u00e9ance, pour ses op\u00e9rations en euros, augment\u00e9 de 10 points de pourcentage.<\/p>\n<h3>VII. OBLIGATIONS DE L\u2019UTILISATEUR<\/h3>\n<p><strong>7.1.<\/strong> Sans pr\u00e9judice des autres obligations pr\u00e9vues aux pr\u00e9sentes, l\u2019Utilisateur s\u2019engage \u00e0 respecter les obligations qui suivent :<\/p>\n<ul>\n<li>Fournir \u00e0 BulldozAIR des Donn\u00e9es \u00e0 Caract\u00e8re Personnel sinc\u00e8res et v\u00e9ridiques et \u00e0 les mettre \u00e0 jour si n\u00e9cessaire afin qu\u2019elles restent compl\u00e8tes et exacte ;<\/li>\n<li>Utiliser BulldozAIR conform\u00e9ment \u00e0 sa destination et selon les CGU ;<\/li>\n<li>Respecter les lois et r\u00e8glements en vigueur et \u00e0 ne pas porter atteinte aux droits de tiers ;<\/li>\n<li>Ne pas nuire \u00e0 la r\u00e9putation ou diffamer BulldozAIR ;<\/li>\n<li>Ne pas s\u2019engager dans toute conduite qui pourrait interrompre, d\u00e9truire, limiter ou plus g\u00e9n\u00e9ralement nuire \u00e0 BulldozAIR ou permettre aux Utilisateurs d&rsquo;acc\u00e9der et d\u2019utiliser BulldozAIR sans autorisation, y compris en utilisant des virus, codes malveillants, des programmes ou des fichiers ;<\/li>\n<li>Ne s\u2019inscrire que pour un (1) essai gratuit<\/li>\n<\/ul>\n<p>En cas de violation de ce qui pr\u00e9c\u00e8de, BulldozAIR se r\u00e9serve le droit d&rsquo;annuler le Compte et\/ou de bloquer les Utilisateurs sans pr\u00e9avis, ni indemnit\u00e9.<br \/>\n<strong>7.2.<\/strong> Les Utilisateurs sont enti\u00e8rement et seuls responsables de leur Contenu.<br \/>\n<strong>7.3.<\/strong> Les Utilisateurs s\u2019engagent \u00e0 respecter toutes les exigences l\u00e9gales et r\u00e9glementaires, en particulier celles li\u00e9s aux Donn\u00e9es \u00e0 Caract\u00e8re Personnel, y compris faire toute d\u00e9claration requise par l&rsquo;autorit\u00e9 locale de protection des donn\u00e9es.<br \/>\n<strong>7.4.<\/strong> Les Utilisateurs acceptent de respecter les droits de tiers, y compris les droits de la personnalit\u00e9, les droits de propri\u00e9t\u00e9 intellectuelle ou industrielle tels que les droits d&rsquo;auteur, droits des brevets, des dessins et marques.<\/p>\n<h3>VIII. RESPONSABILITE ET GARANTIE DE BULLDOZAIR<\/h3>\n<p><strong>8.1.<\/strong> BulldozAIR s\u2019engage \u00e0 faire preuve de prudence et de diligence dans la fourniture d\u2019un service de qualit\u00e9, conform\u00e9ment aux usages en la mati\u00e8re.<br \/>\n<strong>8.2.<\/strong> BulldozAIR n\u2019a pas connaissance des Contenus mis en ligne par les Utilisateurs dans le cadre des Services, sur lesquels elle n\u2019effectue aucune mod\u00e9ration, s\u00e9lection, v\u00e9rification ou contr\u00f4le d\u2019aucune sorte et \u00e0 l\u2019\u00e9gard desquels elle n\u2019intervient qu\u2019en tant que prestataire d\u2019h\u00e9bergement.<br \/>\n<strong>8.3.<\/strong> BulldozAIR s\u2019engage \u00e0 proc\u00e9der r\u00e9guli\u00e8rement \u00e0 des contr\u00f4les afin de v\u00e9rifier le fonctionnement et l\u2019accessibilit\u00e9 des services. \u00c0 ce titre, BulldozAIR se r\u00e9serve la facult\u00e9 d\u2019interrompre momentan\u00e9ment l\u2019acc\u00e8s aux services pour des raisons de maintenance.<br \/>\n<strong>8.4.<\/strong> En aucun cas, BulldozAIR sera directement ou indirectement responsable de tout dommage caus\u00e9 aux Utilisateurs ou \u00e0 une tierce partie en raison de la faute des Utilisateurs.<br \/>\n<strong>8.5.<\/strong> BulldozAIR n\u2019\u00e9mettra aucune de garantie expresse ou implicite, statutaire ou autres performance ou de r\u00e9sultat pour BulldozAIR.<\/p>\n<h3>IX. PROPRIETE INTELLECTUELLE<\/h3>\n<p><strong>9.1.<\/strong> BulldozAIR appartient sans aucune limitation \u00e0 Mezzoteam SAS. Les Utilisateurs sont autoris\u00e9s \u00e0 Utiliser BulldozAIR seulement selon la Licence. Tous les droits non express\u00e9ment accord\u00e9s aux Utilisateurs par les CGU sont r\u00e9serv\u00e9s.<br \/>\n<strong>9.2.<\/strong> Les sites de BulldozAIR ou des logiciels sont des \u0153uvres originales prot\u00e9g\u00e9es par le droit de propri\u00e9t\u00e9 intellectuelle et les convention internationales.<br \/>\n<strong>9.3.<\/strong> Les Utilisateurs garantissent qu&rsquo;ils ne modifieront, loueront, emprunteront, vendront ou distribueront pas ces \u0153uvres, ou ne cr\u00e9eront pas d\u2019\u0153uvres d\u00e9riv\u00e9es bas\u00e9es en tout ou partie sur elle.<br \/>\n<strong>9.4.<\/strong> Aucune utilisation du nom ou de la marque de BulldozAIR ne peut se produire sans son consentement pr\u00e9alable \u00e9crit.<br \/>\n<strong>9.5.<\/strong> Les Utilisateurs reconnaissent que Mezzoteam est l\u2019unique propri\u00e9taire de ses droits de propri\u00e9t\u00e9 intellectuelle, et en particulier de BulldozAIR et ne doivent \u00e0 aucun moment contester cette propri\u00e9t\u00e9 intellectuelle de BulldozAIR ou des droits qui y sont attach\u00e9s.<br \/>\n<strong>9.6.<\/strong> Les \u00e9l\u00e9ments disponibles sur l\u2019application BulldozAIR ou sur le Site tels que les logiciels, bases de donn\u00e9es, les outils, les plateformes, les page Web, textes, photographes, images, ic\u00f4nes, sons, vid\u00e9os et plus g\u00e9n\u00e9ralement toutes les informations disponibles pour les Utilisateurs, sont la propri\u00e9t\u00e9, enti\u00e8rement et exclusivement par Mezzoteam.<br \/>\n<strong>9.7.<\/strong> Aucune des Parties n\u2019acquiert le droit de la propri\u00e9t\u00e9 intellectuelle sur les bases de donn\u00e9es de l\u2019autre, ni sur ses marques, dessins, graphiques, \u00e9crans ou des logiciels.<br \/>\n<strong>9.8.<\/strong> Les Utilisateurs sont autoris\u00e9s \u00e0 n\u2019utiliser BulldozAIR qu\u2019aux termes de la Licence.<br \/>\n<strong>9.9.<\/strong> Le contenu appartient aux Utilisateurs, qui autorisent express\u00e9ment BulldozAIR \u00e0 utiliser le Contenu et \/ ou toutes autres informations ou donn\u00e9es fournies via BulldozAIR pour permettre la Souscription.<\/p>\n<h3>X. FORCE MAJEUR<\/h3>\n<p>Aucune partie ne sera responsable pour tout d\u00e9faut ou retard dans l&rsquo;ex\u00e9cution caus\u00e9e par des raisons ind\u00e9pendantes de sa volont\u00e9, telles que des incendies, inondations, \u00e9pid\u00e9mies, famines, tremblements de terre, ouragans et autres catastrophes naturelles ou encore de la r\u00e9glementation ou des actes de toute autorit\u00e9 ou d&rsquo;un acte civil ou militaire de toute autorit\u00e9 d&rsquo;autor\u00e9glementation, de guerres, de terrorisme, d\u2019\u00e9meutes, de troubles civils, de sabotage, de vol ou d&rsquo;autres actes criminels de tiers.<\/p>\n<h3>XI. LIENS ET SITES TIERS<\/h3>\n<p>BulldozAIR ne pourra en aucun cas \u00eatre tenue pour responsable de la disponibilit\u00e9 technique de sites internet ou d\u2019applications mobiles exploit\u00e9s par des tiers auxquels l\u2019Utilisateur acc\u00e9derait par l&rsquo;interm\u00e9diaire du site.<br \/>\nBulldozAIR n&rsquo;endosse aucune responsabilit\u00e9 au titre des contenus, publicit\u00e9s, produits et\/ou services disponibles sur de tels sites et applications mobiles tiers dont il est rappel\u00e9 qu\u2019ils sont r\u00e9gis par leurs propres conditions d\u2019utilisation.<\/p>\n<h3>XII. DUR\u00c9E ET R\u00c9SILIATION<\/h3>\n<p><strong>12.1 La Dur\u00e9e<\/strong><br \/>\nLes CGU sont valides pour une Dur\u00e9e mensuelle ou annuelle et sont renouvel\u00e9es automatiquement pour la m\u00eame Dur\u00e9e initialement choisie par l\u2019Utilisateur.<br \/>\nLes Utilisateurs peuvent toutefois d\u00e9cider, \u00e0 tout moment et sans conditions, de retirer le renouvellement automatique de la Dur\u00e9e \u00e0 partir du Compte de l\u2019Administrateur.<br \/>\nIl est de la responsabilit\u00e9 des Utilisateurs d&rsquo;anticiper la fin de la Dur\u00e9e.<br \/>\n<strong>12.2 R\u00e9siliation<\/strong><br \/>\n<strong>R\u00e9siliation par l\u2019Utilisateur<\/strong><br \/>\nL\u2019Utilisateur peut r\u00e9silier \u00e0 tout moment, en adressant une demande \u00e0 cet effet \u00e0 BulldozAIR par email ou en envoyant une lettre recommand\u00e9e avec accus\u00e9 de r\u00e9ception. Toute r\u00e9siliation de BulldozAIR sera effective \u00e0 la fin de la Dur\u00e9e initialement choisie : la totalit\u00e9 de la Dur\u00e9e initialement choisie (mois ou ann\u00e9e) sera factur\u00e9e malgr\u00e9 la r\u00e9siliation. Aucun remboursement ou cr\u00e9dits ne peut \u00eatre fait pour une utilisation partielle de BulldozAIR.<br \/>\n<strong>R\u00e9siliation par BulldozAIR<\/strong><br \/>\nBulldozAIR se r\u00e9serve le droit de r\u00e9silier \u00e0 tout moment en cas de non-respect par les Utilisateurs des CGU.<br \/>\nEn cas de retard de paiement de plus de trente (30) jours, BulldozAIR peut consid\u00e9rer que les CGU ont \u00e9t\u00e9 r\u00e9sili\u00e9es \u00e0 la date \u00e0 laquelle le paiement est d\u00fb.<br \/>\nBulldozAIR se r\u00e9serve le droit de r\u00e9silier unilat\u00e9ralement les CGU si le Contenu charg\u00e9 et\/ou \u00e9chang\u00e9 par les Utilisateurs cr\u00e9erait des probl\u00e8mes op\u00e9rationnels pour BulldozAIR et pour les serveurs de BulldozAIR. Les Utilisateurs concern\u00e9s seront avis\u00e9s par lettre recommand\u00e9e et auront acc\u00e8s \u00e0 BulldozAIR pour une p\u00e9riode n\u2019exc\u00e9dant pas un (1) mois. Les Prix pay\u00e9s par les Utilisateurs correspondant \u00e0 la Dur\u00e9e restant \u00e0 courir au-del\u00e0 de l&rsquo;avis ci-dessus seront rembours\u00e9s.<br \/>\n<strong>Cons\u00e9quences de la R\u00e9siliation<\/strong><br \/>\nLa r\u00e9siliation est effective imm\u00e9diatement. Elle entra\u00eene la suppression automatique du Compte de l\u2019Utilisateur.<\/p>\n<h3>XIII. MODIFICATION<\/h3>\n<p>BulldozAIR r\u00e9serve le droit \u00e0 sa seule discr\u00e9tion de modifier les CGU \u00e0 tout moment en publiant une notice via BulldozAIR sur le Site ou en envoyant une notice aux Utilisateurs par email. Les Utilisateurs sont responsables de la relecture et de se familiariser avec de telles modifications.<\/p>\n<h3>XIV. LANGUE<\/h3>\n<p>La langue d\u2019origine de ces CGU est le fran\u00e7ais. Dans l\u2019hypoth\u00e8se o\u00f9 une version traduite des CGU entre en conflit avec la version fran\u00e7aise, la version fran\u00e7aise pr\u00e9vaudra.<\/p>\n<h3>XV. LOI APPLICABLE ET JURIDICTION<\/h3>\n<p>Les CGU sont r\u00e9gies par le droit fran\u00e7ais.<br \/>\nLes Tribunaux de Cr\u00e9teil seront exclusivement comp\u00e9tents pour juger tous les diff\u00e9rends ou controverse d\u00e9coulant ou li\u00e9e \u00e0 la validit\u00e9, l&rsquo;interpr\u00e9tation et \/ ou l&rsquo;ex\u00e9cution des pr\u00e9sentes CGU.<\/div><\/div><\/div>\n","protected":false},"excerpt":{"rendered":"","protected":false},"author":2,"featured_media":0,"parent":0,"menu_order":0,"comment_status":"closed","ping_status":"closed","template":"","meta":{"content-type":"","footnotes":""},"acf":[],"yoast_head":"<!-- This site is optimized with the Yoast SEO plugin v21.8 - https:\/\/yoast.com\/wordpress\/plugins\/seo\/ -->\n<title>Conditions G\u00e9n\u00e9rales d\u2019Utilisation - BulldozAIR - Du terrain au bureau<\/title>\n<meta name=\"robots\" content=\"index, follow, max-snippet:-1, max-image-preview:large, max-video-preview:-1\" \/>\n<link rel=\"canonical\" href=\"https:\/\/www.bulldozair.com\/fr\/cgu\/\" \/>\n<meta property=\"og:locale\" content=\"fr_FR\" \/>\n<meta property=\"og:type\" content=\"article\" \/>\n<meta property=\"og:title\" content=\"Conditions G\u00e9n\u00e9rales d\u2019Utilisation - BulldozAIR - Du terrain au bureau\" \/>\n<meta property=\"og:url\" content=\"https:\/\/www.bulldozair.com\/fr\/cgu\/\" \/>\n<meta property=\"og:site_name\" content=\"Mezzoteam\" \/>\n<meta property=\"article:modified_time\" content=\"2025-01-07T17:03:03+00:00\" \/>\n<meta name=\"twitter:card\" content=\"summary_large_image\" \/>\n<meta name=\"twitter:label1\" content=\"Dur\u00e9e de lecture estim\u00e9e\" \/>\n\t<meta name=\"twitter:data1\" content=\"10 minutes\" \/>\n<script type=\"application\/ld+json\" class=\"yoast-schema-graph\">{\"@context\":\"https:\/\/schema.org\",\"@graph\":[{\"@type\":\"WebPage\",\"@id\":\"https:\/\/www.bulldozair.com\/fr\/cgu\/\",\"url\":\"https:\/\/www.bulldozair.com\/fr\/cgu\/\",\"name\":\"Conditions G\u00e9n\u00e9rales d\u2019Utilisation - BulldozAIR - Du terrain au bureau\",\"isPartOf\":{\"@id\":\"https:\/\/www.bulldozair.com\/#website\"},\"datePublished\":\"2015-12-06T23:00:00+00:00\",\"dateModified\":\"2025-01-07T17:03:03+00:00\",\"inLanguage\":\"fr-FR\",\"potentialAction\":[{\"@type\":\"ReadAction\",\"target\":[\"https:\/\/www.bulldozair.com\/fr\/cgu\/\"]}]},{\"@type\":\"WebSite\",\"@id\":\"https:\/\/www.bulldozair.com\/#website\",\"url\":\"https:\/\/www.bulldozair.com\/\",\"name\":\"Mezzoteam\",\"description\":\"Construction project management software - Suivi de chantier\",\"potentialAction\":[{\"@type\":\"SearchAction\",\"target\":{\"@type\":\"EntryPoint\",\"urlTemplate\":\"https:\/\/www.bulldozair.com\/?s={search_term_string}\"},\"query-input\":\"required name=search_term_string\"}],\"inLanguage\":\"fr-FR\"}]}<\/script>\n<!-- \/ Yoast SEO plugin. -->","yoast_head_json":{"title":"Conditions G\u00e9n\u00e9rales d\u2019Utilisation - BulldozAIR - Du terrain au bureau","robots":{"index":"index","follow":"follow","max-snippet":"max-snippet:-1","max-image-preview":"max-image-preview:large","max-video-preview":"max-video-preview:-1"},"canonical":"https:\/\/www.bulldozair.com\/fr\/cgu\/","og_locale":"fr_FR","og_type":"article","og_title":"Conditions G\u00e9n\u00e9rales d\u2019Utilisation - BulldozAIR - Du terrain au bureau","og_url":"https:\/\/www.bulldozair.com\/fr\/cgu\/","og_site_name":"Mezzoteam","article_modified_time":"2025-01-07T17:03:03+00:00","twitter_card":"summary_large_image","twitter_misc":{"Dur\u00e9e de lecture estim\u00e9e":"10 minutes"},"schema":{"@context":"https:\/\/schema.org","@graph":[{"@type":"WebPage","@id":"https:\/\/www.bulldozair.com\/fr\/cgu\/","url":"https:\/\/www.bulldozair.com\/fr\/cgu\/","name":"Conditions G\u00e9n\u00e9rales d\u2019Utilisation - BulldozAIR - Du terrain au bureau","isPartOf":{"@id":"https:\/\/www.bulldozair.com\/#website"},"datePublished":"2015-12-06T23:00:00+00:00","dateModified":"2025-01-07T17:03:03+00:00","inLanguage":"fr-FR","potentialAction":[{"@type":"ReadAction","target":["https:\/\/www.bulldozair.com\/fr\/cgu\/"]}]},{"@type":"WebSite","@id":"https:\/\/www.bulldozair.com\/#website","url":"https:\/\/www.bulldozair.com\/","name":"Mezzoteam","description":"Construction project management software - Suivi de chantier","potentialAction":[{"@type":"SearchAction","target":{"@type":"EntryPoint","urlTemplate":"https:\/\/www.bulldozair.com\/?s={search_term_string}"},"query-input":"required name=search_term_string"}],"inLanguage":"fr-FR"}]}},"_links":{"self":[{"href":"https:\/\/www.bulldozair.com\/fr\/wp-json\/wp\/v2\/pages\/3011"}],"collection":[{"href":"https:\/\/www.bulldozair.com\/fr\/wp-json\/wp\/v2\/pages"}],"about":[{"href":"https:\/\/www.bulldozair.com\/fr\/wp-json\/wp\/v2\/types\/page"}],"author":[{"embeddable":true,"href":"https:\/\/www.bulldozair.com\/fr\/wp-json\/wp\/v2\/users\/2"}],"replies":[{"embeddable":true,"href":"https:\/\/www.bulldozair.com\/fr\/wp-json\/wp\/v2\/comments?post=3011"}],"version-history":[{"count":4,"href":"https:\/\/www.bulldozair.com\/fr\/wp-json\/wp\/v2\/pages\/3011\/revisions"}],"predecessor-version":[{"id":10979,"href":"https:\/\/www.bulldozair.com\/fr\/wp-json\/wp\/v2\/pages\/3011\/revisions\/10979"}],"wp:attachment":[{"href":"https:\/\/www.bulldozair.com\/fr\/wp-json\/wp\/v2\/media?parent=3011"}],"curies":[{"name":"wp","href":"https:\/\/api.w.org\/{rel}","templated":true}]}}