{"id":5328,"date":"2020-10-29T20:40:13","date_gmt":"2020-10-29T19:40:13","guid":{"rendered":"https:\/\/new.bulldozair.com\/?page_id=5328"},"modified":"2021-03-02T22:00:09","modified_gmt":"2021-03-02T21:00:09","slug":"entreprise-generale","status":"publish","type":"page","link":"https:\/\/www.bulldozair.com\/fr\/entreprise-generale\/","title":{"rendered":"Entreprise g\u00e9n\u00e9rale"},"content":{"rendered":"\n<section \n  class=\"hero hero--two-column\" \n    >\n  <div class=\"container\">\n    <div class=\"row\">\n\n              <div class=\"col col-md-6\">\n          <div>\n            <h1>\n                              La gestion de chantier pour les<span>entreprises g\u00e9n\u00e9rales <span>                          <\/h1>\n            \n\n<ul><li>Suivez et visualisez facilement vos chantiers sans vous d\u00e9placer<\/li><li>Gagnez du temps avec des OPR et des r\u00e9ceptions digitalis\u00e9es<\/li><li>Ma\u00eetrisez l&rsquo;avancement des t\u00e2ches en temps r\u00e9el et des \u00e9ch\u00e9ances <\/li><\/ul>\n\n\n\n\n<div class=\"wp-block-buttons \">\n\n  \n  \n    <a href=\"https:\/\/www.bulldozair.com\/fr\/demande-de-demo\/\" class=\"btn btn--primary\" target=\"_blank\">\n      Essayer maintenant              <i class=\"icon-chevron-right ml-2\"><\/i>\n          <\/a>\n\n  \n  \n\n<\/div>\n\n\n\n          <\/div>\n        <\/div>\n        <div class=\"col mobile-ban col-md-6\">\n            <img loading=\"lazy\" decoding=\"async\" width=\"640\" height=\"427\" src=\"https:\/\/www.bulldozair.com\/wp-content\/uploads\/2021\/01\/entreprisegenerale-1024x683.jpeg\" class=\"attachment-large size-large\" alt=\"\" srcset=\"https:\/\/www.bulldozair.com\/wp-content\/uploads\/2021\/01\/entreprisegenerale-1024x683.jpeg 1024w, https:\/\/www.bulldozair.com\/wp-content\/uploads\/2021\/01\/entreprisegenerale-720x480.jpeg 720w, https:\/\/www.bulldozair.com\/wp-content\/uploads\/2021\/01\/entreprisegenerale-768x512.jpeg 768w, https:\/\/www.bulldozair.com\/wp-content\/uploads\/2021\/01\/entreprisegenerale-1536x1024.jpeg 1536w, https:\/\/www.bulldozair.com\/wp-content\/uploads\/2021\/01\/entreprisegenerale-2048x1365.jpeg 2048w\" sizes=\"(max-width: 640px) 100vw, 640px\" \/>                    <\/div>\n          <\/div>\n  <\/div>\n<\/section>\n\n\n  <\/div>\n  <div class=\"section bg--pink \">\n    <div class=\"container\">\n      \n\n<h2 class=\"has-text-align-center wp-block-heading\">Comment les Entreprises g\u00e9n\u00e9rales simplifient leur gestion de projet   gr\u00e2ce \u00e0 Bulldozair ?<\/h2>\n\n\n\n<p class=\"has-text-align-center\">Nous vous mettons \u00e0 disposition un outil tout-en-un pour suivre votre projet de construction sereinement avec une vraie application de suivi de chantier (Adieu Whatsapp), une collaboration documentaire pratique pour les plans, des comptes rendus automatis\u00e9s, des formulaires digitaux, des OPR et des r\u00e9serves facilit\u00e9es.<\/p>\n\n\n\n<div class=\"wp-block-columns is-style-reverse is-layout-flex wp-container-core-columns-layout-1 wp-block-columns-is-layout-flex\">\n<div class=\"wp-block-column is-layout-flow wp-block-column-is-layout-flow\">\n<figure class=\"wp-block-image size-large\"><img loading=\"lazy\" decoding=\"async\" width=\"1024\" height=\"1024\" src=\"https:\/\/www.bulldozair.com\/wp-content\/uploads\/2020\/12\/Suivi-chantier_01-1024x1024.png\" alt=\"\" class=\"wp-image-7235\" srcset=\"https:\/\/www.bulldozair.com\/wp-content\/uploads\/2020\/12\/Suivi-chantier_01-1024x1024.png 1024w, https:\/\/www.bulldozair.com\/wp-content\/uploads\/2020\/12\/Suivi-chantier_01-720x720.png 720w, https:\/\/www.bulldozair.com\/wp-content\/uploads\/2020\/12\/Suivi-chantier_01-360x360.png 360w, https:\/\/www.bulldozair.com\/wp-content\/uploads\/2020\/12\/Suivi-chantier_01-768x768.png 768w, https:\/\/www.bulldozair.com\/wp-content\/uploads\/2020\/12\/Suivi-chantier_01.png 1032w\" sizes=\"(max-width: 1024px) 100vw, 1024px\" \/><\/figure>\n<\/div>\n\n\n\n<div class=\"wp-block-column is-vertically-aligned-center is-layout-flow wp-block-column-is-layout-flow\">\n<div id=\"features-block_5f757d276dc99\" class=\"feature\">\n        <i class=\"icon-trello icon-28 icon--block icon--round mb-2\"><\/i>\n    <p class=\"ft-primary ft-heading c-black ft-600 mb-0\">Le suivi de chantier facile et rapide<\/p> \n      <p class=\"mt-1 mb-0\">Suivez la conformit\u00e9 des ouvrages et l&rsquo;avancement de vos travaux avec photos, observations et formulaires via votre smartphone.<\/p>\n  \n      <p class=\"mt-1 mb-0\"><a href=\"https:\/\/www.bulldozair.com\/fr\/suivi-de-chantier\/\" class=\"link\" target=\"\"><span>En savoir plus<\/span><i class=\"icon icon-chevron-right ml-1\"><\/i><\/a><\/p>\n  <\/div>\n\n<\/div>\n<\/div>\n\n\n\n<div class=\"wp-block-columns is-layout-flex wp-container-core-columns-layout-2 wp-block-columns-is-layout-flex\">\n<div class=\"wp-block-column is-vertically-aligned-center is-layout-flow wp-block-column-is-layout-flow\">\n<div id=\"features-block_5f757e486dc9a\" class=\"feature\">\n        <i class=\"icon-truck icon-28 icon--block icon--round mb-2\"><\/i>\n    <p class=\"ft-primary ft-heading c-black ft-600 mb-0\">Des visites  OPR \/ R\u00e9ception rapides et efficaces<\/p> \n      <p class=\"mt-1 mb-0\">Saisissez rapidement vos observations sur tablette\/smartphone. Vos rapports sont g\u00e9n\u00e9r\u00e9s et envoy\u00e9s automatiquement \u00e0 la fin de la visite.  Vous pilotez efficacement la lev\u00e9e des r\u00e9serves gr\u00e2ce au suivi des statistiques.<\/p>\n  \n  <\/div>\n\n<\/div>\n\n\n\n<div class=\"wp-block-column is-layout-flow wp-block-column-is-layout-flow\">\n<div class=\"wp-block-image\"><figure class=\"aligncenter size-large\"><img loading=\"lazy\" decoding=\"async\" width=\"1024\" height=\"1024\" src=\"https:\/\/www.bulldozair.com\/wp-content\/uploads\/2020\/12\/Formulaires_02-1024x1024.png\" alt=\"\" class=\"wp-image-7211\" srcset=\"https:\/\/www.bulldozair.com\/wp-content\/uploads\/2020\/12\/Formulaires_02-1024x1024.png 1024w, https:\/\/www.bulldozair.com\/wp-content\/uploads\/2020\/12\/Formulaires_02-720x720.png 720w, https:\/\/www.bulldozair.com\/wp-content\/uploads\/2020\/12\/Formulaires_02-360x360.png 360w, https:\/\/www.bulldozair.com\/wp-content\/uploads\/2020\/12\/Formulaires_02-768x768.png 768w, https:\/\/www.bulldozair.com\/wp-content\/uploads\/2020\/12\/Formulaires_02.png 1032w\" sizes=\"(max-width: 1024px) 100vw, 1024px\" \/><\/figure><\/div>\n<\/div>\n<\/div>\n\n\n\n<div class=\"wp-block-columns is-style-reverse is-layout-flex wp-container-core-columns-layout-3 wp-block-columns-is-layout-flex\">\n<div class=\"wp-block-column is-layout-flow wp-block-column-is-layout-flow\">\n<figure class=\"wp-block-image size-large\"><img loading=\"lazy\" decoding=\"async\" width=\"1024\" height=\"1024\" src=\"https:\/\/www.bulldozair.com\/wp-content\/uploads\/2020\/12\/Mai\u0302tres-douvrage_01-1024x1024.png\" alt=\"\" class=\"wp-image-7217\" srcset=\"https:\/\/www.bulldozair.com\/wp-content\/uploads\/2020\/12\/Mai\u0302tres-douvrage_01-1024x1024.png 1024w, https:\/\/www.bulldozair.com\/wp-content\/uploads\/2020\/12\/Mai\u0302tres-douvrage_01-720x720.png 720w, https:\/\/www.bulldozair.com\/wp-content\/uploads\/2020\/12\/Mai\u0302tres-douvrage_01-360x360.png 360w, https:\/\/www.bulldozair.com\/wp-content\/uploads\/2020\/12\/Mai\u0302tres-douvrage_01-768x768.png 768w, https:\/\/www.bulldozair.com\/wp-content\/uploads\/2020\/12\/Mai\u0302tres-douvrage_01.png 1032w\" sizes=\"(max-width: 1024px) 100vw, 1024px\" \/><\/figure>\n<\/div>\n\n\n\n<div class=\"wp-block-column is-vertically-aligned-center is-layout-flow wp-block-column-is-layout-flow\">\n<div id=\"features-block_5f757e776dc9b\" class=\"feature\">\n        <i class=\"icon-pen icon-28 icon--block icon--round mb-2\"><\/i>\n    <p class=\"ft-primary ft-heading c-black ft-600 mb-0\">L\u2019avancement de vos projets en temps r\u00e9el <\/p> \n      <p class=\"mt-1 mb-0\">Listez et distribuez les t\u00e2ches et fixez des \u00e9ch\u00e9ances, puis suivez l\u2019avancement comme si vous y \u00e9tiez. Tout est centralis\u00e9 en un seul endroit et exportable facilement. \r\n<\/p>\n  \n  <\/div>\n\n<\/div>\n<\/div>\n\n\n    <\/div>\n  <\/div>\n  <div class=\"container\">\n\n\n\n\n<h2 class=\"has-text-align-center wp-block-heading\">Une solution pour chaque industrie<\/h2>\n\n\n\n<p class=\"has-text-align-center\">D\u00e9couvrez comment les diff\u00e9rents secteurs d\u2019activit\u00e9s utilisent Bulldozair.<\/p>\n\n\n<div class=\"col col--center col-lg-10 col-lg-offset-1\">\n  \n\n<div class=\"mosaic  mosaic-2-3 mosaic-row-24 mosaic-col-24\">\n  \n\n\n<a  href=\"https:\/\/www.bulldozair.com\/fr\/industrie-retail\/\" target=\"_self\" class=\"box-icon\">\n  <i class=\"icon-shop icon-24 icon--block\"><\/i>\n  <h4 class=\"mt-1 mt-md-0\">Retail<\/h4>\n<\/a>\n\n\n\n<a  href=\"https:\/\/www.bulldozair.com\/fr\/industrie-energie\/\" target=\"_self\" class=\"box-icon\">\n  <i class=\"icon-adresse icon-24 icon--block\"><\/i>\n  <h4 class=\"mt-1 mt-md-0\">\u00c9nergie<\/h4>\n<\/a>\n\n\n\n<a  href=\"https:\/\/www.bulldozair.com\/fr\/logiciel-outil-gestion-projet-industrie\/\" target=\"_self\" class=\"box-icon\">\n  <i class=\"icon-industry icon-24 icon--block\"><\/i>\n  <h4 class=\"mt-1 mt-md-0\">Industrie lourde<\/h4>\n<\/a>\n\n\n\n<a  href=\"https:\/\/www.bulldozair.com\/fr\/industrie-sante\/\" target=\"_self\" class=\"box-icon\">\n  <i class=\"icon-sante icon-24 icon--block\"><\/i>\n  <h4 class=\"mt-1 mt-md-0\">Sant\u00e9<\/h4>\n<\/a>\n\n\n\n<a  href=\"https:\/\/www.bulldozair.com\/fr\/logiciel-de-suivi-projet-immobilier\/\" target=\"_self\" class=\"box-icon\">\n  <i class=\"icon-immobilier icon-24 icon--block\"><\/i>\n  <h4 class=\"mt-1 mt-md-0\">Immobilier<\/h4>\n<\/a>\n\n\n\n<a  href=\"https:\/\/www.bulldozair.com\/fr\/industrie-transports\/\" target=\"_self\" class=\"box-icon\">\n  <i class=\"icon-transport icon-24 icon--block\"><\/i>\n  <h4 class=\"mt-1 mt-md-0\">Transports<\/h4>\n<\/a>\n\n\n\n<a  href=\"https:\/\/www.bulldozair.com\/fr\/industrie-btp\/\" target=\"_self\" class=\"box-icon\">\n  <i class=\"icon-truck icon-24 icon--block\"><\/i>\n  <h4 class=\"mt-1 mt-md-0\">Btp<\/h4>\n<\/a>\n\n<\/div>\n\n\n<div style=\"height:100px\" aria-hidden=\"true\" class=\"wp-block-spacer is-style-medium\"><\/div>\n\n\n<\/div>\n\n\n<\/div>\n<div class=\"section-collaborators \">\n  <div class=\"section-collaborators__logo\">\n    <ul>\n      <li><img decoding=\"async\" src=\"https:\/\/www.bulldozair.com\/wp-content\/uploads\/2024\/01\/systra-logo.png\" alt=\"SYSTRA\" \/><\/li><li><img decoding=\"async\" src=\"https:\/\/www.bulldozair.com\/wp-content\/uploads\/2024\/01\/Logo-ARTELIA-360x360.jpg\" alt=\"ARTELIA\" \/><\/li><li><img decoding=\"async\" src=\"https:\/\/www.bulldozair.com\/wp-content\/uploads\/2023\/03\/logo-ingerop-360x142.png\" alt=\"INGEROP\" \/><\/li><li><img decoding=\"async\" src=\"https:\/\/www.bulldozair.com\/wp-content\/uploads\/2021\/01\/total-360x360.png\" alt=\"Total\" \/><\/li><li><img decoding=\"async\" src=\"https:\/\/www.bulldozair.com\/wp-content\/uploads\/2021\/01\/Logoratp-360x360.png\" alt=\"RATP Groupe\" \/><\/li><li><img decoding=\"async\" src=\"https:\/\/www.bulldozair.com\/wp-content\/uploads\/2021\/01\/carrefour-logo-360x360.png\" alt=\"Carrefour\" \/><\/li><li><img decoding=\"async\" src=\"https:\/\/www.bulldozair.com\/wp-content\/uploads\/2021\/01\/bouygues-immo-logo-360x360.png\" alt=\"Bouygues immobilier\" \/><\/li><li><img decoding=\"async\" src=\"https:\/\/www.bulldozair.com\/wp-content\/uploads\/2021\/01\/egis-logo-360x360.png\" alt=\"Egis\" \/><\/li>    <\/ul>\n  <\/div>\n  <div class=\"container\">\n    <div class=\"row\">\n      <div class=\"col col-md-8 col-lg-6 col--center ft-center\">\n        <h2 class=\"c-white\">Nous accompagnons d\u00e9j\u00e0 plus de 236 entreprises<\/h2>\n                  <a href=\"https:\/\/www.bulldozair.com\/fr\/projets\/\" class=\"link c-white mt-2\" target=\"_self\"><span>Tous nos projets clients<\/span><i class=\"icon icon-chevron-right ml-1\"><\/i><\/a>\n             <\/div>\n    <\/div>\n\n          <div class=\"section__body\">\n        <div class=\"section-collaborators__arrow ft-right\">\n          <a href=\"#\" class=\"btn btn--round btn--white section-collaborators__control\" title=\"\">\n            <i class=\"icon icon-chevron-left \"><\/i>\n          <\/a>\n          <a href=\"#\" class=\"btn btn--round btn--white ml-2 section-collaborators__control\" title=\"\">\n            <i class=\"icon icon-chevron-right \"><\/i>\n          <\/a>\n        <\/div>\n      \n        <div class=\"card-collaborator\">\n          <p class=\"card-collaborator__desc ft-400 ft-heading mb-0\">\u00ab\u00a0La vue globale permet de coordonner toutes les interventions d&rsquo;installations de mat\u00e9riel m\u00e9dical sur tous les projets. La plateforme collaborative permet de zoomer dans le d\u00e9tail avec une grande pr\u00e9cision, de suivre l&rsquo;avancement des phases de pr\u00e9-visites jusqu&rsquo;\u00e0 la r\u00e9ception, et d&rsquo;avoir une tra\u00e7abilit\u00e9 sans faille de chaque t\u00e2che.\u00a0\u00bb Frederic Carentz<\/p>\n\n                      <a href=\"https:\/\/www.bulldozair.com\/fr\/projets\/?c=5549\" class=\"link c-secondary mt-3\" target=\"_self\"><span>Voir le(s) projet(s)<\/span><i class=\"icon icon-chevron-right ml-1\"><\/i><\/a>\n          \n          <div class=\"card-collaborator__bottom mt-4\">\n            <div class=\"img-circle mr-3\">\n              <img loading=\"lazy\" decoding=\"async\" width=\"360\" height=\"360\" src=\"https:\/\/www.bulldozair.com\/wp-content\/uploads\/2020\/10\/Hill-rom-360x360.png\" class=\"attachment-thumbnail size-thumbnail wp-post-image\" alt=\"\" srcset=\"https:\/\/www.bulldozair.com\/wp-content\/uploads\/2020\/10\/Hill-rom-360x360.png 360w, https:\/\/www.bulldozair.com\/wp-content\/uploads\/2020\/10\/Hill-rom-e1605260963383.png 320w\" sizes=\"(max-width: 360px) 100vw, 360px\" \/>            <\/div>\n            <div class=\"card-collaborator__author mb-8 mb-md-0\">\n              <p class=\"ft-primary ft-heading ft-600 ft-truncat mb-0\">Hill-rom<\/p>\n              <p class=\"ft-secondary c-secondary mb-0\">Projets r\u00e9alis\u00e9s sur Bulldozair<\/p>\n            <\/div>\n          <\/div>\n        <\/div>\n\n      \n        <div class=\"card-collaborator\">\n          <p class=\"card-collaborator__desc ft-400 ft-heading mb-0\">\u00ab\u00a0Bulldozair est un partenaire cl\u00e9 puisqu&rsquo;il nous aide \u00e0 concr\u00e9tiser notre objectif : cr\u00e9er l\u2019autoroute de demain. Nous pouvons toujours compter sur un service de haute qualit\u00e9 : \u00e9coute, disponibilit\u00e9, robustesse de la solution, expertise de haut niveau tant informatique que sur le m\u00e9tier. Leurs \u00e9quipes travaillent en continu pour cr\u00e9er les meilleures solutions et optimiser nos processus afin de nous accompagner dans notre transition. Un sentiment permanent d\u2019avoir un But commun ! \u00a0\u00bb Marianne Michallet, Chef de projets Organisation, en charge de la transformation digitale et du num\u00e9rique chez APRR<\/p>\n\n                      <a href=\"https:\/\/www.bulldozair.com\/fr\/projets\/?c=6038\" class=\"link c-secondary mt-3\" target=\"_self\"><span>Voir le(s) projet(s)<\/span><i class=\"icon icon-chevron-right ml-1\"><\/i><\/a>\n          \n          <div class=\"card-collaborator__bottom mt-4\">\n            <div class=\"img-circle mr-3\">\n              <img loading=\"lazy\" decoding=\"async\" width=\"360\" height=\"360\" src=\"https:\/\/www.bulldozair.com\/wp-content\/uploads\/2020\/11\/Eiffage-construction-360x360.png\" class=\"attachment-thumbnail size-thumbnail wp-post-image\" alt=\"\" srcset=\"https:\/\/www.bulldozair.com\/wp-content\/uploads\/2020\/11\/Eiffage-construction-360x360.png 360w, https:\/\/www.bulldozair.com\/wp-content\/uploads\/2020\/11\/Eiffage-construction-e1605258201927.png 320w\" sizes=\"(max-width: 360px) 100vw, 360px\" \/>            <\/div>\n            <div class=\"card-collaborator__author mb-8 mb-md-0\">\n              <p class=\"ft-primary ft-heading ft-600 ft-truncat mb-0\">Eiffage construction<\/p>\n              <p class=\"ft-secondary c-secondary mb-0\">Projets r\u00e9alis\u00e9s sur Bulldozair<\/p>\n            <\/div>\n          <\/div>\n        <\/div>\n\n      \n        <div class=\"card-collaborator\">\n          <p class=\"card-collaborator__desc ft-400 ft-heading mb-0\">\u00ab\u00a0C&rsquo;est un outil qui correspond tr\u00e8s bien \u00e0 nos besoins, car la RATP a \u00e9norm\u00e9ment de projets interconnect\u00e9s, complexes, avec plusieurs parties prenantes. En moyenne, son utilisation divise le travail des op\u00e9rateurs par deux.\u00a0\u00bb Marine Martinez, Responsable de l&rsquo;acc\u00e9l\u00e9ration des start-up \u00e0 la RATP<\/p>\n\n                      <a href=\"https:\/\/www.bulldozair.com\/fr\/projets\/?c=4539\" class=\"link c-secondary mt-3\" target=\"_self\"><span>Voir le(s) projet(s)<\/span><i class=\"icon icon-chevron-right ml-1\"><\/i><\/a>\n          \n          <div class=\"card-collaborator__bottom mt-4\">\n            <div class=\"img-circle mr-3\">\n              <img loading=\"lazy\" decoding=\"async\" width=\"272\" height=\"272\" src=\"https:\/\/www.bulldozair.com\/wp-content\/uploads\/2020\/09\/Img_A\u0300-propos_8@2x.jpg\" class=\"attachment-thumbnail size-thumbnail wp-post-image\" alt=\"\" \/>            <\/div>\n            <div class=\"card-collaborator__author mb-8 mb-md-0\">\n              <p class=\"ft-primary ft-heading ft-600 ft-truncat mb-0\">RATP<\/p>\n              <p class=\"ft-secondary c-secondary mb-0\">Projets r\u00e9alis\u00e9s sur Bulldozair<\/p>\n            <\/div>\n          <\/div>\n        <\/div>\n\n      \n        <div class=\"card-collaborator\">\n          <p class=\"card-collaborator__desc ft-400 ft-heading mb-0\">\u201cC\u2019est un enjeu fort dans nos entreprises industrielles de pouvoir d\u00e9mat\u00e9rialiser, simplifier le process, avoir une information unifi\u00e9e, robuste, de qualit\u00e9, en m\u00eame temps et pour tous les acteurs d\u2019un projet. BulldozAIR fait vraiment partie de ceux qui savent faire.\u00a0\u00bb<\/p>\n\n                      <a href=\"https:\/\/www.bulldozair.com\/fr\/projets\/?c=3993\" class=\"link c-secondary mt-3\" target=\"_self\"><span>Voir le(s) projet(s)<\/span><i class=\"icon icon-chevron-right ml-1\"><\/i><\/a>\n          \n          <div class=\"card-collaborator__bottom mt-4\">\n            <div class=\"img-circle mr-3\">\n              <img loading=\"lazy\" decoding=\"async\" width=\"272\" height=\"272\" src=\"https:\/\/www.bulldozair.com\/wp-content\/uploads\/2020\/09\/Img_A\u0300-propos_9@2x.jpg\" class=\"attachment-thumbnail size-thumbnail wp-post-image\" alt=\"\" \/>            <\/div>\n            <div class=\"card-collaborator__author mb-8 mb-md-0\">\n              <p class=\"ft-primary ft-heading ft-600 ft-truncat mb-0\">SNCF<\/p>\n              <p class=\"ft-secondary c-secondary mb-0\">Projets r\u00e9alis\u00e9s sur Bulldozair<\/p>\n            <\/div>\n          <\/div>\n        <\/div>\n\n            <\/div>\n    \n  <\/div>\n<\/div>\n<div class=\"container\">\n\n\n<div style=\"height:100px\" aria-hidden=\"true\" class=\"wp-block-spacer is-style-medium\"><\/div>\n\n\n\n<div class=\"card-banner \">\n    \n    <div class=\"card-banner__body ft-center\">\n      <div class=\"card-banner__content\">\n        <h3 class=\"h2 ft-600 ft-heading mb-3 c-white\">Essayer Bulldozair pour votre projet<\/h3>\n        <p class=\"card-banner__desc mb-4 h4 c-white\">Augmentez votre productivit\u00e9 d\u00e8s aujourd\u2019hui en g\u00e9rant tous vos projets BTP avec Bulldozair.<\/p>\n                <a href=\"https:\/\/www.bulldozair.com\/fr\/demande-de-demo\/\" class=\"btn btn--white\" target=\"_blank\"><span>Essayer maintenant<\/span><i class=\"icon icon-chevron-right ml-2\"><\/i><\/a>\n              <\/div>\n    <\/div>\n  <\/div>","protected":false},"excerpt":{"rendered":"<p>Une solution pour chaque industrie D\u00e9couvrez comment les diff\u00e9rents secteurs d\u2019activit\u00e9s utilisent Bulldozair.<\/p>\n","protected":false},"author":2,"featured_media":0,"parent":0,"menu_order":0,"comment_status":"closed","ping_status":"closed","template":"","meta":{"content-type":"","footnotes":""},"acf":[],"yoast_head":"<!-- This site is optimized with the Yoast SEO plugin v21.8 - https:\/\/yoast.com\/wordpress\/plugins\/seo\/ -->\n<title>Entreprise g\u00e9n\u00e9rale - Mezzoteam<\/title>\n<meta name=\"robots\" content=\"index, follow, max-snippet:-1, max-image-preview:large, max-video-preview:-1\" \/>\n<link rel=\"canonical\" href=\"https:\/\/www.bulldozair.com\/fr\/entreprise-generale\/\" \/>\n<meta property=\"og:locale\" content=\"fr_FR\" \/>\n<meta property=\"og:type\" content=\"article\" \/>\n<meta property=\"og:title\" content=\"Entreprise g\u00e9n\u00e9rale - Mezzoteam\" \/>\n<meta property=\"og:description\" content=\"Une solution pour chaque industrie D\u00e9couvrez comment les diff\u00e9rents secteurs d\u2019activit\u00e9s utilisent Bulldozair.\" \/>\n<meta property=\"og:url\" content=\"https:\/\/www.bulldozair.com\/fr\/entreprise-generale\/\" \/>\n<meta property=\"og:site_name\" content=\"Mezzoteam\" \/>\n<meta property=\"article:modified_time\" content=\"2021-03-02T21:00:09+00:00\" \/>\n<meta property=\"og:image\" content=\"https:\/\/www.bulldozair.com\/wp-content\/uploads\/2020\/12\/Suivi-chantier_01-1024x1024.png\" \/>\n<meta name=\"twitter:card\" content=\"summary_large_image\" \/>\n<meta name=\"twitter:label1\" content=\"Dur\u00e9e de lecture estim\u00e9e\" \/>\n\t<meta name=\"twitter:data1\" content=\"2 minutes\" \/>\n<script type=\"application\/ld+json\" class=\"yoast-schema-graph\">{\"@context\":\"https:\/\/schema.org\",\"@graph\":[{\"@type\":\"WebPage\",\"@id\":\"https:\/\/www.bulldozair.com\/fr\/entreprise-generale\/\",\"url\":\"https:\/\/www.bulldozair.com\/fr\/entreprise-generale\/\",\"name\":\"Entreprise g\u00e9n\u00e9rale - Mezzoteam\",\"isPartOf\":{\"@id\":\"https:\/\/www.bulldozair.com\/#website\"},\"datePublished\":\"2020-10-29T19:40:13+00:00\",\"dateModified\":\"2021-03-02T21:00:09+00:00\",\"inLanguage\":\"fr-FR\",\"potentialAction\":[{\"@type\":\"ReadAction\",\"target\":[\"https:\/\/www.bulldozair.com\/fr\/entreprise-generale\/\"]}]},{\"@type\":\"WebSite\",\"@id\":\"https:\/\/www.bulldozair.com\/#website\",\"url\":\"https:\/\/www.bulldozair.com\/\",\"name\":\"Mezzoteam\",\"description\":\"Construction project management software - Suivi de chantier\",\"potentialAction\":[{\"@type\":\"SearchAction\",\"target\":{\"@type\":\"EntryPoint\",\"urlTemplate\":\"https:\/\/www.bulldozair.com\/?s={search_term_string}\"},\"query-input\":\"required name=search_term_string\"}],\"inLanguage\":\"fr-FR\"}]}<\/script>\n<!-- \/ Yoast SEO plugin. -->","yoast_head_json":{"title":"Entreprise g\u00e9n\u00e9rale - Mezzoteam","robots":{"index":"index","follow":"follow","max-snippet":"max-snippet:-1","max-image-preview":"max-image-preview:large","max-video-preview":"max-video-preview:-1"},"canonical":"https:\/\/www.bulldozair.com\/fr\/entreprise-generale\/","og_locale":"fr_FR","og_type":"article","og_title":"Entreprise g\u00e9n\u00e9rale - Mezzoteam","og_description":"Une solution pour chaque industrie D\u00e9couvrez comment les diff\u00e9rents secteurs d\u2019activit\u00e9s utilisent Bulldozair.","og_url":"https:\/\/www.bulldozair.com\/fr\/entreprise-generale\/","og_site_name":"Mezzoteam","article_modified_time":"2021-03-02T21:00:09+00:00","og_image":[{"url":"https:\/\/www.bulldozair.com\/wp-content\/uploads\/2020\/12\/Suivi-chantier_01-1024x1024.png"}],"twitter_card":"summary_large_image","twitter_misc":{"Dur\u00e9e de lecture estim\u00e9e":"2 minutes"},"schema":{"@context":"https:\/\/schema.org","@graph":[{"@type":"WebPage","@id":"https:\/\/www.bulldozair.com\/fr\/entreprise-generale\/","url":"https:\/\/www.bulldozair.com\/fr\/entreprise-generale\/","name":"Entreprise g\u00e9n\u00e9rale - Mezzoteam","isPartOf":{"@id":"https:\/\/www.bulldozair.com\/#website"},"datePublished":"2020-10-29T19:40:13+00:00","dateModified":"2021-03-02T21:00:09+00:00","inLanguage":"fr-FR","potentialAction":[{"@type":"ReadAction","target":["https:\/\/www.bulldozair.com\/fr\/entreprise-generale\/"]}]},{"@type":"WebSite","@id":"https:\/\/www.bulldozair.com\/#website","url":"https:\/\/www.bulldozair.com\/","name":"Mezzoteam","description":"Construction project management software - Suivi de chantier","potentialAction":[{"@type":"SearchAction","target":{"@type":"EntryPoint","urlTemplate":"https:\/\/www.bulldozair.com\/?s={search_term_string}"},"query-input":"required name=search_term_string"}],"inLanguage":"fr-FR"}]}},"_links":{"self":[{"href":"https:\/\/www.bulldozair.com\/fr\/wp-json\/wp\/v2\/pages\/5328"}],"collection":[{"href":"https:\/\/www.bulldozair.com\/fr\/wp-json\/wp\/v2\/pages"}],"about":[{"href":"https:\/\/www.bulldozair.com\/fr\/wp-json\/wp\/v2\/types\/page"}],"author":[{"embeddable":true,"href":"https:\/\/www.bulldozair.com\/fr\/wp-json\/wp\/v2\/users\/2"}],"replies":[{"embeddable":true,"href":"https:\/\/www.bulldozair.com\/fr\/wp-json\/wp\/v2\/comments?post=5328"}],"version-history":[{"count":41,"href":"https:\/\/www.bulldozair.com\/fr\/wp-json\/wp\/v2\/pages\/5328\/revisions"}],"predecessor-version":[{"id":9312,"href":"https:\/\/www.bulldozair.com\/fr\/wp-json\/wp\/v2\/pages\/5328\/revisions\/9312"}],"wp:attachment":[{"href":"https:\/\/www.bulldozair.com\/fr\/wp-json\/wp\/v2\/media?parent=5328"}],"curies":[{"name":"wp","href":"https:\/\/api.w.org\/{rel}","templated":true}]}}