{"id":7957,"date":"2021-01-06T15:00:56","date_gmt":"2021-01-06T14:00:56","guid":{"rendered":"https:\/\/new.bulldozair.com\/?page_id=7957"},"modified":"2021-03-02T22:27:09","modified_gmt":"2021-03-02T21:27:09","slug":"toutes-les-fonctionnalites","status":"publish","type":"page","link":"https:\/\/www.bulldozair.com\/fr\/toutes-les-fonctionnalites\/","title":{"rendered":"Toutes les fonctionnalites"},"content":{"rendered":"\n<section \n  class=\"hero\" \n    style=\"background-image: url(https:\/\/www.bulldozair.com\/wp-content\/themes\/bulldozair\/assets\/img\/hero\/hero-illu-1.svg)\"\n    >\n  <div class=\"container\">\n    <div class=\"row\">\n\n              <div class=\"col col-md-9 col--center ft-center\">\n          <h1>\n                          D\u00e9couvrez <span>tous les modules<\/span> de bulldozair                      <\/h1>\n          \n\n<p>Nous vous aidons dans le montage, la conception, l&rsquo;ex\u00e9cution, la livraison et l&rsquo;exploitation de vos projets.<\/p>\n\n\n\n\n<div class=\"wp-block-buttons \">\n\n  \n  \n    <a href=\"https:\/\/www.bulldozair.com\/fr\/demande-de-demo\/\" class=\"btn btn--primary\" target=\"_blank\">\n      Essayer maintenant              <i class=\"icon-chevron-right ml-2\"><\/i>\n          <\/a>\n\n  \n  \n\n<\/div>\n\n\n\n        <\/div>\n          <\/div>\n  <\/div>\n<\/section>\n\n\n  <\/div>\n  <div class=\"section bg--pink \">\n    <div class=\"container\">\n      \n\n<div class=\"wp-block-columns is-layout-flex wp-container-core-columns-layout-1 wp-block-columns-is-layout-flex\">\n<div class=\"wp-block-column is-vertically-aligned-center is-layout-flow wp-block-column-is-layout-flow\">\n<h2 class=\"wp-block-heading\" id=\"outil\">Ma\u00eetrisez l&rsquo;avancement et la conformit\u00e9 des travaux <\/h2>\n\n\n\n<p>Laissez-tomber les t\u00e2ches polluantes. D\u00e9ployez vos efforts sur les bonnes priorit\u00e9s en ma\u00eetrisant l\u2019agenda de votre chantier.<\/p>\n\n\n\n<div style=\"height:50px\" aria-hidden=\"true\" class=\"wp-block-spacer\"><\/div>\n\n\n\n<div class=\"mosaic  mosaic-2 mosaic-row-64 mosaic-col-32\">\n  \n\n<div id=\"planning\" class=\"feature\">\n        <i class=\"icon-calendar icon-28 icon--block icon--round mb-2\"><\/i>\n    <p class=\"ft-primary ft-heading c-black ft-600 mb-0\">Planning<\/p> \n      <p class=\"mt-1 mb-0\">Soyez alert\u00e9 des \u00e9ch\u00e9ances pour ma\u00eetriser votre planning et visualisez en un coup d&rsquo;oeil les dates jalons et les \u00e9tapes de votre projet.<\/p>\n  \n  <\/div>\n\n\n\n\n<div id=\"formulaires\" class=\"feature\">\n        <i class=\"icon-toggle-right icon-28 icon--block icon--round mb-2\"><\/i>\n    <p class=\"ft-primary ft-heading c-black ft-600 mb-0\">Formulaires<\/p> \n      <p class=\"mt-1 mb-0\">Retrouvez facilement vos formulaires et remplissez-les sur notre interface. Ceux-ci sont g\u00e9n\u00e9r\u00e9s et archiv\u00e9s \u00e0 la fin de chaque visite.<\/p>\n  \n      <p class=\"mt-1 mb-0\"><a href=\"https:\/\/www.bulldozair.com\/fr\/formulaires-digitaux\/\" class=\"link\" target=\"_self\"><span><\/span><i class=\"icon icon-chevron-right ml-1\"><\/i><\/a><\/p>\n  <\/div>\n\n\n\n<\/div><\/div>\n\n\n\n<div class=\"wp-block-column is-vertically-aligned-center is-layout-flow wp-block-column-is-layout-flow\">\n<div class=\"wp-block-image\"><figure class=\"alignleft size-large\"><img loading=\"lazy\" decoding=\"async\" width=\"1024\" height=\"919\" src=\"https:\/\/www.bulldozair.com\/wp-content\/uploads\/2020\/09\/TaskCreate-1024x919.png\" alt=\"\" class=\"wp-image-4096\" srcset=\"https:\/\/www.bulldozair.com\/wp-content\/uploads\/2020\/09\/TaskCreate-1024x919.png 1024w, https:\/\/www.bulldozair.com\/wp-content\/uploads\/2020\/09\/TaskCreate-720x646.png 720w, https:\/\/www.bulldozair.com\/wp-content\/uploads\/2020\/09\/TaskCreate-768x689.png 768w, https:\/\/www.bulldozair.com\/wp-content\/uploads\/2020\/09\/TaskCreate.png 1438w\" sizes=\"(max-width: 1024px) 100vw, 1024px\" \/><\/figure><\/div>\n<\/div>\n<\/div>\n\n\n\n<div style=\"height:50px\" aria-hidden=\"true\" class=\"wp-block-spacer\"><\/div>\n\n\n\n<div class=\"wp-block-columns is-style-reverse is-layout-flex wp-container-core-columns-layout-2 wp-block-columns-is-layout-flex\">\n<div class=\"wp-block-column is-vertically-aligned-center is-layout-flow wp-block-column-is-layout-flow\">\n<figure class=\"wp-block-image size-large\"><img loading=\"lazy\" decoding=\"async\" width=\"1024\" height=\"1010\" src=\"https:\/\/www.bulldozair.com\/wp-content\/uploads\/2020\/09\/Rapport-1024x1010.png\" alt=\"\" class=\"wp-image-4099\" srcset=\"https:\/\/www.bulldozair.com\/wp-content\/uploads\/2020\/09\/Rapport-1024x1010.png 1024w, https:\/\/www.bulldozair.com\/wp-content\/uploads\/2020\/09\/Rapport-720x710.png 720w, https:\/\/www.bulldozair.com\/wp-content\/uploads\/2020\/09\/Rapport-768x757.png 768w, https:\/\/www.bulldozair.com\/wp-content\/uploads\/2020\/09\/Rapport.png 1160w\" sizes=\"(max-width: 1024px) 100vw, 1024px\" \/><\/figure>\n<\/div>\n\n\n\n<div class=\"wp-block-column is-vertically-aligned-center is-layout-flow wp-block-column-is-layout-flow\">\n<h2 class=\"wp-block-heading\" id=\"workflow\"><strong>Collaborez en direct avec vos \u00e9quipes<\/strong><\/h2>\n\n\n\n<p>Fini les allers\/retours par mail, whatsapp ou t\u00e9l\u00e9phone. Travaillez sur un outil qui centralise les d\u00e9cisions prises sur le chantier et qui partage la documentation avec droits d&rsquo;acc\u00e8s.<\/p>\n\n\n\n<div style=\"height:50px\" aria-hidden=\"true\" class=\"wp-block-spacer\"><\/div>\n\n\n\n<div class=\"mosaic  mosaic-2 mosaic-row-64 mosaic-col-32\">\n  \n\n<div id=\"dashboard\" class=\"feature\">\n        <i class=\"icon-grid icon-28 icon--block icon--round mb-2\"><\/i>\n    <p class=\"ft-primary ft-heading c-black ft-600 mb-0\">Dashboard<\/p> \n      <p class=\"mt-1 mb-0\">Pilotez l\u2019ensemble du projet via notre tableau de bord. Et suivez l&rsquo;\u00e9volution des t\u00e2ches et des interventions gr\u00e2ce \u00e0 nos indicateurs mis \u00e0 jour en temps r\u00e9el.<\/p>\n  \n  <\/div>\n\n\n\n\n<div id=\"comptes-rendus\" class=\"feature\">\n        <i class=\"icon-clipboard icon-28 icon--block icon--round mb-2\"><\/i>\n    <p class=\"ft-primary ft-heading c-black ft-600 mb-0\">Comptes-rendus<\/p> \n      <p class=\"mt-1 mb-0\">Conservez et centralisez tout ce qui a \u00e9t\u00e9 dit sur le chantier dans des rapports qui auront \u00e9t\u00e9 mis en forme et diffus\u00e9s automatiquement \u00e0 toutes les parties prenantes.<\/p>\n  \n      <p class=\"mt-1 mb-0\"><a href=\"https:\/\/www.bulldozair.com\/fr\/compte-rendu-chantier\/\" class=\"link\" target=\"_self\"><span><\/span><i class=\"icon icon-chevron-right ml-1\"><\/i><\/a><\/p>\n  <\/div>\n\n\n\n\n<div id=\"electronique\" class=\"feature\">\n        <i class=\"icon-cloud icon-28 icon--block icon--round mb-2\"><\/i>\n    <p class=\"ft-primary ft-heading c-black ft-600 mb-0\">Collaboration documentaire simple<\/p> \n      <p class=\"mt-1 mb-0\">D\u00e9posez des plans, m\u00eame DWG, convertis automatiquement puis distribu\u00e9s aux \u00e9quipes terrains en quelques clics. Et gardez la main sur les droits d&rsquo;acc\u00e8s.<\/p>\n  \n      <p class=\"mt-1 mb-0\"><a href=\"https:\/\/www.bulldozair.com\/fr\/collaboration-documentaire\/\" class=\"link\" target=\"_self\"><span><\/span><i class=\"icon icon-chevron-right ml-1\"><\/i><\/a><\/p>\n  <\/div>\n\n\n\n<\/div><\/div>\n<\/div>\n\n\n\n<div style=\"height:50px\" aria-hidden=\"true\" class=\"wp-block-spacer\"><\/div>\n\n\n\n<div class=\"wp-block-columns is-layout-flex wp-container-core-columns-layout-3 wp-block-columns-is-layout-flex\">\n<div class=\"wp-block-column is-vertically-aligned-center is-layout-flow wp-block-column-is-layout-flow\">\n<h2 class=\"wp-block-heading\" id=\"chantier\"><strong>Suivez la vie de votre chantier en temps r\u00e9el<\/strong><\/h2>\n\n\n\n<p>Consignez vos observations et les d\u00e9cisions prises. L&rsquo;application horodate toutes les informations et les envoie automatiquement \u00e0 tous les intervenants.<\/p>\n\n\n\n<div style=\"height:50px\" aria-hidden=\"true\" class=\"wp-block-spacer\"><\/div>\n\n\n\n<div class=\"mosaic  mosaic-2 mosaic-row-64 mosaic-col-32\">\n  \n\n<div id=\"visites\" class=\"feature\">\n        <i class=\"icon-truck icon-28 icon--block icon--round mb-2\"><\/i>\n    <p class=\"ft-primary ft-heading c-black ft-600 mb-0\">Visites de chantier<\/p> \n      <p class=\"mt-1 mb-0\">Prenez des notes rapidement depuis votre t\u00e9l\u00e9phone ou tablette. La mise en forme s&rsquo;effectue aussit\u00f4t aux couleurs de l\u2019entreprise et les rapports envoy\u00e9s automatiquement. <\/p>\n  \n      <p class=\"mt-1 mb-0\"><a href=\"https:\/\/www.bulldozair.com\/fr\/suivi-de-chantier\/\" class=\"link\" target=\"_self\"><span><\/span><i class=\"icon icon-chevron-right ml-1\"><\/i><\/a><\/p>\n  <\/div>\n\n\n\n\n<div id=\"opr\" class=\"feature\">\n        <i class=\"icon-pen icon-28 icon--block icon--round mb-2\"><\/i>\n    <p class=\"ft-primary ft-heading c-black ft-600 mb-0\">OPR et r\u00e9serves<\/p> \n      <p class=\"mt-1 mb-0\">Saisissez et localisez vos r\u00e9serves. G\u00e9n\u00e9rez de beaux rapports diffus\u00e9s syst\u00e9matiquement aux parties prenantes. Suivez la lev\u00e9e et les statistiques d&rsquo;avancement.<\/p>\n  \n      <p class=\"mt-1 mb-0\"><a href=\"https:\/\/www.bulldozair.com\/fr\/cas-dusage-opr\/\" class=\"link\" target=\"_self\"><span><\/span><i class=\"icon icon-chevron-right ml-1\"><\/i><\/a><\/p>\n  <\/div>\n\n\n\n<\/div><\/div>\n\n\n\n<div class=\"wp-block-column is-vertically-aligned-center is-layout-flow wp-block-column-is-layout-flow\">\n<figure class=\"wp-block-image size-large mt-4 mt-md-0\"><img loading=\"lazy\" decoding=\"async\" width=\"1024\" height=\"995\" src=\"https:\/\/www.bulldozair.com\/wp-content\/uploads\/2020\/09\/Plan-1024x995.png\" alt=\"\" class=\"wp-image-4102\" srcset=\"https:\/\/www.bulldozair.com\/wp-content\/uploads\/2020\/09\/Plan-1024x995.png 1024w, https:\/\/www.bulldozair.com\/wp-content\/uploads\/2020\/09\/Plan-720x700.png 720w, https:\/\/www.bulldozair.com\/wp-content\/uploads\/2020\/09\/Plan-768x746.png 768w, https:\/\/www.bulldozair.com\/wp-content\/uploads\/2020\/09\/Plan.png 1062w\" sizes=\"(max-width: 1024px) 100vw, 1024px\" \/><\/figure>\n<\/div>\n<\/div>\n\n\n\n<p><\/p>\n\n\n    <\/div>\n  <\/div>\n  <div class=\"container\">\n\n\n\n\n<div class=\"card-banner \">\n    \n    <div class=\"card-banner__body ft-center\">\n      <div class=\"card-banner__content\">\n        <h3 class=\"h2 ft-600 ft-heading mb-3 c-white\">Essayer Bulldozair pour votre projet<\/h3>\n        <p class=\"card-banner__desc mb-4 h4 c-white\">Augmentez votre productivit\u00e9 d\u00e8s aujourd\u2019hui en g\u00e9rant tous vos projets BTP avec Bulldozair.<\/p>\n                <a href=\"https:\/\/www.bulldozair.com\/fr\/demande-de-demo\/\" class=\"btn btn--white\" target=\"_blank\"><span>Essayer maintenant<\/span><i class=\"icon icon-chevron-right ml-2\"><\/i><\/a>\n              <\/div>\n    <\/div>\n  <\/div>","protected":false},"excerpt":{"rendered":"","protected":false},"author":2,"featured_media":0,"parent":0,"menu_order":0,"comment_status":"closed","ping_status":"closed","template":"","meta":{"content-type":"","footnotes":""},"acf":[],"yoast_head":"<!-- This site is optimized with the Yoast SEO plugin v21.8 - https:\/\/yoast.com\/wordpress\/plugins\/seo\/ -->\n<title>Toutes les fonctionnalites - Mezzoteam<\/title>\n<meta name=\"robots\" content=\"index, follow, max-snippet:-1, max-image-preview:large, max-video-preview:-1\" \/>\n<link rel=\"canonical\" href=\"https:\/\/www.bulldozair.com\/fr\/toutes-les-fonctionnalites\/\" \/>\n<meta property=\"og:locale\" content=\"fr_FR\" \/>\n<meta property=\"og:type\" content=\"article\" \/>\n<meta property=\"og:title\" content=\"Toutes les fonctionnalites - Mezzoteam\" \/>\n<meta property=\"og:url\" content=\"https:\/\/www.bulldozair.com\/fr\/toutes-les-fonctionnalites\/\" \/>\n<meta property=\"og:site_name\" content=\"Mezzoteam\" \/>\n<meta property=\"article:modified_time\" content=\"2021-03-02T21:27:09+00:00\" \/>\n<meta property=\"og:image\" content=\"https:\/\/www.bulldozair.com\/wp-content\/uploads\/2020\/09\/TaskCreate-1024x919.png\" \/>\n<meta name=\"twitter:card\" content=\"summary_large_image\" \/>\n<meta name=\"twitter:label1\" content=\"Dur\u00e9e de lecture estim\u00e9e\" \/>\n\t<meta name=\"twitter:data1\" content=\"2 minutes\" \/>\n<script type=\"application\/ld+json\" class=\"yoast-schema-graph\">{\"@context\":\"https:\/\/schema.org\",\"@graph\":[{\"@type\":\"WebPage\",\"@id\":\"https:\/\/www.bulldozair.com\/fr\/toutes-les-fonctionnalites\/\",\"url\":\"https:\/\/www.bulldozair.com\/fr\/toutes-les-fonctionnalites\/\",\"name\":\"Toutes les fonctionnalites - Mezzoteam\",\"isPartOf\":{\"@id\":\"https:\/\/www.bulldozair.com\/#website\"},\"datePublished\":\"2021-01-06T14:00:56+00:00\",\"dateModified\":\"2021-03-02T21:27:09+00:00\",\"inLanguage\":\"fr-FR\",\"potentialAction\":[{\"@type\":\"ReadAction\",\"target\":[\"https:\/\/www.bulldozair.com\/fr\/toutes-les-fonctionnalites\/\"]}]},{\"@type\":\"WebSite\",\"@id\":\"https:\/\/www.bulldozair.com\/#website\",\"url\":\"https:\/\/www.bulldozair.com\/\",\"name\":\"Mezzoteam\",\"description\":\"Construction project management software - Suivi de chantier\",\"potentialAction\":[{\"@type\":\"SearchAction\",\"target\":{\"@type\":\"EntryPoint\",\"urlTemplate\":\"https:\/\/www.bulldozair.com\/?s={search_term_string}\"},\"query-input\":\"required name=search_term_string\"}],\"inLanguage\":\"fr-FR\"}]}<\/script>\n<!-- \/ Yoast SEO plugin. -->","yoast_head_json":{"title":"Toutes les fonctionnalites - Mezzoteam","robots":{"index":"index","follow":"follow","max-snippet":"max-snippet:-1","max-image-preview":"max-image-preview:large","max-video-preview":"max-video-preview:-1"},"canonical":"https:\/\/www.bulldozair.com\/fr\/toutes-les-fonctionnalites\/","og_locale":"fr_FR","og_type":"article","og_title":"Toutes les fonctionnalites - Mezzoteam","og_url":"https:\/\/www.bulldozair.com\/fr\/toutes-les-fonctionnalites\/","og_site_name":"Mezzoteam","article_modified_time":"2021-03-02T21:27:09+00:00","og_image":[{"url":"https:\/\/www.bulldozair.com\/wp-content\/uploads\/2020\/09\/TaskCreate-1024x919.png"}],"twitter_card":"summary_large_image","twitter_misc":{"Dur\u00e9e de lecture estim\u00e9e":"2 minutes"},"schema":{"@context":"https:\/\/schema.org","@graph":[{"@type":"WebPage","@id":"https:\/\/www.bulldozair.com\/fr\/toutes-les-fonctionnalites\/","url":"https:\/\/www.bulldozair.com\/fr\/toutes-les-fonctionnalites\/","name":"Toutes les fonctionnalites - Mezzoteam","isPartOf":{"@id":"https:\/\/www.bulldozair.com\/#website"},"datePublished":"2021-01-06T14:00:56+00:00","dateModified":"2021-03-02T21:27:09+00:00","inLanguage":"fr-FR","potentialAction":[{"@type":"ReadAction","target":["https:\/\/www.bulldozair.com\/fr\/toutes-les-fonctionnalites\/"]}]},{"@type":"WebSite","@id":"https:\/\/www.bulldozair.com\/#website","url":"https:\/\/www.bulldozair.com\/","name":"Mezzoteam","description":"Construction project management software - Suivi de chantier","potentialAction":[{"@type":"SearchAction","target":{"@type":"EntryPoint","urlTemplate":"https:\/\/www.bulldozair.com\/?s={search_term_string}"},"query-input":"required name=search_term_string"}],"inLanguage":"fr-FR"}]}},"_links":{"self":[{"href":"https:\/\/www.bulldozair.com\/fr\/wp-json\/wp\/v2\/pages\/7957"}],"collection":[{"href":"https:\/\/www.bulldozair.com\/fr\/wp-json\/wp\/v2\/pages"}],"about":[{"href":"https:\/\/www.bulldozair.com\/fr\/wp-json\/wp\/v2\/types\/page"}],"author":[{"embeddable":true,"href":"https:\/\/www.bulldozair.com\/fr\/wp-json\/wp\/v2\/users\/2"}],"replies":[{"embeddable":true,"href":"https:\/\/www.bulldozair.com\/fr\/wp-json\/wp\/v2\/comments?post=7957"}],"version-history":[{"count":7,"href":"https:\/\/www.bulldozair.com\/fr\/wp-json\/wp\/v2\/pages\/7957\/revisions"}],"predecessor-version":[{"id":9343,"href":"https:\/\/www.bulldozair.com\/fr\/wp-json\/wp\/v2\/pages\/7957\/revisions\/9343"}],"wp:attachment":[{"href":"https:\/\/www.bulldozair.com\/fr\/wp-json\/wp\/v2\/media?parent=7957"}],"curies":[{"name":"wp","href":"https:\/\/api.w.org\/{rel}","templated":true}]}}