{"id":7965,"date":"2021-01-06T15:17:51","date_gmt":"2021-01-06T14:17:51","guid":{"rendered":"https:\/\/new.bulldozair.com\/?page_id=7965"},"modified":"2024-04-26T17:15:08","modified_gmt":"2024-04-26T15:15:08","slug":"equipe","status":"publish","type":"page","link":"https:\/\/www.bulldozair.com\/fr\/equipe\/","title":{"rendered":"Equipe Bulldozair"},"content":{"rendered":"\n<section \n  class=\"hero\" \n    style=\"background-image: url(https:\/\/www.bulldozair.com\/wp-content\/themes\/bulldozair\/assets\/img\/hero\/hero-illu-1.svg)\"\n    >\n  <div class=\"container\">\n    <div class=\"row\">\n\n              <div class=\"col col--center\">\n          <h1>\n                          Notre mantra <span>collecter les donn\u00e9es terrain simplement, les reporter proprement <\/span>                       <\/h1>\n          \n\n<p><\/p>\n\n\n        <\/div>\n          <\/div>\n  <\/div>\n<\/section>\n\n\n\n<h2 class=\"wp-block-heading has-text-align-center\">BULLDOZAIR EN QUELQUES MOTS<\/h2>\n\n\n\n<p>Fond\u00e9e en 2012, Bulldozair a pour mission de simplifier le suivi des chantiers et la gestion des projets de construction \u00e0 travers des solutions technologiques innovantes et faciles \u00e0 utiliser.<\/p>\n\n\n\n<p>A l&rsquo;\u00e9t\u00e9 2016, Bulldozair devient une des toutes premi\u00e8res startups fran\u00e7aises \u00e0 rejoindre le tr\u00e8s c\u00e9l\u00e8bre acc\u00e9l\u00e9rateur de startups <strong>Y Combinator (YC)<\/strong> qui a \u00e9t\u00e9 g\u00e9r\u00e9 par Sam Altman (OpenAI) et qui a vu naitre des soci\u00e9t\u00e9s telles que Dropbox, Stripe, Airbnb&#8230;<\/p>\n\n\n\n<p>En 2024, Bulldozair rejoint les \u00e9quipes de <strong>Mezzoteam <\/strong>(leader de la GED et du CDE) gr\u00e2ce \u00e0 son rachat par le groupe <strong>InfoproDigital<\/strong> (8\u00e8me acteur Technologique Fran\u00e7ais et acteur de premier plan au niveau Europ\u00e9en). <\/p>\n\n\n\n<p>Le nouvel ensemble ainsi form\u00e9 ( Mezzoteam , Bulldozair, E-Project ) avec l&rsquo;appui d&rsquo;un acteur leader du digital, constitue une solution compl\u00e8te de bout en bout pour g\u00e9rer les projets de construction : de la conception \u00e0 l&rsquo;execution en passant par l&rsquo;exploitation. La plateforme propose maintenant une solution de GED, CDE, GFI, Project Management, Suivi de chantier , OPR et BIM  leader sur le  <strong>\u00ab\u00a0Construction Project Management\u00a0\u00bb<\/strong>. <\/p>\n\n\n<div class=\"wp-block-image\">\n<figure class=\"aligncenter size-large is-resized\"><img loading=\"lazy\" decoding=\"async\" width=\"1024\" height=\"108\" src=\"https:\/\/www.bulldozair.com\/wp-content\/uploads\/2024\/04\/logos-bulldozair-formi-mezzoteam-1024x108.png\" alt=\"\" class=\"wp-image-10773\" style=\"width:626px;height:auto\" srcset=\"https:\/\/www.bulldozair.com\/wp-content\/uploads\/2024\/04\/logos-bulldozair-formi-mezzoteam-1024x108.png 1024w, https:\/\/www.bulldozair.com\/wp-content\/uploads\/2024\/04\/logos-bulldozair-formi-mezzoteam-720x76.png 720w, https:\/\/www.bulldozair.com\/wp-content\/uploads\/2024\/04\/logos-bulldozair-formi-mezzoteam-768x81.png 768w, https:\/\/www.bulldozair.com\/wp-content\/uploads\/2024\/04\/logos-bulldozair-formi-mezzoteam.png 1046w\" sizes=\"(max-width: 1024px) 100vw, 1024px\" \/><\/figure><\/div>\n\n\n<p><\/p>\n\n\n\n<p><\/p>\n\n\n\n<h2 class=\"wp-block-heading has-text-align-center\">LES FONDATEURS<\/h2>\n\n\n\n<div style=\"height:55px\" aria-hidden=\"true\" class=\"wp-block-spacer is-style-medium\"><\/div>\n\n\n<div class=\"col col--center col-lg-10 col-lg-offset-1\">\n  \n\n<div class=\"wp-block-columns is-layout-flex wp-container-core-columns-layout-1 wp-block-columns-is-layout-flex\">\n<div class=\"wp-block-column is-layout-flow wp-block-column-is-layout-flow\">\n<figure class=\"wp-block-image size-large is-small-mobile is-style-rounded\"><img loading=\"lazy\" decoding=\"async\" width=\"1024\" height=\"1024\" src=\"https:\/\/www.bulldozair.com\/wp-content\/uploads\/2020\/11\/Bulldozair-CEO-co-founder-Ali-El-Hariri-1-scaled-e1605175950878-1024x1024.jpeg\" alt=\"\" class=\"wp-image-6439\"\/><\/figure>\n<\/div>\n\n\n\n<div class=\"wp-block-column is-vertically-aligned-center is-layout-flow wp-block-column-is-layout-flow\">\n<h2 class=\"wp-block-heading\">Ali El Hariri, <br>Fondateur &amp; CEO<\/h2>\n\n\n\n<p>Ing\u00e9nieur de l\u2019ESTP (\u00c9cole Sp\u00e9ciale des Travaux Publics) Ali El Hariri est le CEO et co-fondateur de Bulldozair. Il a manag\u00e9 des projets de construction d&rsquo;envergure pendant 8 ans chez Bouygues tout en pilotant l&rsquo;am\u00e9lioration des outils digitaux de chantier du groupe. <\/p>\n<\/div>\n<\/div>\n\n\n\n<div style=\"height:55px\" aria-hidden=\"true\" class=\"wp-block-spacer is-style-small\"><\/div>\n\n\n\n<div class=\"wp-block-columns is-style-reverse is-layout-flex wp-container-core-columns-layout-2 wp-block-columns-is-layout-flex\">\n<div class=\"wp-block-column is-vertically-aligned-center is-layout-flow wp-block-column-is-layout-flow\">\n<h2 class=\"wp-block-heading\">Maxence LERIGNER,<br>Fondateur &amp; CTO<\/h2>\n\n\n\n<p>Ing\u00e9nieur informatique dipl\u00f4m\u00e9 de l\u2019EFREI (\u00c9cole Fran\u00e7aise d\u2019\u00c9lectronique et d\u2019Informatique), Maxence Lerigner est le CTO et co-fondateur de Bulldozair. Maxence a re\u00e7u la certification \u00ab Apple Certified Associate \u00bb. Avec plus de 10 ans de d\u00e9veloppement d&rsquo;applications B2B, son expertise le met en charge des d\u00e9fis techniques de la construction de la plateforme Bulldozair.<\/p>\n<\/div>\n\n\n\n<div class=\"wp-block-column is-layout-flow wp-block-column-is-layout-flow\">\n<figure class=\"wp-block-image size-large is-small-mobile is-style-rounded\"><img loading=\"lazy\" decoding=\"async\" width=\"1024\" height=\"1024\" src=\"https:\/\/www.bulldozair.com\/wp-content\/uploads\/2020\/11\/Bulldozair-CTO-co-founder-Maxence-Le\u0301rigner-1-scaled-e1605175727519-1024x1024.jpeg\" alt=\"\" class=\"wp-image-6443\"\/><\/figure>\n<\/div>\n<\/div>\n\n\n<\/div>\n\n\n<div style=\"height:100px\" aria-hidden=\"true\" class=\"wp-block-spacer is-style-medium\"><\/div>\n\n\n\n<h2 class=\"wp-block-heading has-text-align-center\">LE GROUPE<\/h2>\n\n\n\n<div style=\"height:51px\" aria-hidden=\"true\" class=\"wp-block-spacer is-style-small\"><\/div>\n\n\n\n<div class=\"wp-block-columns is-layout-flex wp-container-core-columns-layout-3 wp-block-columns-is-layout-flex\">\n<div class=\"wp-block-column is-layout-flow wp-block-column-is-layout-flow\">\n<figure class=\"wp-block-image size-large\"><img loading=\"lazy\" decoding=\"async\" width=\"1024\" height=\"279\" src=\"https:\/\/www.bulldozair.com\/wp-content\/uploads\/2024\/04\/LOGO_INFOPRO_DIGITAL_2022-1024x279.png\" alt=\"\" class=\"wp-image-10770\" srcset=\"https:\/\/www.bulldozair.com\/wp-content\/uploads\/2024\/04\/LOGO_INFOPRO_DIGITAL_2022-1024x279.png 1024w, https:\/\/www.bulldozair.com\/wp-content\/uploads\/2024\/04\/LOGO_INFOPRO_DIGITAL_2022-720x196.png 720w, https:\/\/www.bulldozair.com\/wp-content\/uploads\/2024\/04\/LOGO_INFOPRO_DIGITAL_2022-768x209.png 768w, https:\/\/www.bulldozair.com\/wp-content\/uploads\/2024\/04\/LOGO_INFOPRO_DIGITAL_2022-1536x419.png 1536w, https:\/\/www.bulldozair.com\/wp-content\/uploads\/2024\/04\/LOGO_INFOPRO_DIGITAL_2022.png 1889w\" sizes=\"(max-width: 1024px) 100vw, 1024px\" \/><\/figure>\n<\/div>\n\n\n\n<div class=\"wp-block-column is-layout-flow wp-block-column-is-layout-flow\">\n<figure class=\"wp-block-image size-full\"><img loading=\"lazy\" decoding=\"async\" width=\"1024\" height=\"273\" src=\"https:\/\/www.bulldozair.com\/wp-content\/uploads\/2024\/04\/mezzoteam_logo_fed_rgbactu.png\" alt=\"\" class=\"wp-image-10767\" style=\"object-fit:cover\" srcset=\"https:\/\/www.bulldozair.com\/wp-content\/uploads\/2024\/04\/mezzoteam_logo_fed_rgbactu.png 1024w, https:\/\/www.bulldozair.com\/wp-content\/uploads\/2024\/04\/mezzoteam_logo_fed_rgbactu-720x192.png 720w, https:\/\/www.bulldozair.com\/wp-content\/uploads\/2024\/04\/mezzoteam_logo_fed_rgbactu-768x205.png 768w\" sizes=\"(max-width: 1024px) 100vw, 1024px\" \/><\/figure>\n<\/div>\n<\/div>\n\n\n\n<hr class=\"wp-block-separator has-css-opacity mt-3 mb-3\"\/>\n\n\n\n<div style=\"height:51px\" aria-hidden=\"true\" class=\"wp-block-spacer is-style-small\"><\/div>\n\n\n\n<p class=\"has-text-align-center\">                                                                                               <\/p>\n\n\n\n<h2 class=\"wp-block-heading has-text-align-center\">Demande de presse et charte de marque<\/h2>\n\n\n\n<div style=\"height:45px\" aria-hidden=\"true\" class=\"wp-block-spacer is-style-small\"><\/div>\n\n\n\n<div class=\"mosaic  mosaic-3 mosaic-row-32 mosaic-col-32\">\n  \n\n<a href=\"https:\/\/drive.google.com\/drive\/folders\/1U7kjEzp_TPOnsLxM-wXq6JQx64qI-pBa\" class=\"card-article \" id=\"post-7965\" target=\"\">\n\t<div class=\"card-article__img\" style=\"background-image: url(https:\/\/www.bulldozair.com\/wp-content\/uploads\/2020\/09\/Img_Industrie-2@2x.png)\">\n\t\t<img decoding=\"async\" src=\"https:\/\/www.bulldozair.com\/wp-content\/uploads\/2020\/09\/Img_Industrie-2@2x.png\" alt=\"Kit presse\" \/>\n\t<\/div>\n\n\t<div class=\"card-article__content mt-3\">\n    <p class=\"mb-0 ft-heading ft-600 c-black\">Kit presse<\/p>\n    <p class=\"mb-0 mt-1\">T\u00e9l\u00e9chargez l\u2019ensemble de nos ressources r\u00e9unies dans notre kit de presse.<\/p>\n\n          <div  class=\"link  mt-2\"><span>T\u00e9l\u00e9charger le kit presse <\/span><i class=\"icon icon-chevron-right ml-1\"><\/i><\/div>\n    \t<\/div>\n<\/a>\n\n\n<a href=\"https:\/\/www.bulldozair.com\/fr\/contactez-nous\/\" class=\"card-article \" id=\"post-7965\" target=\"_self\">\n\t<div class=\"card-article__img\" style=\"background-image: url(https:\/\/www.bulldozair.com\/wp-content\/uploads\/2020\/09\/Img_Industrie-2@2x.png)\">\n\t\t<img decoding=\"async\" src=\"https:\/\/www.bulldozair.com\/wp-content\/uploads\/2020\/09\/Img_Industrie-2@2x.png\" alt=\"Enqu\u00eate de presse\" \/>\n\t<\/div>\n\n\t<div class=\"card-article__content mt-3\">\n    <p class=\"mb-0 ft-heading ft-600 c-black\">Enqu\u00eate de presse<\/p>\n    <p class=\"mb-0 mt-1\">Contactez-nous pour que nous puissions r\u00e9pondre au mieux \u00e0 votre enqu\u00eate de presse sur Bulldozair.<\/p>\n\n          <div  class=\"link  mt-2\"><span>Nous contacter<\/span><i class=\"icon icon-chevron-right ml-1\"><\/i><\/div>\n    \t<\/div>\n<\/a>\n\n\n<a href=\"#\" class=\"card-article \" id=\"post-7965\" target=\"_self\">\n\t<div class=\"card-article__img\" style=\"background-image: url(https:\/\/www.bulldozair.com\/wp-content\/uploads\/2020\/09\/Img_Industrie-2@2x.png)\">\n\t\t<img decoding=\"async\" src=\"https:\/\/www.bulldozair.com\/wp-content\/uploads\/2020\/09\/Img_Industrie-2@2x.png\" alt=\"Communiqu\u00e9s de presse\" \/>\n\t<\/div>\n\n\t<div class=\"card-article__content mt-3\">\n    <p class=\"mb-0 ft-heading ft-600 c-black\">Communiqu\u00e9s de presse<\/p>\n    <p class=\"mb-0 mt-1\">Consultez tous nos communiqu\u00e9s de presse disponibles depuis le magazine Bulldozair<\/p>\n\n          <div  class=\"link  mt-2\"><span>Lire les communiqu\u00e9s de presse<\/span><i class=\"icon icon-chevron-right ml-1\"><\/i><\/div>\n    \t<\/div>\n<\/a>\n\n<\/div>\n\n\n<div style=\"height:45px\" aria-hidden=\"true\" class=\"wp-block-spacer is-style-medium\"><\/div>\n\n\n\n<h2 class=\"wp-block-heading has-text-align-center\">Derni\u00e8res actualit\u00e9s<\/h2>\n\n\n\n<div style=\"height:44px\" aria-hidden=\"true\" class=\"wp-block-spacer is-style-small\"><\/div>\n\n\n\n<div class=\"mosaic mosaic-3 \">\n  \n<a href=\"https:\/\/blog.bulldozair.com\/fr\/infopro-digital-renforce-ses-positions-en-europe-dans-le-domaine-du-software-et-de-la-data-pour-la-construction-avec-les-acquisitions-de-formi-et-bulldozair\/\" class=\"card-article\" id=\"post-4104\">\n\t<div class=\"card-article__img\" style=\"background-image: url(https:\/\/www.bulldozair.com\/wp-content\/uploads\/sites\/2\/2024\/02\/Frame-44x-720x548.png)\">\n\t\t<img loading=\"lazy\" decoding=\"async\" width=\"3104\" height=\"2364\" src=\"https:\/\/www.bulldozair.com\/wp-content\/uploads\/sites\/2\/2024\/02\/Frame-44x.png\" class=\"attachment-post-thumbnail size-post-thumbnail wp-post-image\" alt=\"\" srcset=\"https:\/\/www.bulldozair.com\/wp-content\/uploads\/sites\/2\/2024\/02\/Frame-44x.png 3104w, https:\/\/www.bulldozair.com\/wp-content\/uploads\/sites\/2\/2024\/02\/Frame-44x-720x548.png 720w, https:\/\/www.bulldozair.com\/wp-content\/uploads\/sites\/2\/2024\/02\/Frame-44x-1024x780.png 1024w, https:\/\/www.bulldozair.com\/wp-content\/uploads\/sites\/2\/2024\/02\/Frame-44x-768x585.png 768w, https:\/\/www.bulldozair.com\/wp-content\/uploads\/sites\/2\/2024\/02\/Frame-44x-1536x1170.png 1536w, https:\/\/www.bulldozair.com\/wp-content\/uploads\/sites\/2\/2024\/02\/Frame-44x-2048x1560.png 2048w\" sizes=\"(max-width: 3104px) 100vw, 3104px\" \/>\n\t\t\n\t<\/div>\n\n\t<div class=\"card-article__content\">\n\t\t<p class=\"ft-tertiary c-black-secondary ft-up ft-500\">\n\t\t\tActualit\u00e9s\t\t\t<span class=\"c-black-tertiary ft-400\">| <span class=\"posted-on\"><time class=\"entry-date published updated\" datetime=\"2024-02-29T18:48:14+02:00\">29\/02<\/time><\/span> <\/span>\n\t\t<\/p>\n\t\t<h4 class=\"mb-0\">Infopro Digital renforce ses positions en Europe dans le domaine du software et de la data pour la construction, avec les acquisitions de Formi et Bulldozair<\/h4>\n\t\t<p class=\"mb-0 mt-1\">Cette \u00e9volution strat\u00e9gique acc\u00e9l\u00e8re le d\u00e9veloppement de sa plateforme Mezzoteam. Infopro Digital, \u00e9diteur de la solution collaborative Mezzoteam d\u00e9di\u00e9e \u00e0\u2026<\/p>\n\t<\/div>\n<\/a>\n\n<a href=\"https:\/\/blog.bulldozair.com\/fr\/nouvelle-application-bulldozair-ios\/\" class=\"card-article\" id=\"post-3871\">\n\t<div class=\"card-article__img\" style=\"background-image: url(https:\/\/www.bulldozair.com\/wp-content\/uploads\/sites\/2\/2021\/02\/Image-diOS-crop-720x630.png)\">\n\t\t<img loading=\"lazy\" decoding=\"async\" width=\"1200\" height=\"1050\" src=\"https:\/\/www.bulldozair.com\/wp-content\/uploads\/sites\/2\/2021\/02\/Image-diOS-crop.png\" class=\"attachment-post-thumbnail size-post-thumbnail wp-post-image\" alt=\"\" srcset=\"https:\/\/www.bulldozair.com\/wp-content\/uploads\/sites\/2\/2021\/02\/Image-diOS-crop.png 1200w, https:\/\/www.bulldozair.com\/wp-content\/uploads\/sites\/2\/2021\/02\/Image-diOS-crop-720x630.png 720w, https:\/\/www.bulldozair.com\/wp-content\/uploads\/sites\/2\/2021\/02\/Image-diOS-crop-1024x896.png 1024w, https:\/\/www.bulldozair.com\/wp-content\/uploads\/sites\/2\/2021\/02\/Image-diOS-crop-768x672.png 768w\" sizes=\"(max-width: 1200px) 100vw, 1200px\" \/>\n\t\t\n\t<\/div>\n\n\t<div class=\"card-article__content\">\n\t\t<p class=\"ft-tertiary c-black-secondary ft-up ft-500\">\n\t\t\tActualit\u00e9s\t\t\t<span class=\"c-black-tertiary ft-400\">| <span class=\"posted-on\"><time class=\"entry-date published updated\" datetime=\"2021-02-27T14:22:44+02:00\">27\/02<\/time><\/span> <\/span>\n\t\t<\/p>\n\t\t<h4 class=\"mb-0\">Nouvelle application Bulldozair iOS<\/h4>\n\t\t<p class=\"mb-0 mt-1\">Nous sommes tr\u00e8s fiers de vous annoncer qu\u2019une nouvelle version de l\u2019application est disponible sur iPhone et iPad \ud83c\udf89. Cette\u2026<\/p>\n\t<\/div>\n<\/a>\n\n<a href=\"https:\/\/blog.bulldozair.com\/fr\/nouveau-connecteur-bulldozair-mezzoteam\/\" class=\"card-article\" id=\"post-4041\">\n\t<div class=\"card-article__img\" style=\"background-image: url(https:\/\/www.bulldozair.com\/wp-content\/uploads\/sites\/2\/2022\/04\/mezzoteam-bulldozair-720x405.jpg)\">\n\t\t<img loading=\"lazy\" decoding=\"async\" width=\"1920\" height=\"1080\" src=\"https:\/\/www.bulldozair.com\/wp-content\/uploads\/sites\/2\/2022\/04\/mezzoteam-bulldozair.jpg\" class=\"attachment-post-thumbnail size-post-thumbnail wp-post-image\" alt=\"\" srcset=\"https:\/\/www.bulldozair.com\/wp-content\/uploads\/sites\/2\/2022\/04\/mezzoteam-bulldozair.jpg 1920w, https:\/\/www.bulldozair.com\/wp-content\/uploads\/sites\/2\/2022\/04\/mezzoteam-bulldozair-720x405.jpg 720w, https:\/\/www.bulldozair.com\/wp-content\/uploads\/sites\/2\/2022\/04\/mezzoteam-bulldozair-1024x576.jpg 1024w, https:\/\/www.bulldozair.com\/wp-content\/uploads\/sites\/2\/2022\/04\/mezzoteam-bulldozair-768x432.jpg 768w, https:\/\/www.bulldozair.com\/wp-content\/uploads\/sites\/2\/2022\/04\/mezzoteam-bulldozair-1536x864.jpg 1536w\" sizes=\"(max-width: 1920px) 100vw, 1920px\" \/>\n\t\t\n\t<\/div>\n\n\t<div class=\"card-article__content\">\n\t\t<p class=\"ft-tertiary c-black-secondary ft-up ft-500\">\n\t\t\tNon classifi\u00e9(e)\t\t\t<span class=\"c-black-tertiary ft-400\">| <span class=\"posted-on\"><time class=\"entry-date published updated\" datetime=\"2022-04-07T22:14:14+02:00\">07\/04<\/time><\/span> <\/span>\n\t\t<\/p>\n\t\t<h4 class=\"mb-0\">Nouveau connecteur Bulldozair <> Mezzoteam !<\/h4>\n\t\t<p class=\"mb-0 mt-1\">Un objectif partag\u00e9, faciliter la digitalisation des processus m\u00e9tier du BTP CDE \u2022 BIM \u2022 GED \u2022 SUIVI DE CHANTIER\u2026<\/p>\n\t<\/div>\n<\/a>\n\n<\/div>\n\n\n<div style=\"height:41px\" aria-hidden=\"true\" class=\"wp-block-spacer is-style-small\"><\/div>\n\n\n\n\n<div class=\"wp-block-buttons  aligncenter\">\n\n  \n  \n    <a href=\"https:\/\/blog.bulldozair.com\/fr\/\" class=\"btn btn--primary\" target=\"_blank\">\n      Toutes les actualit\u00e9s              <i class=\"icon-chevron-right ml-2\"><\/i>\n          <\/a>\n\n  \n  \n\n<\/div>\n\n\n\n\n<div style=\"height:100px\" aria-hidden=\"true\" class=\"wp-block-spacer is-style-medium\"><\/div>\n\n\n\n<div class=\"card-banner \">\n    \n    <div class=\"card-banner__body ft-center\">\n      <div class=\"card-banner__content\">\n        <h3 class=\"h2 ft-600 ft-heading mb-3 c-white\">Essayer Bulldozair pour votre projet<\/h3>\n        <p class=\"card-banner__desc mb-4 h4 c-white\">Augmentez votre productivit\u00e9 d\u00e8s aujourd\u2019hui en g\u00e9rant tous vos projets BTP avec Bulldozair.<\/p>\n                <a href=\"https:\/\/www.bulldozair.com\/fr\/demande-de-demo\/\" class=\"btn btn--white\" target=\"_self\"><span>Essayer maintenant<\/span><i class=\"icon icon-chevron-right ml-2\"><\/i><\/a>\n              <\/div>\n    <\/div>\n  <\/div>","protected":false},"excerpt":{"rendered":"<p>BULLDOZAIR EN QUELQUES MOTS Fond\u00e9e en 2012, Bulldozair a pour mission de simplifier le suivi des chantiers et la gestion des projets de construction \u00e0 travers des solutions technologiques innovantes et faciles \u00e0 utiliser. A l&rsquo;\u00e9t\u00e9 2016, Bulldozair devient une des toutes premi\u00e8res startups fran\u00e7aises \u00e0 rejoindre le tr\u00e8s c\u00e9l\u00e8bre acc\u00e9l\u00e9rateur de startups Y Combinator [&hellip;]<\/p>\n","protected":false},"author":2,"featured_media":0,"parent":0,"menu_order":0,"comment_status":"closed","ping_status":"closed","template":"","meta":{"content-type":"","footnotes":""},"acf":[],"yoast_head":"<!-- This site is optimized with the Yoast SEO plugin v21.8 - https:\/\/yoast.com\/wordpress\/plugins\/seo\/ -->\n<title>Equipe Bulldozair - Mezzoteam<\/title>\n<meta name=\"robots\" content=\"index, follow, max-snippet:-1, max-image-preview:large, max-video-preview:-1\" \/>\n<link rel=\"canonical\" href=\"https:\/\/www.bulldozair.com\/fr\/equipe\/\" \/>\n<meta property=\"og:locale\" content=\"fr_FR\" \/>\n<meta property=\"og:type\" content=\"article\" \/>\n<meta property=\"og:title\" content=\"Equipe Bulldozair - Mezzoteam\" \/>\n<meta property=\"og:description\" content=\"BULLDOZAIR EN QUELQUES MOTS Fond\u00e9e en 2012, Bulldozair a pour mission de simplifier le suivi des chantiers et la gestion des projets de construction \u00e0 travers des solutions technologiques innovantes et faciles \u00e0 utiliser. A l&rsquo;\u00e9t\u00e9 2016, Bulldozair devient une des toutes premi\u00e8res startups fran\u00e7aises \u00e0 rejoindre le tr\u00e8s c\u00e9l\u00e8bre acc\u00e9l\u00e9rateur de startups Y Combinator [&hellip;]\" \/>\n<meta property=\"og:url\" content=\"https:\/\/www.bulldozair.com\/fr\/equipe\/\" \/>\n<meta property=\"og:site_name\" content=\"Mezzoteam\" \/>\n<meta property=\"article:modified_time\" content=\"2024-04-26T15:15:08+00:00\" \/>\n<meta property=\"og:image\" content=\"https:\/\/www.bulldozair.com\/wp-content\/uploads\/2024\/04\/logos-bulldozair-formi-mezzoteam-1024x108.png\" \/>\n<meta name=\"twitter:card\" content=\"summary_large_image\" \/>\n<meta name=\"twitter:label1\" content=\"Dur\u00e9e de lecture estim\u00e9e\" \/>\n\t<meta name=\"twitter:data1\" content=\"3 minutes\" \/>\n<script type=\"application\/ld+json\" class=\"yoast-schema-graph\">{\"@context\":\"https:\/\/schema.org\",\"@graph\":[{\"@type\":\"WebPage\",\"@id\":\"https:\/\/www.bulldozair.com\/fr\/equipe\/\",\"url\":\"https:\/\/www.bulldozair.com\/fr\/equipe\/\",\"name\":\"Equipe Bulldozair - Mezzoteam\",\"isPartOf\":{\"@id\":\"https:\/\/www.bulldozair.com\/#website\"},\"datePublished\":\"2021-01-06T14:17:51+00:00\",\"dateModified\":\"2024-04-26T15:15:08+00:00\",\"inLanguage\":\"fr-FR\",\"potentialAction\":[{\"@type\":\"ReadAction\",\"target\":[\"https:\/\/www.bulldozair.com\/fr\/equipe\/\"]}]},{\"@type\":\"WebSite\",\"@id\":\"https:\/\/www.bulldozair.com\/#website\",\"url\":\"https:\/\/www.bulldozair.com\/\",\"name\":\"Mezzoteam\",\"description\":\"Construction project management software - Suivi de chantier\",\"potentialAction\":[{\"@type\":\"SearchAction\",\"target\":{\"@type\":\"EntryPoint\",\"urlTemplate\":\"https:\/\/www.bulldozair.com\/?s={search_term_string}\"},\"query-input\":\"required name=search_term_string\"}],\"inLanguage\":\"fr-FR\"}]}<\/script>\n<!-- \/ Yoast SEO plugin. -->","yoast_head_json":{"title":"Equipe Bulldozair - Mezzoteam","robots":{"index":"index","follow":"follow","max-snippet":"max-snippet:-1","max-image-preview":"max-image-preview:large","max-video-preview":"max-video-preview:-1"},"canonical":"https:\/\/www.bulldozair.com\/fr\/equipe\/","og_locale":"fr_FR","og_type":"article","og_title":"Equipe Bulldozair - Mezzoteam","og_description":"BULLDOZAIR EN QUELQUES MOTS Fond\u00e9e en 2012, Bulldozair a pour mission de simplifier le suivi des chantiers et la gestion des projets de construction \u00e0 travers des solutions technologiques innovantes et faciles \u00e0 utiliser. A l&rsquo;\u00e9t\u00e9 2016, Bulldozair devient une des toutes premi\u00e8res startups fran\u00e7aises \u00e0 rejoindre le tr\u00e8s c\u00e9l\u00e8bre acc\u00e9l\u00e9rateur de startups Y Combinator [&hellip;]","og_url":"https:\/\/www.bulldozair.com\/fr\/equipe\/","og_site_name":"Mezzoteam","article_modified_time":"2024-04-26T15:15:08+00:00","og_image":[{"url":"https:\/\/www.bulldozair.com\/wp-content\/uploads\/2024\/04\/logos-bulldozair-formi-mezzoteam-1024x108.png"}],"twitter_card":"summary_large_image","twitter_misc":{"Dur\u00e9e de lecture estim\u00e9e":"3 minutes"},"schema":{"@context":"https:\/\/schema.org","@graph":[{"@type":"WebPage","@id":"https:\/\/www.bulldozair.com\/fr\/equipe\/","url":"https:\/\/www.bulldozair.com\/fr\/equipe\/","name":"Equipe Bulldozair - Mezzoteam","isPartOf":{"@id":"https:\/\/www.bulldozair.com\/#website"},"datePublished":"2021-01-06T14:17:51+00:00","dateModified":"2024-04-26T15:15:08+00:00","inLanguage":"fr-FR","potentialAction":[{"@type":"ReadAction","target":["https:\/\/www.bulldozair.com\/fr\/equipe\/"]}]},{"@type":"WebSite","@id":"https:\/\/www.bulldozair.com\/#website","url":"https:\/\/www.bulldozair.com\/","name":"Mezzoteam","description":"Construction project management software - Suivi de chantier","potentialAction":[{"@type":"SearchAction","target":{"@type":"EntryPoint","urlTemplate":"https:\/\/www.bulldozair.com\/?s={search_term_string}"},"query-input":"required name=search_term_string"}],"inLanguage":"fr-FR"}]}},"_links":{"self":[{"href":"https:\/\/www.bulldozair.com\/fr\/wp-json\/wp\/v2\/pages\/7965"}],"collection":[{"href":"https:\/\/www.bulldozair.com\/fr\/wp-json\/wp\/v2\/pages"}],"about":[{"href":"https:\/\/www.bulldozair.com\/fr\/wp-json\/wp\/v2\/types\/page"}],"author":[{"embeddable":true,"href":"https:\/\/www.bulldozair.com\/fr\/wp-json\/wp\/v2\/users\/2"}],"replies":[{"embeddable":true,"href":"https:\/\/www.bulldozair.com\/fr\/wp-json\/wp\/v2\/comments?post=7965"}],"version-history":[{"count":20,"href":"https:\/\/www.bulldozair.com\/fr\/wp-json\/wp\/v2\/pages\/7965\/revisions"}],"predecessor-version":[{"id":10777,"href":"https:\/\/www.bulldozair.com\/fr\/wp-json\/wp\/v2\/pages\/7965\/revisions\/10777"}],"wp:attachment":[{"href":"https:\/\/www.bulldozair.com\/fr\/wp-json\/wp\/v2\/media?parent=7965"}],"curies":[{"name":"wp","href":"https:\/\/api.w.org\/{rel}","templated":true}]}}