{"id":7975,"date":"2021-01-06T15:36:00","date_gmt":"2021-01-06T14:36:00","guid":{"rendered":"https:\/\/new.bulldozair.com\/?page_id=7975"},"modified":"2024-01-30T16:26:38","modified_gmt":"2024-01-30T15:26:38","slug":"tarifs","status":"publish","type":"page","link":"https:\/\/www.bulldozair.com\/fr\/tarifs\/","title":{"rendered":"Notre mod\u00e8le"},"content":{"rendered":"\n<section \n  class=\"hero\" \n    style=\"background-image: url(https:\/\/www.bulldozair.com\/wp-content\/themes\/bulldozair\/assets\/img\/hero\/hero-illu-3.svg)\"\n    >\n  <div class=\"container\">\n    <div class=\"row\">\n\n              <div class=\"col col-md-9 col--center ft-center\">\n          <h1>\n                          Nos offres avec utilisateurs et donn\u00e9es <span> illimit\u00e9s<\/span>                      <\/h1>\n          \n\n<p class=\"has-medium-font-size\">Une offre qui vous permet d&rsquo;assurer l&rsquo;adoption de vos \u00e9quipes et vos partenaires afin de faciliter la collaboration et d&rsquo;avoir le meilleur retour sur investissement<\/p>\n\n\n        <\/div>\n          <\/div>\n  <\/div>\n<\/section>\n\n\n\n<div class=\"wp-block-columns are-vertically-aligned-center is-layout-flex wp-container-core-columns-layout-1 wp-block-columns-is-layout-flex\" style=\"font-size:10px\">\n<div class=\"wp-block-column is-vertically-aligned-center is-layout-flow wp-block-column-is-layout-flow\"><div class=\"wp-block-image\">\n<figure class=\"aligncenter size-medium is-resized wp-duotone-000000-ffffff-1\"><img loading=\"lazy\" decoding=\"async\" width=\"720\" height=\"407\" src=\"https:\/\/www.bulldozair.com\/wp-content\/uploads\/2024\/01\/5-720x407.png\" alt=\"\" class=\"wp-image-10259\" style=\"width:144px;height:auto\" srcset=\"https:\/\/www.bulldozair.com\/wp-content\/uploads\/2024\/01\/5-720x407.png 720w, https:\/\/www.bulldozair.com\/wp-content\/uploads\/2024\/01\/5-768x434.png 768w, https:\/\/www.bulldozair.com\/wp-content\/uploads\/2024\/01\/5.png 836w\" sizes=\"(max-width: 720px) 100vw, 720px\" \/><\/figure><\/div><\/div>\n\n\n\n<div class=\"wp-block-column is-vertically-aligned-center is-layout-flow wp-block-column-is-layout-flow\"><div class=\"wp-block-image\">\n<figure class=\"aligncenter size-full is-resized wp-duotone-000000-ffffff-2\"><img loading=\"lazy\" decoding=\"async\" width=\"836\" height=\"472\" src=\"https:\/\/www.bulldozair.com\/wp-content\/uploads\/2024\/01\/9.png\" alt=\"\" class=\"wp-image-10262\" style=\"width:161px;height:auto\" srcset=\"https:\/\/www.bulldozair.com\/wp-content\/uploads\/2024\/01\/9.png 836w, https:\/\/www.bulldozair.com\/wp-content\/uploads\/2024\/01\/9-720x407.png 720w, https:\/\/www.bulldozair.com\/wp-content\/uploads\/2024\/01\/9-768x434.png 768w\" sizes=\"(max-width: 836px) 100vw, 836px\" \/><\/figure><\/div><\/div>\n\n\n\n<div class=\"wp-block-column is-vertically-aligned-center is-layout-flow wp-block-column-is-layout-flow\"><div class=\"wp-block-image\">\n<figure class=\"aligncenter size-full is-resized wp-duotone-000000-ffffff-3\"><img loading=\"lazy\" decoding=\"async\" width=\"836\" height=\"472\" src=\"https:\/\/www.bulldozair.com\/wp-content\/uploads\/2024\/01\/1.png\" alt=\"\" class=\"wp-image-10265\" style=\"width:129px;height:auto\" srcset=\"https:\/\/www.bulldozair.com\/wp-content\/uploads\/2024\/01\/1.png 836w, https:\/\/www.bulldozair.com\/wp-content\/uploads\/2024\/01\/1-720x407.png 720w, https:\/\/www.bulldozair.com\/wp-content\/uploads\/2024\/01\/1-768x434.png 768w\" sizes=\"(max-width: 836px) 100vw, 836px\" \/><\/figure><\/div><\/div>\n\n\n\n<div class=\"wp-block-column is-vertically-aligned-center is-layout-flow wp-block-column-is-layout-flow\"><div class=\"wp-block-image\">\n<figure class=\"aligncenter size-full is-resized wp-duotone-000000-ffffff-4\"><img loading=\"lazy\" decoding=\"async\" width=\"836\" height=\"472\" src=\"https:\/\/www.bulldozair.com\/wp-content\/uploads\/2024\/01\/7.png\" alt=\"\" class=\"wp-image-10268\" style=\"width:141px;height:auto\" srcset=\"https:\/\/www.bulldozair.com\/wp-content\/uploads\/2024\/01\/7.png 836w, https:\/\/www.bulldozair.com\/wp-content\/uploads\/2024\/01\/7-720x407.png 720w, https:\/\/www.bulldozair.com\/wp-content\/uploads\/2024\/01\/7-768x434.png 768w\" sizes=\"(max-width: 836px) 100vw, 836px\" \/><\/figure><\/div><\/div>\n\n\n\n<div class=\"wp-block-column is-vertically-aligned-center is-layout-flow wp-block-column-is-layout-flow\"><div class=\"wp-block-image\">\n<figure class=\"aligncenter size-full is-resized wp-duotone-000000-ffffff-5\"><img loading=\"lazy\" decoding=\"async\" width=\"836\" height=\"472\" src=\"https:\/\/www.bulldozair.com\/wp-content\/uploads\/2024\/01\/3.png\" alt=\"\" class=\"wp-image-10271\" style=\"width:147px;height:auto\" srcset=\"https:\/\/www.bulldozair.com\/wp-content\/uploads\/2024\/01\/3.png 836w, https:\/\/www.bulldozair.com\/wp-content\/uploads\/2024\/01\/3-720x407.png 720w, https:\/\/www.bulldozair.com\/wp-content\/uploads\/2024\/01\/3-768x434.png 768w\" sizes=\"(max-width: 836px) 100vw, 836px\" \/><\/figure><\/div><\/div>\n\n\n\n<div class=\"wp-block-column is-vertically-aligned-center is-layout-flow wp-block-column-is-layout-flow\"><div class=\"wp-block-image\">\n<figure class=\"aligncenter size-full is-resized wp-duotone-000000-ffffff-6\"><img loading=\"lazy\" decoding=\"async\" width=\"836\" height=\"472\" src=\"https:\/\/www.bulldozair.com\/wp-content\/uploads\/2024\/01\/11.png\" alt=\"\" class=\"wp-image-10274\" style=\"width:88px;height:auto\" srcset=\"https:\/\/www.bulldozair.com\/wp-content\/uploads\/2024\/01\/11.png 836w, https:\/\/www.bulldozair.com\/wp-content\/uploads\/2024\/01\/11-720x407.png 720w, https:\/\/www.bulldozair.com\/wp-content\/uploads\/2024\/01\/11-768x434.png 768w\" sizes=\"(max-width: 836px) 100vw, 836px\" \/><\/figure><\/div><\/div>\n<\/div>\n\n\n<h2 class=\"has-text-align-center wp-block-post-title\">Notre mod\u00e8le<\/h2>\n\n\n<div style=\"height:100px\" aria-hidden=\"true\" class=\"wp-block-spacer\"><\/div>\n\n\n\n<div class=\"wp-block-group is-layout-constrained wp-block-group-is-layout-constrained\"><div class=\"wp-block-group__inner-container\">\n<div class=\"mosaic  mosaic-row-32 mosaic-col-32\">\n  \n\n<div class=\"wp-block-group is-layout-flow wp-block-group-is-layout-flow\"><div class=\"wp-block-group__inner-container\">\n<div class=\"card-price\">\n  <div class=\"card-price__body\">\n    <div class=\"card-price__top\">\n      <h4 class=\"c-primary\">Essai<\/h4>\n      <p class=\"c-secondary mb-0\">Testez Bulldozair sur vos projets<\/p>\n\n              <h5 class=\"mt-4 mb-3 h4 ft-500 card-price__text card-price__text--estimate is-displayed\"><strike><\/strike><\/h5>\n      \n    <\/div>\n    <div class=\"card-price__bot\">\n      <p class=\"ft-500 mb-3 c-black\">Fonctionnalit\u00e9s principales :<\/p>\n      <ul>\n                              <li class=\"f mb-2\">\n              <i class=\"icon icon-check icon-22 c-green mr-2\"><\/i>\n              <span class=\"c-secondary\">30 jours jours d&rsquo;essai<\/span>\n            <\/li>\n                      <li class=\"f mb-2\">\n              <i class=\"icon icon-check icon-22 c-green mr-2\"><\/i>\n              <span class=\"c-secondary\">E-learning<\/span>\n            <\/li>\n                      <li class=\"f mb-2\">\n              <i class=\"icon icon-check icon-22 c-green mr-2\"><\/i>\n              <span class=\"c-secondary\"><strike>Param\u00e9trage<\/strike><\/span>\n            <\/li>\n                      <li class=\"f mb-2\">\n              <i class=\"icon icon-check icon-22 c-green mr-2\"><\/i>\n              <span class=\"c-secondary\"><strike>Accompagnement<\/strike><\/span>\n            <\/li>\n                        <\/ul>\n    <\/div>\n    \n\n<div class=\"wp-block-columns is-layout-flex wp-container-core-columns-layout-2 wp-block-columns-is-layout-flex\">\n<div class=\"wp-block-column is-layout-flow wp-block-column-is-layout-flow\" style=\"flex-basis:100%\">\n\n<div class=\"wp-block-buttons  aligncenter\">\n\n  \n  \n    <a href=\"https:\/\/app.bulldozair.com\/signup-fr.html\" class=\"btn btn--primary-light\" target=\"_blank\">\n      Test gratuit 30 jours              <i class=\"icon-arrow-right ml-2\"><\/i>\n          <\/a>\n\n  \n  \n\n<\/div>\n\n<\/div>\n<\/div>\n\n\n  <\/div>\n<\/div>\n<\/div><\/div>\n\n\n\n<div class=\"card-price\">\n  <div class=\"card-price__body\">\n    <div class=\"card-price__top\">\n      <h4 class=\"c-primary\">Pack Chantier<\/h4>\n      <p class=\"c-secondary mb-0\">Mettre en place l&rsquo;outil sur votre chantier<\/p>\n\n              <h5 class=\"mt-4 mb-3 h4 ft-500 card-price__text card-price__text--estimate is-displayed\">Sur devis<\/h5>\n      \n    <\/div>\n    <div class=\"card-price__bot\">\n      <p class=\"ft-500 mb-3 c-black\"><\/p>\n      <ul>\n                              <li class=\"f mb-2\">\n              <i class=\"icon icon-check icon-22 c-green mr-2\"><\/i>\n              <span class=\"c-secondary\">1 projet<\/span>\n            <\/li>\n                      <li class=\"f mb-2\">\n              <i class=\"icon icon-check icon-22 c-green mr-2\"><\/i>\n              <span class=\"c-secondary\">Utilisateurs illimit\u00e9s<\/span>\n            <\/li>\n                      <li class=\"f mb-2\">\n              <i class=\"icon icon-check icon-22 c-green mr-2\"><\/i>\n              <span class=\"c-secondary\">Invit\u00e9s illimit\u00e9s<\/span>\n            <\/li>\n                      <li class=\"f mb-2\">\n              <i class=\"icon icon-check icon-22 c-green mr-2\"><\/i>\n              <span class=\"c-secondary\">Formation E-learning<\/span>\n            <\/li>\n                      <li class=\"f mb-2\">\n              <i class=\"icon icon-check icon-22 c-green mr-2\"><\/i>\n              <span class=\"c-secondary\">Int\u00e9grations GED<\/span>\n            <\/li>\n                      <li class=\"f mb-2\">\n              <i class=\"icon icon-check icon-22 c-green mr-2\"><\/i>\n              <span class=\"c-secondary\">Exports et rapports<\/span>\n            <\/li>\n                      <li class=\"f mb-2\">\n              <i class=\"icon icon-check icon-22 c-green mr-2\"><\/i>\n              <span class=\"c-secondary\">Support tchat email<\/span>\n            <\/li>\n                        <\/ul>\n    <\/div>\n    \n\n\n<div class=\"wp-block-buttons  aligncenter\">\n\n  \n  \n    <a href=\"https:\/\/www.bulldozair.com\/fr\/demande-de-demo\/\" class=\"btn btn--primary\" target=\"_self\">\n      Obtenir votre quotation              <i class=\"icon-arrow-right ml-2\"><\/i>\n          <\/a>\n\n  \n  \n\n<\/div>\n\n\n\n  <\/div>\n<\/div>\n\n\n\n<div class=\"card-price is-active\">\n  <div class=\"card-price__body\">\n    <div class=\"card-price__top\">\n      <h4 class=\"c-primary\">Pack Entreprise<\/h4>\n      <p class=\"c-secondary mb-0\">Num\u00e9riser votre entreprise et accompagner vos \u00e9quipes<\/p>\n\n              <h5 class=\"mt-4 mb-3 h4 ft-500 card-price__text card-price__text--estimate is-displayed\">Sur devis<\/h5>\n      \n    <\/div>\n    <div class=\"card-price__bot\">\n      <p class=\"ft-500 mb-3 c-black\"><\/p>\n      <ul>\n                              <li class=\"f mb-2\">\n              <i class=\"icon icon-check icon-22 c-green mr-2\"><\/i>\n              <span class=\"c-secondary\">Projets illimit\u00e9s<\/span>\n            <\/li>\n                      <li class=\"f mb-2\">\n              <i class=\"icon icon-check icon-22 c-green mr-2\"><\/i>\n              <span class=\"c-secondary\">Utilisateurs illimit\u00e9s<\/span>\n            <\/li>\n                      <li class=\"f mb-2\">\n              <i class=\"icon icon-check icon-22 c-green mr-2\"><\/i>\n              <span class=\"c-secondary\">Invit\u00e9s illimit\u00e9s<\/span>\n            <\/li>\n                      <li class=\"f mb-2\">\n              <i class=\"icon icon-check icon-22 c-green mr-2\"><\/i>\n              <span class=\"c-secondary\">Exports et rapports avanc\u00e9s<\/span>\n            <\/li>\n                      <li class=\"f mb-2\">\n              <i class=\"icon icon-check icon-22 c-green mr-2\"><\/i>\n              <span class=\"c-secondary\">Plateforme administrateur<\/span>\n            <\/li>\n                      <li class=\"f mb-2\">\n              <i class=\"icon icon-check icon-22 c-green mr-2\"><\/i>\n              <span class=\"c-secondary\">Int\u00e9gration GED \/ SIG <\/span>\n            <\/li>\n                      <li class=\"f mb-2\">\n              <i class=\"icon icon-check icon-22 c-green mr-2\"><\/i>\n              <span class=\"c-secondary\">Int\u00e9gration SSO<\/span>\n            <\/li>\n                      <li class=\"f mb-2\">\n              <i class=\"icon icon-check icon-22 c-green mr-2\"><\/i>\n              <span class=\"c-secondary\">Acc\u00e8s API enterprise<\/span>\n            <\/li>\n                      <li class=\"f mb-2\">\n              <i class=\"icon icon-check icon-22 c-green mr-2\"><\/i>\n              <span class=\"c-secondary\">Account manager d\u00e9di\u00e9<\/span>\n            <\/li>\n                      <li class=\"f mb-2\">\n              <i class=\"icon icon-check icon-22 c-green mr-2\"><\/i>\n              <span class=\"c-secondary\">Support Premium<\/span>\n            <\/li>\n                        <\/ul>\n    <\/div>\n    \n\n\n<div class=\"wp-block-buttons  aligncenter\">\n\n  \n  \n    <a href=\"https:\/\/www.bulldozair.com\/fr\/demande-de-demo\/\" class=\"btn btn--black\" target=\"_self\">\n      Testez Bulldozair              <i class=\"icon-arrow-right ml-2\"><\/i>\n          <\/a>\n\n  \n  \n\n<\/div>\n\n\n\n  <\/div>\n<\/div>\n\n\n<\/div><\/div><\/div>\n\n\n\n<div style=\"height:0px\" aria-hidden=\"true\" class=\"wp-block-spacer\"><\/div>\n\n\n\n<div style=\"height:100px\" aria-hidden=\"true\" class=\"wp-block-spacer\"><\/div>\n\n\n\n<h2 class=\"wp-block-heading has-text-align-center\">On vous accompagne<\/h2>\n\n\n\n<div style=\"height:100px\" aria-hidden=\"true\" class=\"wp-block-spacer is-style-medium\"><\/div>\n\n\n\n<div class=\"wp-block-columns is-layout-flex wp-container-core-columns-layout-3 wp-block-columns-is-layout-flex\">\n<div class=\"wp-block-column is-layout-flow wp-block-column-is-layout-flow\">\n<figure class=\"wp-block-image size-large\"><img loading=\"lazy\" decoding=\"async\" width=\"866\" height=\"1024\" src=\"https:\/\/www.bulldozair.com\/wp-content\/uploads\/2020\/10\/image-27-866x1024.jpg\" alt=\"\" class=\"wp-image-4615\" srcset=\"https:\/\/www.bulldozair.com\/wp-content\/uploads\/2020\/10\/image-27-866x1024.jpg 866w, https:\/\/www.bulldozair.com\/wp-content\/uploads\/2020\/10\/image-27-609x720.jpg 609w, https:\/\/www.bulldozair.com\/wp-content\/uploads\/2020\/10\/image-27-768x908.jpg 768w, https:\/\/www.bulldozair.com\/wp-content\/uploads\/2020\/10\/image-27.jpg 1056w\" sizes=\"(max-width: 866px) 100vw, 866px\" \/><\/figure>\n\n\n\n<p><\/p>\n<\/div>\n\n\n\n<div class=\"wp-block-column is-layout-flow wp-block-column-is-layout-flow\" style=\"flex-basis:65.9%\">\n<h4 class=\"wp-block-heading\">Des formations adapt\u00e9es \u00e0 vos besoins<\/h4>\n\n\n\n<div style=\"height:24px\" aria-hidden=\"true\" class=\"wp-block-spacer\"><\/div>\n\n\n\n<p>Bulldozair dispose de nombreuses formations et ressources en ligne <\/p>\n\n\n\n<div class=\"row\">\n  <div class=\"col col-md-6 f f-align-items-center mb-2 mb-md-3\">\n    <i class=\"c-green icon-grid icon-24 icon--block icon--round mr-3\"><\/i>\n    <p class=\"c-black ft-400 mb-0\">Formations utilisateurs<\/p>\n  <\/div>\n  <div class=\"col col-md-6 f f-align-items-center mb-2 mb-md-3\">\n    <i class=\"c-green icon-grid icon-24 icon--block icon--round mr-3\"><\/i>\n    <p class=\"c-black ft-400 mb-0\">Formations Administrateurs<\/p>\n  <\/div>\n  <div class=\"col col-md-6 f f-align-items-center\">\n    <i class=\"c-green icon-grid icon-24 icon--block icon--round mr-3\"><\/i>\n    <p class=\"c-black ft-400 mb-0\">Formations r\u00e9f\u00e9rents<\/p>\n  <\/div>\n  <div class=\"col col-md-6 f f-align-items-center\">\n    <i class=\"c-green icon-grid icon-24 icon--block icon--round mr-3\"><\/i>\n    <p class=\"c-black ft-400 mb-0\">Vid\u00e9os E-learning<\/p>\n  <\/div>\n<\/div>\n\n\n\n<div style=\"height:24px\" aria-hidden=\"true\" class=\"wp-block-spacer\"><\/div>\n\n\n\n<hr class=\"wp-block-separator has-css-opacity\"\/>\n\n\n\n<div style=\"height:24px\" aria-hidden=\"true\" class=\"wp-block-spacer\"><\/div>\n\n\n\n<h4 class=\"wp-block-heading\">Un accompagnement sur mesure<\/h4>\n\n\n\n<div style=\"height:24px\" aria-hidden=\"true\" class=\"wp-block-spacer\"><\/div>\n\n\n\n<div class=\"row mb-4\">\n  <div class=\"col col-md-5 f f-align-items-center mb-2 mb-md-0\">\n    <i class=\"c-green icon-grid icon-24 icon--block icon--round mr-3\"><\/i>\n    <p class=\"c-black ft-400 mb-0\">Atelier m\u00e9tier<\/p>\n  <\/div>\n  <div class=\"col col-md-7 f f-align-items-center\">\n    <i class=\"c-green icon-grid icon-24 icon--block icon--round mr-3\"><\/i>\n    <p class=\"c-black ft-400 mb-0\">Suivi du d\u00e9ploiement<\/p>\n  <\/div>\n<\/div>\n\n\n\n<hr class=\"wp-block-separator has-alpha-channel-opacity\"\/>\n\n\n\n<div style=\"height:23px\" aria-hidden=\"true\" class=\"wp-block-spacer\"><\/div>\n\n\n\n<h4 class=\"wp-block-heading\">Des services pour vous aider<\/h4>\n\n\n\n<div style=\"height:24px\" aria-hidden=\"true\" class=\"wp-block-spacer\"><\/div>\n\n\n\n<div class=\"row mb-4\">\n    <div class=\"col col-md-6 f f-align-items-center mb-2 mb-md-3\">\n    <i class=\"c-green icon-grid icon-24 icon--block icon--round mr-3\"><\/i>\n    <p class=\"c-black ft-400 mb-0\">Setup<\/p>\n  <\/div>\n  <div class=\"col col-md-6 f f-align-items-center mb-2 mb-md-3\">\n    <i class=\"c-green icon-grid icon-24 icon--block icon--round mr-3\"><\/i>\n    <p class=\"c-black ft-400 mb-0\">Int\u00e9grations techniques &#038; IT<\/p>\n  <\/div>\n<\/div>\n<\/div>\n<\/div>\n\n\n\n<div class=\"card-banner \">\n    \n    <div class=\"card-banner__body ft-center\">\n      <div class=\"card-banner__content\">\n        <h3 class=\"h2 ft-600 ft-heading mb-3 c-white\">Bulldozair  <\/h3>\n        <p class=\"card-banner__desc mb-4 h4 c-white\">D\u00e9ployez vite avec la prise en main tr\u00e8s rapide de l&rsquo;outil et b\u00e9n\u00e9ficiez de notre exp\u00e9rience de 10 ans en num\u00e9risation des entreprises<\/p>\n              <\/div>\n    <\/div>\n  <\/div>\n\n\n<div style=\"height:100px\" aria-hidden=\"true\" class=\"wp-block-spacer\"><\/div>\n","protected":false},"excerpt":{"rendered":"<p>On vous accompagne Des formations adapt\u00e9es \u00e0 vos besoins Bulldozair dispose de nombreuses formations et ressources en ligne Formations utilisateurs Formations Administrateurs Formations r\u00e9f\u00e9rents Vid\u00e9os E-learning Un accompagnement sur mesure Atelier m\u00e9tier Suivi du d\u00e9ploiement Des services pour vous aider Setup Int\u00e9grations techniques &#038; IT<\/p>\n","protected":false},"author":2,"featured_media":0,"parent":0,"menu_order":0,"comment_status":"closed","ping_status":"closed","template":"","meta":{"content-type":"","footnotes":""},"acf":[],"yoast_head":"<!-- This site is optimized with the Yoast SEO plugin v21.8 - https:\/\/yoast.com\/wordpress\/plugins\/seo\/ -->\n<title>Notre mod\u00e8le - Mezzoteam<\/title>\n<meta name=\"robots\" content=\"index, follow, max-snippet:-1, max-image-preview:large, max-video-preview:-1\" \/>\n<link rel=\"canonical\" href=\"https:\/\/www.bulldozair.com\/fr\/tarifs\/\" \/>\n<meta property=\"og:locale\" content=\"fr_FR\" \/>\n<meta property=\"og:type\" content=\"article\" \/>\n<meta property=\"og:title\" content=\"Notre mod\u00e8le - Mezzoteam\" \/>\n<meta property=\"og:description\" content=\"On vous accompagne Des formations adapt\u00e9es \u00e0 vos besoins Bulldozair dispose de nombreuses formations et ressources en ligne Formations utilisateurs Formations Administrateurs Formations r\u00e9f\u00e9rents Vid\u00e9os E-learning Un accompagnement sur mesure Atelier m\u00e9tier Suivi du d\u00e9ploiement Des services pour vous aider Setup Int\u00e9grations techniques &#038; IT\" \/>\n<meta property=\"og:url\" content=\"https:\/\/www.bulldozair.com\/fr\/tarifs\/\" \/>\n<meta property=\"og:site_name\" content=\"Mezzoteam\" \/>\n<meta property=\"article:modified_time\" content=\"2024-01-30T15:26:38+00:00\" \/>\n<meta property=\"og:image\" content=\"https:\/\/www.bulldozair.com\/wp-content\/uploads\/2024\/01\/5-720x407.png\" \/>\n<meta name=\"twitter:card\" content=\"summary_large_image\" \/>\n<meta name=\"twitter:label1\" content=\"Dur\u00e9e de lecture estim\u00e9e\" \/>\n\t<meta name=\"twitter:data1\" content=\"2 minutes\" \/>\n<script type=\"application\/ld+json\" class=\"yoast-schema-graph\">{\"@context\":\"https:\/\/schema.org\",\"@graph\":[{\"@type\":\"WebPage\",\"@id\":\"https:\/\/www.bulldozair.com\/fr\/tarifs\/\",\"url\":\"https:\/\/www.bulldozair.com\/fr\/tarifs\/\",\"name\":\"Notre mod\u00e8le - Mezzoteam\",\"isPartOf\":{\"@id\":\"https:\/\/www.bulldozair.com\/#website\"},\"datePublished\":\"2021-01-06T14:36:00+00:00\",\"dateModified\":\"2024-01-30T15:26:38+00:00\",\"inLanguage\":\"fr-FR\",\"potentialAction\":[{\"@type\":\"ReadAction\",\"target\":[\"https:\/\/www.bulldozair.com\/fr\/tarifs\/\"]}]},{\"@type\":\"WebSite\",\"@id\":\"https:\/\/www.bulldozair.com\/#website\",\"url\":\"https:\/\/www.bulldozair.com\/\",\"name\":\"Mezzoteam\",\"description\":\"Construction project management software - Suivi de chantier\",\"potentialAction\":[{\"@type\":\"SearchAction\",\"target\":{\"@type\":\"EntryPoint\",\"urlTemplate\":\"https:\/\/www.bulldozair.com\/?s={search_term_string}\"},\"query-input\":\"required name=search_term_string\"}],\"inLanguage\":\"fr-FR\"}]}<\/script>\n<!-- \/ Yoast SEO plugin. -->","yoast_head_json":{"title":"Notre mod\u00e8le - Mezzoteam","robots":{"index":"index","follow":"follow","max-snippet":"max-snippet:-1","max-image-preview":"max-image-preview:large","max-video-preview":"max-video-preview:-1"},"canonical":"https:\/\/www.bulldozair.com\/fr\/tarifs\/","og_locale":"fr_FR","og_type":"article","og_title":"Notre mod\u00e8le - Mezzoteam","og_description":"On vous accompagne Des formations adapt\u00e9es \u00e0 vos besoins Bulldozair dispose de nombreuses formations et ressources en ligne Formations utilisateurs Formations Administrateurs Formations r\u00e9f\u00e9rents Vid\u00e9os E-learning Un accompagnement sur mesure Atelier m\u00e9tier Suivi du d\u00e9ploiement Des services pour vous aider Setup Int\u00e9grations techniques &#038; IT","og_url":"https:\/\/www.bulldozair.com\/fr\/tarifs\/","og_site_name":"Mezzoteam","article_modified_time":"2024-01-30T15:26:38+00:00","og_image":[{"url":"https:\/\/www.bulldozair.com\/wp-content\/uploads\/2024\/01\/5-720x407.png"}],"twitter_card":"summary_large_image","twitter_misc":{"Dur\u00e9e de lecture estim\u00e9e":"2 minutes"},"schema":{"@context":"https:\/\/schema.org","@graph":[{"@type":"WebPage","@id":"https:\/\/www.bulldozair.com\/fr\/tarifs\/","url":"https:\/\/www.bulldozair.com\/fr\/tarifs\/","name":"Notre mod\u00e8le - Mezzoteam","isPartOf":{"@id":"https:\/\/www.bulldozair.com\/#website"},"datePublished":"2021-01-06T14:36:00+00:00","dateModified":"2024-01-30T15:26:38+00:00","inLanguage":"fr-FR","potentialAction":[{"@type":"ReadAction","target":["https:\/\/www.bulldozair.com\/fr\/tarifs\/"]}]},{"@type":"WebSite","@id":"https:\/\/www.bulldozair.com\/#website","url":"https:\/\/www.bulldozair.com\/","name":"Mezzoteam","description":"Construction project management software - Suivi de chantier","potentialAction":[{"@type":"SearchAction","target":{"@type":"EntryPoint","urlTemplate":"https:\/\/www.bulldozair.com\/?s={search_term_string}"},"query-input":"required name=search_term_string"}],"inLanguage":"fr-FR"}]}},"_links":{"self":[{"href":"https:\/\/www.bulldozair.com\/fr\/wp-json\/wp\/v2\/pages\/7975"}],"collection":[{"href":"https:\/\/www.bulldozair.com\/fr\/wp-json\/wp\/v2\/pages"}],"about":[{"href":"https:\/\/www.bulldozair.com\/fr\/wp-json\/wp\/v2\/types\/page"}],"author":[{"embeddable":true,"href":"https:\/\/www.bulldozair.com\/fr\/wp-json\/wp\/v2\/users\/2"}],"replies":[{"embeddable":true,"href":"https:\/\/www.bulldozair.com\/fr\/wp-json\/wp\/v2\/comments?post=7975"}],"version-history":[{"count":226,"href":"https:\/\/www.bulldozair.com\/fr\/wp-json\/wp\/v2\/pages\/7975\/revisions"}],"predecessor-version":[{"id":10344,"href":"https:\/\/www.bulldozair.com\/fr\/wp-json\/wp\/v2\/pages\/7975\/revisions\/10344"}],"wp:attachment":[{"href":"https:\/\/www.bulldozair.com\/fr\/wp-json\/wp\/v2\/media?parent=7975"}],"curies":[{"name":"wp","href":"https:\/\/api.w.org\/{rel}","templated":true}]}}