{"id":7977,"date":"2021-01-06T15:43:06","date_gmt":"2021-01-06T14:43:06","guid":{"rendered":"https:\/\/new.bulldozair.com\/?page_id=7977"},"modified":"2026-03-26T11:50:39","modified_gmt":"2026-03-26T10:50:39","slug":"contactez-nous","status":"publish","type":"page","link":"https:\/\/www.bulldozair.com\/fr\/contactez-nous\/","title":{"rendered":"Contactez-nous"},"content":{"rendered":"\n<div class=\"wp-block-group ft-center is-layout-flow wp-block-group-is-layout-flow\"><div class=\"wp-block-group__inner-container\">\n\n<i class=\"icon-check  mb-2 icon--round icon--block icon-36 c-green\"><\/i>\n\n\n\n<h2 class=\"wp-block-heading has-text-align-center\">Demandez une d\u00e9mo<\/h2>\n\n\n\n<p class=\"has-text-align-center\">D\u00e9couvrez la plateforme Mezzoteam et ses trois modules FIELD, CDE et Finance. Contactez-nous pour en savoir plus. <\/p>\n<\/div><\/div>\n\n\n\n<p class=\"wp-block-link  aligncenter\">\n  <a href=\"https:\/\/www.mezzoteam.fr\/contact\/?utm_source=sitebulldo&#038;utm_medium=ctacontactez-nousFR\" class=\"link\" target=\"_self\"><span>Demandez une d\u00e9mo<\/span><i class=\"icon icon-chevron-right ml-1\"><\/i><\/a>\n<\/p>\n\n\n<div class=\"wp-block-group ft-center is-layout-flow wp-block-group-is-layout-flow\"><div class=\"wp-block-group__inner-container\">\n\n<i class=\"icon-check  mb-2 icon--round icon--block icon-36 c-green\"><\/i>\n\n\n\n<h2 class=\"wp-block-heading has-text-align-center\">Une documentation compl\u00e8te<\/h2>\n\n\n\n<p class=\"has-text-align-center\">Acc\u00e9dez \u00e0 notre centre d\u2019aide pour trouver toutes vos r\u00e9ponses sur l\u2019utilisation de Bulldozair, ou contactez notre support client.<\/p>\n<\/div><\/div>\n\n\n\n<p class=\"wp-block-link  aligncenter\">\n  <a href=\"https:\/\/www.bulldozair.com\/fr\/centre-aide\/\" class=\"link\" target=\"_self\"><span>Acc\u00e9der au centre d\u2019aide<\/span><i class=\"icon icon-chevron-right ml-1\"><\/i><\/a>\n<\/p>\n\n\n<div style=\"height:100px\" aria-hidden=\"true\" class=\"wp-block-spacer is-style-medium\"><\/div>\n\n\n\n<div class=\"card-banner \">\n    \n    <div class=\"card-banner__body ft-center\">\n      <div class=\"card-banner__content\">\n        <h3 class=\"h2 ft-600 ft-heading mb-3 c-white\">Essayer Bulldozair pour votre projet<\/h3>\n        <p class=\"card-banner__desc mb-4 h4 c-white\">Augmentez votre productivit\u00e9 d\u00e8s aujourd\u2019hui en g\u00e9rant tous vos projets BTP avec Bulldozair.<\/p>\n                <a href=\"https:\/\/meetings.hubspot.com\/bulldozair\/rendez-vous-bulldozair\" class=\"btn btn--white\" target=\"_blank\"><span>Essayer maintenant<\/span><i class=\"icon icon-chevron-right ml-2\"><\/i><\/a>\n              <\/div>\n    <\/div>\n  <\/div>","protected":false},"excerpt":{"rendered":"<p>Demandez une d\u00e9mo D\u00e9couvrez la plateforme Mezzoteam et ses trois modules FIELD, CDE et Finance. Contactez-nous pour en savoir plus. Une documentation compl\u00e8te Acc\u00e9dez \u00e0 notre centre d\u2019aide pour trouver toutes vos r\u00e9ponses sur l\u2019utilisation de Bulldozair, ou contactez notre support client.<\/p>\n","protected":false},"author":2,"featured_media":0,"parent":0,"menu_order":0,"comment_status":"closed","ping_status":"closed","template":"","meta":{"content-type":"","footnotes":""},"acf":[],"yoast_head":"<!-- This site is optimized with the Yoast SEO plugin v21.8 - https:\/\/yoast.com\/wordpress\/plugins\/seo\/ -->\n<title>Contactez-nous - Mezzoteam<\/title>\n<meta name=\"robots\" content=\"index, follow, max-snippet:-1, max-image-preview:large, max-video-preview:-1\" \/>\n<link rel=\"canonical\" href=\"https:\/\/www.bulldozair.com\/fr\/contactez-nous\/\" \/>\n<meta property=\"og:locale\" content=\"fr_FR\" \/>\n<meta property=\"og:type\" content=\"article\" \/>\n<meta property=\"og:title\" content=\"Contactez-nous - Mezzoteam\" \/>\n<meta property=\"og:description\" content=\"Demandez une d\u00e9mo D\u00e9couvrez la plateforme Mezzoteam et ses trois modules FIELD, CDE et Finance. Contactez-nous pour en savoir plus. Une documentation compl\u00e8te Acc\u00e9dez \u00e0 notre centre d\u2019aide pour trouver toutes vos r\u00e9ponses sur l\u2019utilisation de Bulldozair, ou contactez notre support client.\" \/>\n<meta property=\"og:url\" content=\"https:\/\/www.bulldozair.com\/fr\/contactez-nous\/\" \/>\n<meta property=\"og:site_name\" content=\"Mezzoteam\" \/>\n<meta property=\"article:modified_time\" content=\"2026-03-26T10:50:39+00:00\" \/>\n<meta name=\"twitter:card\" content=\"summary_large_image\" \/>\n<meta name=\"twitter:label1\" content=\"Dur\u00e9e de lecture estim\u00e9e\" \/>\n\t<meta name=\"twitter:data1\" content=\"1 minute\" \/>\n<script type=\"application\/ld+json\" class=\"yoast-schema-graph\">{\"@context\":\"https:\/\/schema.org\",\"@graph\":[{\"@type\":\"WebPage\",\"@id\":\"https:\/\/www.bulldozair.com\/fr\/contactez-nous\/\",\"url\":\"https:\/\/www.bulldozair.com\/fr\/contactez-nous\/\",\"name\":\"Contactez-nous - Mezzoteam\",\"isPartOf\":{\"@id\":\"https:\/\/www.bulldozair.com\/#website\"},\"datePublished\":\"2021-01-06T14:43:06+00:00\",\"dateModified\":\"2026-03-26T10:50:39+00:00\",\"inLanguage\":\"fr-FR\",\"potentialAction\":[{\"@type\":\"ReadAction\",\"target\":[\"https:\/\/www.bulldozair.com\/fr\/contactez-nous\/\"]}]},{\"@type\":\"WebSite\",\"@id\":\"https:\/\/www.bulldozair.com\/#website\",\"url\":\"https:\/\/www.bulldozair.com\/\",\"name\":\"Mezzoteam\",\"description\":\"Construction project management software - Suivi de chantier\",\"potentialAction\":[{\"@type\":\"SearchAction\",\"target\":{\"@type\":\"EntryPoint\",\"urlTemplate\":\"https:\/\/www.bulldozair.com\/?s={search_term_string}\"},\"query-input\":\"required name=search_term_string\"}],\"inLanguage\":\"fr-FR\"}]}<\/script>\n<!-- \/ Yoast SEO plugin. -->","yoast_head_json":{"title":"Contactez-nous - Mezzoteam","robots":{"index":"index","follow":"follow","max-snippet":"max-snippet:-1","max-image-preview":"max-image-preview:large","max-video-preview":"max-video-preview:-1"},"canonical":"https:\/\/www.bulldozair.com\/fr\/contactez-nous\/","og_locale":"fr_FR","og_type":"article","og_title":"Contactez-nous - Mezzoteam","og_description":"Demandez une d\u00e9mo D\u00e9couvrez la plateforme Mezzoteam et ses trois modules FIELD, CDE et Finance. Contactez-nous pour en savoir plus. Une documentation compl\u00e8te Acc\u00e9dez \u00e0 notre centre d\u2019aide pour trouver toutes vos r\u00e9ponses sur l\u2019utilisation de Bulldozair, ou contactez notre support client.","og_url":"https:\/\/www.bulldozair.com\/fr\/contactez-nous\/","og_site_name":"Mezzoteam","article_modified_time":"2026-03-26T10:50:39+00:00","twitter_card":"summary_large_image","twitter_misc":{"Dur\u00e9e de lecture estim\u00e9e":"1 minute"},"schema":{"@context":"https:\/\/schema.org","@graph":[{"@type":"WebPage","@id":"https:\/\/www.bulldozair.com\/fr\/contactez-nous\/","url":"https:\/\/www.bulldozair.com\/fr\/contactez-nous\/","name":"Contactez-nous - Mezzoteam","isPartOf":{"@id":"https:\/\/www.bulldozair.com\/#website"},"datePublished":"2021-01-06T14:43:06+00:00","dateModified":"2026-03-26T10:50:39+00:00","inLanguage":"fr-FR","potentialAction":[{"@type":"ReadAction","target":["https:\/\/www.bulldozair.com\/fr\/contactez-nous\/"]}]},{"@type":"WebSite","@id":"https:\/\/www.bulldozair.com\/#website","url":"https:\/\/www.bulldozair.com\/","name":"Mezzoteam","description":"Construction project management software - Suivi de chantier","potentialAction":[{"@type":"SearchAction","target":{"@type":"EntryPoint","urlTemplate":"https:\/\/www.bulldozair.com\/?s={search_term_string}"},"query-input":"required name=search_term_string"}],"inLanguage":"fr-FR"}]}},"_links":{"self":[{"href":"https:\/\/www.bulldozair.com\/fr\/wp-json\/wp\/v2\/pages\/7977"}],"collection":[{"href":"https:\/\/www.bulldozair.com\/fr\/wp-json\/wp\/v2\/pages"}],"about":[{"href":"https:\/\/www.bulldozair.com\/fr\/wp-json\/wp\/v2\/types\/page"}],"author":[{"embeddable":true,"href":"https:\/\/www.bulldozair.com\/fr\/wp-json\/wp\/v2\/users\/2"}],"replies":[{"embeddable":true,"href":"https:\/\/www.bulldozair.com\/fr\/wp-json\/wp\/v2\/comments?post=7977"}],"version-history":[{"count":24,"href":"https:\/\/www.bulldozair.com\/fr\/wp-json\/wp\/v2\/pages\/7977\/revisions"}],"predecessor-version":[{"id":11034,"href":"https:\/\/www.bulldozair.com\/fr\/wp-json\/wp\/v2\/pages\/7977\/revisions\/11034"}],"wp:attachment":[{"href":"https:\/\/www.bulldozair.com\/fr\/wp-json\/wp\/v2\/media?parent=7977"}],"curies":[{"name":"wp","href":"https:\/\/api.w.org\/{rel}","templated":true}]}}