{"id":8117,"date":"2021-01-06T19:48:14","date_gmt":"2021-01-06T18:48:14","guid":{"rendered":"https:\/\/new.bulldozair.com\/?page_id=8117"},"modified":"2024-08-13T11:10:07","modified_gmt":"2024-08-13T09:10:07","slug":"le-recrutement","status":"publish","type":"page","link":"https:\/\/www.bulldozair.com\/fr\/le-recrutement\/","title":{"rendered":"Le recrutement"},"content":{"rendered":"\n<section \n  class=\"hero\" \n    style=\"background-image: url(https:\/\/www.bulldozair.com\/wp-content\/themes\/bulldozair\/assets\/img\/hero\/hero-illu-1.svg)\"\n    >\n  <div class=\"container\">\n    <div class=\"row\">\n\n              <div class=\"col col-md-9 col--center ft-center\">\n          <h1>\n                          <span>Rejoignez-nous<\/span>                      <\/h1>\n          \n\n<p>Nous sommes toujours \u00e0 la recherche de nouveaux talents<\/p>\n\n\n        <\/div>\n          <\/div>\n  <\/div>\n<\/section>\n\n\n\n<h2 class=\"wp-block-heading has-text-align-center\">Nos offres d&#8217;emploi<\/h2>\n\n\n\n<p class=\"has-text-align-center\">Si vous ne trouvez pas le job qui vous correspond, tentez tout de m\u00eame votre chance si nos valeurs vous correspondent !<\/p>\n\n\n\n<div class=\"mosaic  mosaic-3 mosaic-row-32 mosaic-col-32\">\n  \n\n<div class=\"card-formation card-formation--job \">\n  <div class=\"card-formation__body\">\n    <div class=\"card-formation__top\">\n      <span class=\"tag ft-up\">CDI<\/span>\n      <h4 class=\"mt-2 mb-1\">CONSULTANT CDE BIM <\/h4>\n\n            <p class=\"ft-secondary mb-2 c-secondary\"><i class=\"c-black icon icon-map-pin icon-15 mr-2\"><\/i>Gentilly (94) \u00e0 la Porte d&rsquo;Orl\u00e9ans<\/p>\n      \n      <p class=\"ft-secondary c-secondary\">Rattach\u00e9(e) au Directeur des Op\u00e9rations au sein d\u2019une \u00e9quipe de 12 personnes, vous aurez en charge les missions suivantes : Mise en \u0153uvre de nos solutions, d\u00e9veloppement de la relation client, d\u00e9veloppement produit (retour d\u2019exp\u00e9rience, ateliers produits, etc.), avant-vente (pr\u00e9sentation et chiffrage)&#8230;<\/p>\n    <\/div>\n\n          <a href=\"https:\/\/www.mezzoteam.fr\/consultant-cde-bim\/?utm_source=sitebulldo&#038;utm_medium=recrutement\" class=\"link  mt-2\" target=\"\"><span>En savoir plus<\/span><i class=\"icon icon-arrow-up-right ml-1\"><\/i><\/a>\n    \n  <\/div>\n<\/div>\n\n\n<div class=\"card-formation card-formation--job \">\n  <div class=\"card-formation__body\">\n    <div class=\"card-formation__top\">\n      <span class=\"tag ft-up\">CDI<\/span>\n      <h4 class=\"mt-2 mb-1\">INGENIEUR SYSTEME <\/h4>\n\n            <p class=\"ft-secondary mb-2 c-secondary\"><i class=\"c-black icon icon-map-pin icon-15 mr-2\"><\/i>Gentilly (94) \u00e0 la Porte d&rsquo;Orl\u00e9ans<\/p>\n      \n      <p class=\"ft-secondary c-secondary\">En tant que membre cl\u00e9 de l\u2019\u00e9quipe Infrastructure, vous travaillerez dans un environnement hautement collaboratif et dynamique. D\u00e9couvrez les missions vari\u00e9es  : \r\nle maintien en conditions op\u00e9rationnelles des serveurs et infrastructures r\u00e9seaux et applicatives (interne et Cloud Priv\u00e9),  la d\u00e9finition&#8230;<\/p>\n    <\/div>\n\n          <a href=\"https:\/\/www.mezzoteam.fr\/ingenieur-systemes\/?utm_source=sitebulldo&#038;utm_medium=recrutement\" class=\"link  mt-2\" target=\"\"><span>En savoir plus<\/span><i class=\"icon icon-arrow-up-right ml-1\"><\/i><\/a>\n    \n  <\/div>\n<\/div>\n\n<\/div>\n\n\n<div style=\"height:49px\" aria-hidden=\"true\" class=\"wp-block-spacer is-style-small\"><\/div>\n\n\n\n<div style=\"height:48px\" aria-hidden=\"true\" class=\"wp-block-spacer is-style-medium\"><\/div>\n\n\n\n<hr class=\"wp-block-separator has-css-opacity\"\/>\n\n\n\n<div style=\"height:48px\" aria-hidden=\"true\" class=\"wp-block-spacer is-style-medium\"><\/div>\n\n\n\n<h2 class=\"wp-block-heading has-text-align-center\">Nos valeurs<\/h2>\n\n\n\n<p class=\"has-text-align-center\">Notre \u00e9quipe est notre ressource la plus pr\u00e9cieuse. La diversit\u00e9, l\u2019int\u00e9grit\u00e9, la connaissance et la cr\u00e9ativit\u00e9 de chacun de nos collaborateurs constituent une richesse inestimable. On passe de bons moments, on s\u2019entraide au quotidien, et on travaille ensemble pour d\u00e9passer nos objectifs.<\/p>\n\n\n\n<p><\/p>\n\n\n\n<p class=\"wp-block-link  aligncenter\">\n  <a href=\"https:\/\/www.welcometothejungle.com\/fr\/companies\/bulldozair\/valeurs\" class=\"link\" target=\"_self\"><span>En savoir plus<\/span><i class=\"icon icon-chevron-right ml-1\"><\/i><\/a>\n<\/p>\n\n\n<ul class=\"values-labels \">\n    <li>Ambition<\/li>\n    <li>Ownership<\/li>\n    <li>Clarity &#038; transparency<\/li>\n    <li>Pragmatism<\/li>\n    <li>Empowerment<\/li>\n    <li>Empathy<\/li>\n  <\/ul>\n\n\n\n<div style=\"height:100px\" aria-hidden=\"true\" class=\"wp-block-spacer is-style-large\"><\/div>\n\n\n\n<div class=\"section-player\" data-url=\"https:\/\/youtu.be\/W8rKIjrgSGY\">\n  <div class=\"section-player__thumbnail\" style=\"background-image: url(https:\/\/www.bulldozair.com\/wp-content\/uploads\/2020\/11\/Bulldozair-founders-Ali-El-Hariri-Maxence-Le\u0301rigner-scaled.jpeg)\"><\/div>\n  <div class=\"btn-player__icon\">\n    <i class=\"icon-play\"><\/i>\n  <\/div>\n  <div class=\"player\"><\/div>\n<\/div>\n\n\n<div style=\"height:100px\" aria-hidden=\"true\" class=\"wp-block-spacer is-style-large\"><\/div>\n\n\n\n<div class=\"wp-block-columns is-layout-flex wp-container-core-columns-layout-1 wp-block-columns-is-layout-flex\">\n<div class=\"wp-block-column is-layout-flow wp-block-column-is-layout-flow\">\n<figure class=\"wp-block-image size-large is-style-default\"><img loading=\"lazy\" decoding=\"async\" width=\"1024\" height=\"683\" src=\"https:\/\/www.bulldozair.com\/wp-content\/uploads\/2020\/11\/BULLDOZAIR-18-1024x683.jpg\" alt=\"\" class=\"wp-image-6452\" srcset=\"https:\/\/www.bulldozair.com\/wp-content\/uploads\/2020\/11\/BULLDOZAIR-18-1024x683.jpg 1024w, https:\/\/www.bulldozair.com\/wp-content\/uploads\/2020\/11\/BULLDOZAIR-18-720x480.jpg 720w, https:\/\/www.bulldozair.com\/wp-content\/uploads\/2020\/11\/BULLDOZAIR-18-768x512.jpg 768w, https:\/\/www.bulldozair.com\/wp-content\/uploads\/2020\/11\/BULLDOZAIR-18-1536x1024.jpg 1536w, https:\/\/www.bulldozair.com\/wp-content\/uploads\/2020\/11\/BULLDOZAIR-18-2048x1365.jpg 2048w\" sizes=\"(max-width: 1024px) 100vw, 1024px\" \/><\/figure>\n<\/div>\n\n\n\n<div class=\"wp-block-column is-vertically-aligned-center is-layout-flow wp-block-column-is-layout-flow\">\n<h2 class=\"wp-block-heading\">Les avantages de travailler chez Bulldozair<\/h2>\n\n\n\n<p>Nous faisons confiance \u00e0 nos collaborateurs qui ont tout le loisir d\u2019\u00eatre force de proposition, dans une ambiance chaleureuse et travailleuse. L\u2019objectif ? Vous faire avancer en m\u00eame temps que Bulldozair.<\/p>\n\n\n\n<p class=\"wp-block-link \">\n  <a href=\"#\" class=\"link\" target=\"_self\"><span>Voir nos offres d\u2019emploi<\/span><i class=\"icon icon-chevron-right ml-1\"><\/i><\/a>\n<\/p><\/div>\n<\/div>\n\n\n\n<div style=\"height:100px\" aria-hidden=\"true\" class=\"wp-block-spacer is-style-medium\"><\/div>\n\n\n\n<h2 class=\"wp-block-heading has-text-align-center\">Ce que disent nos collaborateurs<\/h2>\n\n\n\n<div style=\"height:100px\" aria-hidden=\"true\" class=\"wp-block-spacer is-style-small\"><\/div>\n\n\n\n<div class=\"mosaic  mosaic-row-32 mosaic-col-32\">\n  \n\n<blockquote class=\"card-collaborator\">\n  <div class=\"card-collaborator__body\">\n    <div class=\"card-collaborator__top mb-3\">\n      <p class=\"card-collaborator__desc ft-500 ft-heading mb-0\">Je ne sais pas quel est l\u2019aspect le plus attrayant du travail chez Bulldozair : am\u00e9liorer la vie quotidienne de milliers de travailleurs, ou partager des aventures incroyables avec la meilleure \u00e9quipe que l\u2019on puisse imaginer. Travailler dur, profiter encore plus dur, bienvenue chez BulldozAIR.<\/p>\n    <\/div>\n    <div class=\"card-collaborator__bottom\">\n            <div class=\"img-circle img-circle--56 mr-3\">\n          <img loading=\"lazy\" decoding=\"async\" width=\"56\" height=\"56\" src=\"https:\/\/www.bulldozair.com\/wp-content\/uploads\/2020\/11\/Thibaud-e1605264586674.png\" class=\"attachment-56x56 size-56x56\" alt=\"\" \/>      <\/div>\n            <div class=\"card-collaborator__author\">\n        <p class=\"ft-primary ft-heading ft-600 ft-truncat mb-0\">Thibaud<\/p>\n        <p class=\"ft-secondary c-secondary mb-0\">Lead Software Developer<\/p>\n      <\/div>\n    <\/div>\n  <\/div>\n<\/blockquote>\n\n\n<blockquote class=\"card-collaborator\">\n  <div class=\"card-collaborator__body\">\n    <div class=\"card-collaborator__top mb-3\">\n      <p class=\"card-collaborator__desc ft-500 ft-heading mb-0\">BulldozAIR est tout simplement la meilleure exp\u00e9rience professionnelle de ma carri\u00e8re : une atmosph\u00e8re conviviale dans un environnement extr\u00eamement dynamique o\u00f9 les prises d\u2019initiatives et la cr\u00e9ativit\u00e9 sont vivement encourag\u00e9es.<\/p>\n    <\/div>\n    <div class=\"card-collaborator__bottom\">\n            <div class=\"img-circle img-circle--56 mr-3\">\n          <img loading=\"lazy\" decoding=\"async\" width=\"56\" height=\"56\" src=\"https:\/\/www.bulldozair.com\/wp-content\/uploads\/2020\/11\/Gaelle-e1605264645388.png\" class=\"attachment-56x56 size-56x56\" alt=\"\" \/>      <\/div>\n            <div class=\"card-collaborator__author\">\n        <p class=\"ft-primary ft-heading ft-600 ft-truncat mb-0\">Gaelle<\/p>\n        <p class=\"ft-secondary c-secondary mb-0\">Account Manager<\/p>\n      <\/div>\n    <\/div>\n  <\/div>\n<\/blockquote>\n\n\n<blockquote class=\"card-collaborator\">\n  <div class=\"card-collaborator__body\">\n    <div class=\"card-collaborator__top mb-3\">\n      <p class=\"card-collaborator__desc ft-500 ft-heading mb-0\">J\u2019ai \u00e9t\u00e9 \u00e9poustoufl\u00e9 par les opportunit\u00e9s de croissance chez BulldozAIR, qu\u2019elles soient d\u2019un point de vue technique, cr\u00e9atif et personnel. Concili\u00e9es avec l\u2019ambiance unique qui y r\u00e8gne, on s\u2019y sent chez soi.<\/p>\n    <\/div>\n    <div class=\"card-collaborator__bottom\">\n            <div class=\"img-circle img-circle--56 mr-3\">\n          <img loading=\"lazy\" decoding=\"async\" width=\"56\" height=\"56\" src=\"https:\/\/www.bulldozair.com\/wp-content\/uploads\/2020\/11\/Nicolas-e1605264708567.png\" class=\"attachment-56x56 size-56x56\" alt=\"\" \/>      <\/div>\n            <div class=\"card-collaborator__author\">\n        <p class=\"ft-primary ft-heading ft-600 ft-truncat mb-0\">Nicolas<\/p>\n        <p class=\"ft-secondary c-secondary mb-0\">Custom Success Manager<\/p>\n      <\/div>\n    <\/div>\n  <\/div>\n<\/blockquote>\n\n<\/div>","protected":false},"excerpt":{"rendered":"<p>Nos offres d&#8217;emploi Si vous ne trouvez pas le job qui vous correspond, tentez tout de m\u00eame votre chance si nos valeurs vous correspondent ! Nos valeurs Notre \u00e9quipe est notre ressource la plus pr\u00e9cieuse. La diversit\u00e9, l\u2019int\u00e9grit\u00e9, la connaissance et la cr\u00e9ativit\u00e9 de chacun de nos collaborateurs constituent une richesse inestimable. On passe de [&hellip;]<\/p>\n","protected":false},"author":2,"featured_media":0,"parent":0,"menu_order":0,"comment_status":"closed","ping_status":"closed","template":"","meta":{"content-type":"","footnotes":""},"acf":[],"yoast_head":"<!-- This site is optimized with the Yoast SEO plugin v21.8 - https:\/\/yoast.com\/wordpress\/plugins\/seo\/ -->\n<title>Le recrutement - Mezzoteam<\/title>\n<meta name=\"robots\" content=\"index, follow, max-snippet:-1, max-image-preview:large, max-video-preview:-1\" \/>\n<link rel=\"canonical\" href=\"https:\/\/www.bulldozair.com\/fr\/le-recrutement\/\" \/>\n<meta property=\"og:locale\" content=\"fr_FR\" \/>\n<meta property=\"og:type\" content=\"article\" \/>\n<meta property=\"og:title\" content=\"Le recrutement - Mezzoteam\" \/>\n<meta property=\"og:description\" content=\"Nos offres d&#8217;emploi Si vous ne trouvez pas le job qui vous correspond, tentez tout de m\u00eame votre chance si nos valeurs vous correspondent ! Nos valeurs Notre \u00e9quipe est notre ressource la plus pr\u00e9cieuse. La diversit\u00e9, l\u2019int\u00e9grit\u00e9, la connaissance et la cr\u00e9ativit\u00e9 de chacun de nos collaborateurs constituent une richesse inestimable. On passe de [&hellip;]\" \/>\n<meta property=\"og:url\" content=\"https:\/\/www.bulldozair.com\/fr\/le-recrutement\/\" \/>\n<meta property=\"og:site_name\" content=\"Mezzoteam\" \/>\n<meta property=\"article:modified_time\" content=\"2024-08-13T09:10:07+00:00\" \/>\n<meta property=\"og:image\" content=\"https:\/\/www.bulldozair.com\/wp-content\/uploads\/2020\/11\/BULLDOZAIR-18-1024x683.jpg\" \/>\n<meta name=\"twitter:card\" content=\"summary_large_image\" \/>\n<meta name=\"twitter:label1\" content=\"Dur\u00e9e de lecture estim\u00e9e\" \/>\n\t<meta name=\"twitter:data1\" content=\"1 minute\" \/>\n<script type=\"application\/ld+json\" class=\"yoast-schema-graph\">{\"@context\":\"https:\/\/schema.org\",\"@graph\":[{\"@type\":\"WebPage\",\"@id\":\"https:\/\/www.bulldozair.com\/fr\/le-recrutement\/\",\"url\":\"https:\/\/www.bulldozair.com\/fr\/le-recrutement\/\",\"name\":\"Le recrutement - Mezzoteam\",\"isPartOf\":{\"@id\":\"https:\/\/www.bulldozair.com\/#website\"},\"datePublished\":\"2021-01-06T18:48:14+00:00\",\"dateModified\":\"2024-08-13T09:10:07+00:00\",\"inLanguage\":\"fr-FR\",\"potentialAction\":[{\"@type\":\"ReadAction\",\"target\":[\"https:\/\/www.bulldozair.com\/fr\/le-recrutement\/\"]}]},{\"@type\":\"WebSite\",\"@id\":\"https:\/\/www.bulldozair.com\/#website\",\"url\":\"https:\/\/www.bulldozair.com\/\",\"name\":\"Mezzoteam\",\"description\":\"Construction project management software - Suivi de chantier\",\"potentialAction\":[{\"@type\":\"SearchAction\",\"target\":{\"@type\":\"EntryPoint\",\"urlTemplate\":\"https:\/\/www.bulldozair.com\/?s={search_term_string}\"},\"query-input\":\"required name=search_term_string\"}],\"inLanguage\":\"fr-FR\"}]}<\/script>\n<!-- \/ Yoast SEO plugin. -->","yoast_head_json":{"title":"Le recrutement - Mezzoteam","robots":{"index":"index","follow":"follow","max-snippet":"max-snippet:-1","max-image-preview":"max-image-preview:large","max-video-preview":"max-video-preview:-1"},"canonical":"https:\/\/www.bulldozair.com\/fr\/le-recrutement\/","og_locale":"fr_FR","og_type":"article","og_title":"Le recrutement - Mezzoteam","og_description":"Nos offres d&#8217;emploi Si vous ne trouvez pas le job qui vous correspond, tentez tout de m\u00eame votre chance si nos valeurs vous correspondent ! Nos valeurs Notre \u00e9quipe est notre ressource la plus pr\u00e9cieuse. La diversit\u00e9, l\u2019int\u00e9grit\u00e9, la connaissance et la cr\u00e9ativit\u00e9 de chacun de nos collaborateurs constituent une richesse inestimable. On passe de [&hellip;]","og_url":"https:\/\/www.bulldozair.com\/fr\/le-recrutement\/","og_site_name":"Mezzoteam","article_modified_time":"2024-08-13T09:10:07+00:00","og_image":[{"url":"https:\/\/www.bulldozair.com\/wp-content\/uploads\/2020\/11\/BULLDOZAIR-18-1024x683.jpg"}],"twitter_card":"summary_large_image","twitter_misc":{"Dur\u00e9e de lecture estim\u00e9e":"1 minute"},"schema":{"@context":"https:\/\/schema.org","@graph":[{"@type":"WebPage","@id":"https:\/\/www.bulldozair.com\/fr\/le-recrutement\/","url":"https:\/\/www.bulldozair.com\/fr\/le-recrutement\/","name":"Le recrutement - Mezzoteam","isPartOf":{"@id":"https:\/\/www.bulldozair.com\/#website"},"datePublished":"2021-01-06T18:48:14+00:00","dateModified":"2024-08-13T09:10:07+00:00","inLanguage":"fr-FR","potentialAction":[{"@type":"ReadAction","target":["https:\/\/www.bulldozair.com\/fr\/le-recrutement\/"]}]},{"@type":"WebSite","@id":"https:\/\/www.bulldozair.com\/#website","url":"https:\/\/www.bulldozair.com\/","name":"Mezzoteam","description":"Construction project management software - Suivi de chantier","potentialAction":[{"@type":"SearchAction","target":{"@type":"EntryPoint","urlTemplate":"https:\/\/www.bulldozair.com\/?s={search_term_string}"},"query-input":"required name=search_term_string"}],"inLanguage":"fr-FR"}]}},"_links":{"self":[{"href":"https:\/\/www.bulldozair.com\/fr\/wp-json\/wp\/v2\/pages\/8117"}],"collection":[{"href":"https:\/\/www.bulldozair.com\/fr\/wp-json\/wp\/v2\/pages"}],"about":[{"href":"https:\/\/www.bulldozair.com\/fr\/wp-json\/wp\/v2\/types\/page"}],"author":[{"embeddable":true,"href":"https:\/\/www.bulldozair.com\/fr\/wp-json\/wp\/v2\/users\/2"}],"replies":[{"embeddable":true,"href":"https:\/\/www.bulldozair.com\/fr\/wp-json\/wp\/v2\/comments?post=8117"}],"version-history":[{"count":19,"href":"https:\/\/www.bulldozair.com\/fr\/wp-json\/wp\/v2\/pages\/8117\/revisions"}],"predecessor-version":[{"id":10884,"href":"https:\/\/www.bulldozair.com\/fr\/wp-json\/wp\/v2\/pages\/8117\/revisions\/10884"}],"wp:attachment":[{"href":"https:\/\/www.bulldozair.com\/fr\/wp-json\/wp\/v2\/media?parent=8117"}],"curies":[{"name":"wp","href":"https:\/\/api.w.org\/{rel}","templated":true}]}}